{"id":1672,"date":"2017-03-21T16:47:42","date_gmt":"2017-03-21T14:47:42","guid":{"rendered":"https:\/\/www.saxsim.ee\/swp\/toode\/feather-blade-regular-type-ex-10-tk\/"},"modified":"2025-07-10T10:13:58","modified_gmt":"2025-07-10T07:13:58","slug":"feather-blade-regular-type-ex-10-tk","status":"publish","type":"product","link":"https:\/\/saxsim.ee\/swp\/product\/feather-blade-regular-type-ex-10-tk\/","title":{"rendered":"Feather Blade Regular Type Ex 10 tk. &#8211; \u017eiletiterad"},"content":{"rendered":"<p>Originaalsete Feather Blade\u00a0\u017eiletiterade\u00a0t\u00e4iustatud versioon.<\/p>\n<p>Feather Blade \u017eiletitera l\u00f5ikab \u00fche t\u00f5mbega 70%.<\/p>\n<p>Feather Blade originaalsed\u00a0\u017eiletiterad v\u00f5ivad sobida ka teistele l\u00f5ikusnugadele.<\/p>\n<p>&nbsp;<\/p>\n","protected":false},"excerpt":{"rendered":"<p>Originaalsete Feather Blade\u00a0\u017eiletiterade\u00a0t\u00e4iustatud versioon. Feather Blade \u017eiletitera l\u00f5ikab \u00fche t\u00f5mbega 70%. Feather Blade originaalsed\u00a0\u017eiletiterad v\u00f5ivad sobida ka teistele l\u00f5ikusnugadele. &nbsp;<\/p>\n","protected":false},"featured_media":1673,"comment_status":"closed","ping_status":"closed","template":"","meta":[],"product_cat":[707,401,337,278],"product_tag":[],"class_list":{"0":"post-1672","1":"product","2":"type-product","3":"status-publish","4":"has-post-thumbnail","6":"product_cat-feather","7":"product_cat-juuksuri-tarvikud","8":"product_cat-loikusnoad-ja-noaterad","9":"product_cat-varuosad","11":"first","12":"instock","13":"taxable","14":"shipping-taxable","15":"purchasable","16":"product-type-simple"},"_links":{"self":[{"href":"https:\/\/saxsim.ee\/swp\/wp-json\/wp\/v2\/product\/1672"}],"collection":[{"href":"https:\/\/saxsim.ee\/swp\/wp-json\/wp\/v2\/product"}],"about":[{"href":"https:\/\/saxsim.ee\/swp\/wp-json\/wp\/v2\/types\/product"}],"replies":[{"embeddable":true,"href":"https:\/\/saxsim.ee\/swp\/wp-json\/wp\/v2\/comments?post=1672"}],"wp:featuredmedia":[{"embeddable":true,"href":"https:\/\/saxsim.ee\/swp\/wp-json\/wp\/v2\/media\/1673"}],"wp:attachment":[{"href":"https:\/\/saxsim.ee\/swp\/wp-json\/wp\/v2\/media?parent=1672"}],"wp:term":[{"taxonomy":"product_cat","embeddable":true,"href":"https:\/\/saxsim.ee\/swp\/wp-json\/wp\/v2\/product_cat?post=1672"},{"taxonomy":"product_tag","embeddable":true,"href":"https:\/\/saxsim.ee\/swp\/wp-json\/wp\/v2\/product_tag?post=1672"}],"curies":[{"name":"wp","href":"https:\/\/api.w.org\/{rel}","templated":true}]}}