{"id":1670,"date":"2017-03-21T16:40:02","date_gmt":"2017-03-21T14:40:02","guid":{"rendered":"https:\/\/www.saxsim.ee\/swp\/toode\/styling-razor-with-10-blades\/"},"modified":"2024-02-04T10:39:13","modified_gmt":"2024-02-04T08:39:13","slug":"styling-razor-with-10-blades","status":"publish","type":"product","link":"https:\/\/saxsim.ee\/swp\/product\/styling-razor-with-10-blades\/","title":{"rendered":"Styling Razor with 10 Blades &#8211; l\u00f5ikusnuga"},"content":{"rendered":"<p>L\u00f5ikusnuga ( l\u00f5ikusnuga\u00a0FEATHER analoog ) + 10 \u017eiletitera.<\/p>\n<p>L\u00f5ikusnoale sobivad originaalsed\u00a0FEATHER\u00a0\u017eiletiterad.<\/p>\n<p>\u017diletiterad on eraldi m\u00fc\u00fcgis.<\/p>\n<p>&nbsp;<\/p>\n","protected":false},"excerpt":{"rendered":"<p>L\u00f5ikusnuga ( l\u00f5ikusnuga\u00a0FEATHER analoog ) + 10 \u017eiletitera. L\u00f5ikusnoale sobivad originaalsed\u00a0FEATHER\u00a0\u017eiletiterad. \u017diletiterad on eraldi m\u00fc\u00fcgis. &nbsp;<\/p>\n","protected":false},"featured_media":1671,"comment_status":"closed","ping_status":"closed","template":"","meta":[],"product_cat":[401,337],"product_tag":[],"class_list":{"0":"post-1670","1":"product","2":"type-product","3":"status-publish","4":"has-post-thumbnail","6":"product_cat-juuksuri-tarvikud","7":"product_cat-loikusnoad-ja-noaterad","9":"first","10":"instock","11":"taxable","12":"shipping-taxable","13":"purchasable","14":"product-type-simple"},"_links":{"self":[{"href":"https:\/\/saxsim.ee\/swp\/wp-json\/wp\/v2\/product\/1670"}],"collection":[{"href":"https:\/\/saxsim.ee\/swp\/wp-json\/wp\/v2\/product"}],"about":[{"href":"https:\/\/saxsim.ee\/swp\/wp-json\/wp\/v2\/types\/product"}],"replies":[{"embeddable":true,"href":"https:\/\/saxsim.ee\/swp\/wp-json\/wp\/v2\/comments?post=1670"}],"wp:featuredmedia":[{"embeddable":true,"href":"https:\/\/saxsim.ee\/swp\/wp-json\/wp\/v2\/media\/1671"}],"wp:attachment":[{"href":"https:\/\/saxsim.ee\/swp\/wp-json\/wp\/v2\/media?parent=1670"}],"wp:term":[{"taxonomy":"product_cat","embeddable":true,"href":"https:\/\/saxsim.ee\/swp\/wp-json\/wp\/v2\/product_cat?post=1670"},{"taxonomy":"product_tag","embeddable":true,"href":"https:\/\/saxsim.ee\/swp\/wp-json\/wp\/v2\/product_tag?post=1670"}],"curies":[{"name":"wp","href":"https:\/\/api.w.org\/{rel}","templated":true}]}}