{"id":1665,"date":"2017-03-21T16:16:15","date_gmt":"2017-03-21T14:16:15","guid":{"rendered":"https:\/\/www.saxsim.ee\/swp\/toode\/two-in-one-razor-juukseloikusnuga\/"},"modified":"2024-02-04T10:35:43","modified_gmt":"2024-02-04T08:35:43","slug":"two-in-one-razor-juukseloikusnuga","status":"publish","type":"product","link":"https:\/\/saxsim.ee\/swp\/product\/two-in-one-razor-juukseloikusnuga\/","title":{"rendered":"Two in One Razor &#8211; juuksel\u00f5ikusnuga"},"content":{"rendered":"<p>Two in One Razor k\u00e4ep\u00e4rane nuga, millega on mugav teha erinevaid l\u00f5ikusi.\u00a0Two in One Razor noale sobivad spetsiaalsed \u017eiletiterad, mida saab tera otsas olevale s\u00fcvendile vajutates kasutada teist korda uuesti.<\/p>\n<p>NB! \u017diletiterad ei kuulu komplekti.<\/p>\n<p>\u017diletiterad on eraldi m\u00fc\u00fcgis.<\/p>\n<p>&nbsp;<\/p>\n","protected":false},"excerpt":{"rendered":"<p>Two in One Razor k\u00e4ep\u00e4rane nuga, millega on mugav teha erinevaid l\u00f5ikusi.\u00a0Two in One Razor noale sobivad spetsiaalsed \u017eiletiterad, mida saab tera otsas olevale s\u00fcvendile vajutates kasutada teist korda uuesti. NB! \u017diletiterad ei kuulu komplekti. \u017diletiterad on eraldi m\u00fc\u00fcgis. &nbsp;<\/p>\n","protected":false},"featured_media":1666,"comment_status":"closed","ping_status":"closed","template":"","meta":[],"product_cat":[401,337],"product_tag":[],"class_list":{"0":"post-1665","1":"product","2":"type-product","3":"status-publish","4":"has-post-thumbnail","6":"product_cat-juuksuri-tarvikud","7":"product_cat-loikusnoad-ja-noaterad","9":"first","10":"instock","11":"taxable","12":"shipping-taxable","13":"purchasable","14":"product-type-simple"},"_links":{"self":[{"href":"https:\/\/saxsim.ee\/swp\/wp-json\/wp\/v2\/product\/1665"}],"collection":[{"href":"https:\/\/saxsim.ee\/swp\/wp-json\/wp\/v2\/product"}],"about":[{"href":"https:\/\/saxsim.ee\/swp\/wp-json\/wp\/v2\/types\/product"}],"replies":[{"embeddable":true,"href":"https:\/\/saxsim.ee\/swp\/wp-json\/wp\/v2\/comments?post=1665"}],"wp:featuredmedia":[{"embeddable":true,"href":"https:\/\/saxsim.ee\/swp\/wp-json\/wp\/v2\/media\/1666"}],"wp:attachment":[{"href":"https:\/\/saxsim.ee\/swp\/wp-json\/wp\/v2\/media?parent=1665"}],"wp:term":[{"taxonomy":"product_cat","embeddable":true,"href":"https:\/\/saxsim.ee\/swp\/wp-json\/wp\/v2\/product_cat?post=1665"},{"taxonomy":"product_tag","embeddable":true,"href":"https:\/\/saxsim.ee\/swp\/wp-json\/wp\/v2\/product_tag?post=1665"}],"curies":[{"name":"wp","href":"https:\/\/api.w.org\/{rel}","templated":true}]}}