{"id":1664,"date":"2017-03-21T16:07:14","date_gmt":"2017-03-21T14:07:14","guid":{"rendered":"https:\/\/www.saxsim.ee\/swp\/toode\/loikusnoa-pikad-ziletiterad-10-tk\/"},"modified":"2024-02-04T10:33:31","modified_gmt":"2024-02-04T08:33:31","slug":"loikusnoa-pikad-ziletiterad-10-tk","status":"publish","type":"product","link":"https:\/\/saxsim.ee\/swp\/product\/loikusnoa-pikad-ziletiterad-10-tk\/","title":{"rendered":"L\u00f5ikusnoa Pikad \u017diletiterad 10 tk."},"content":{"rendered":"<p>\u017diletiterad tuleb murda pooleks.<\/p>\n<p>&nbsp;<\/p>\n<p>&nbsp;<\/p>\n","protected":false},"excerpt":{"rendered":"<p>\u017diletiterad tuleb murda pooleks. &nbsp; &nbsp;<\/p>\n","protected":false},"featured_media":1663,"comment_status":"closed","ping_status":"closed","template":"","meta":[],"product_cat":[401,337,278],"product_tag":[],"class_list":{"0":"post-1664","1":"product","2":"type-product","3":"status-publish","4":"has-post-thumbnail","6":"product_cat-juuksuri-tarvikud","7":"product_cat-loikusnoad-ja-noaterad","8":"product_cat-varuosad","10":"first","11":"instock","12":"taxable","13":"shipping-taxable","14":"purchasable","15":"product-type-simple"},"_links":{"self":[{"href":"https:\/\/saxsim.ee\/swp\/wp-json\/wp\/v2\/product\/1664"}],"collection":[{"href":"https:\/\/saxsim.ee\/swp\/wp-json\/wp\/v2\/product"}],"about":[{"href":"https:\/\/saxsim.ee\/swp\/wp-json\/wp\/v2\/types\/product"}],"replies":[{"embeddable":true,"href":"https:\/\/saxsim.ee\/swp\/wp-json\/wp\/v2\/comments?post=1664"}],"wp:featuredmedia":[{"embeddable":true,"href":"https:\/\/saxsim.ee\/swp\/wp-json\/wp\/v2\/media\/1663"}],"wp:attachment":[{"href":"https:\/\/saxsim.ee\/swp\/wp-json\/wp\/v2\/media?parent=1664"}],"wp:term":[{"taxonomy":"product_cat","embeddable":true,"href":"https:\/\/saxsim.ee\/swp\/wp-json\/wp\/v2\/product_cat?post=1664"},{"taxonomy":"product_tag","embeddable":true,"href":"https:\/\/saxsim.ee\/swp\/wp-json\/wp\/v2\/product_tag?post=1664"}],"curies":[{"name":"wp","href":"https:\/\/api.w.org\/{rel}","templated":true}]}}