{"id":1659,"date":"2017-03-21T15:44:20","date_gmt":"2017-03-21T13:44:20","guid":{"rendered":"https:\/\/www.saxsim.ee\/swp\/?post_type=product&#038;p=1659"},"modified":"2024-02-04T10:30:33","modified_gmt":"2024-02-04T08:30:33","slug":"shaving-knife-safety","status":"publish","type":"product","link":"https:\/\/saxsim.ee\/swp\/product\/shaving-knife-safety\/","title":{"rendered":"Shaving Knife Safety &#8211; l\u00f5ikusnuga"},"content":{"rendered":"<p>Lahtik\u00e4iv juuksel\u00f5ikusnuga + 10 \u017eiletitera.<\/p>\n<p>\u017diletiterad tuleb murda pooleks.<\/p>\n<p>\u017diletiterad on eraldi m\u00fc\u00fcgis.<\/p>\n<p>&nbsp;<\/p>\n","protected":false},"excerpt":{"rendered":"<p>Lahtik\u00e4iv juuksel\u00f5ikusnuga + 10 \u017eiletitera. \u017diletiterad tuleb murda pooleks. \u017diletiterad on eraldi m\u00fc\u00fcgis. &nbsp;<\/p>\n","protected":false},"featured_media":1660,"comment_status":"closed","ping_status":"closed","template":"","meta":[],"product_cat":[401,337],"product_tag":[],"class_list":{"0":"post-1659","1":"product","2":"type-product","3":"status-publish","4":"has-post-thumbnail","6":"product_cat-juuksuri-tarvikud","7":"product_cat-loikusnoad-ja-noaterad","9":"first","10":"instock","11":"taxable","12":"shipping-taxable","13":"purchasable","14":"product-type-simple"},"_links":{"self":[{"href":"https:\/\/saxsim.ee\/swp\/wp-json\/wp\/v2\/product\/1659"}],"collection":[{"href":"https:\/\/saxsim.ee\/swp\/wp-json\/wp\/v2\/product"}],"about":[{"href":"https:\/\/saxsim.ee\/swp\/wp-json\/wp\/v2\/types\/product"}],"replies":[{"embeddable":true,"href":"https:\/\/saxsim.ee\/swp\/wp-json\/wp\/v2\/comments?post=1659"}],"wp:featuredmedia":[{"embeddable":true,"href":"https:\/\/saxsim.ee\/swp\/wp-json\/wp\/v2\/media\/1660"}],"wp:attachment":[{"href":"https:\/\/saxsim.ee\/swp\/wp-json\/wp\/v2\/media?parent=1659"}],"wp:term":[{"taxonomy":"product_cat","embeddable":true,"href":"https:\/\/saxsim.ee\/swp\/wp-json\/wp\/v2\/product_cat?post=1659"},{"taxonomy":"product_tag","embeddable":true,"href":"https:\/\/saxsim.ee\/swp\/wp-json\/wp\/v2\/product_tag?post=1659"}],"curies":[{"name":"wp","href":"https:\/\/api.w.org\/{rel}","templated":true}]}}