{"id":1657,"date":"2017-03-20T22:14:13","date_gmt":"2017-03-20T20:14:13","guid":{"rendered":"https:\/\/www.saxsim.ee\/swp\/toode\/joewell-finger-ring-1-tk\/"},"modified":"2019-01-19T22:49:20","modified_gmt":"2019-01-19T20:49:20","slug":"joewell-finger-ring-1-tk","status":"publish","type":"product","link":"https:\/\/saxsim.ee\/swp\/product\/joewell-finger-ring-1-tk\/","title":{"rendered":"Joewell Finger Ring 1 tk. &#8211; k\u00e4\u00e4ride s\u00f5rmer\u00f5ngas"},"content":{"rendered":"<p>Joewell s\u00f5rmer\u00f5ngas. Sobib k\u00f5ikidele Joewell k\u00e4\u00e4ridele, millel on regulaarse suurusega s\u00f5rmeaugud.<\/p>\n","protected":false},"excerpt":{"rendered":"<p>Joewell s\u00f5rmer\u00f5ngas. Sobib k\u00f5ikidele Joewell k\u00e4\u00e4ridele, millel on regulaarse suurusega s\u00f5rmeaugud.<\/p>\n","protected":false},"featured_media":1658,"comment_status":"closed","ping_status":"closed","template":"","meta":[],"product_cat":[703,401,174,276,277,278],"product_tag":[],"class_list":{"0":"post-1657","1":"product","2":"type-product","3":"status-publish","4":"has-post-thumbnail","6":"product_cat-joewell","7":"product_cat-juuksuri-tarvikud","8":"product_cat-kaarid","9":"product_cat-loikuskaarid","10":"product_cat-fileerkaarid","11":"product_cat-varuosad","13":"first","14":"instock","15":"taxable","16":"shipping-taxable","17":"purchasable","18":"product-type-simple"},"_links":{"self":[{"href":"https:\/\/saxsim.ee\/swp\/wp-json\/wp\/v2\/product\/1657"}],"collection":[{"href":"https:\/\/saxsim.ee\/swp\/wp-json\/wp\/v2\/product"}],"about":[{"href":"https:\/\/saxsim.ee\/swp\/wp-json\/wp\/v2\/types\/product"}],"replies":[{"embeddable":true,"href":"https:\/\/saxsim.ee\/swp\/wp-json\/wp\/v2\/comments?post=1657"}],"wp:featuredmedia":[{"embeddable":true,"href":"https:\/\/saxsim.ee\/swp\/wp-json\/wp\/v2\/media\/1658"}],"wp:attachment":[{"href":"https:\/\/saxsim.ee\/swp\/wp-json\/wp\/v2\/media?parent=1657"}],"wp:term":[{"taxonomy":"product_cat","embeddable":true,"href":"https:\/\/saxsim.ee\/swp\/wp-json\/wp\/v2\/product_cat?post=1657"},{"taxonomy":"product_tag","embeddable":true,"href":"https:\/\/saxsim.ee\/swp\/wp-json\/wp\/v2\/product_tag?post=1657"}],"curies":[{"name":"wp","href":"https:\/\/api.w.org\/{rel}","templated":true}]}}