{"id":1648,"date":"2017-03-20T21:48:46","date_gmt":"2017-03-20T19:48:46","guid":{"rendered":"https:\/\/www.saxsim.ee\/swp\/toode\/rose-line-lefty-50-vasakukaelistele\/"},"modified":"2019-02-15T11:29:36","modified_gmt":"2019-02-15T09:29:36","slug":"rose-line-lefty-50-vasakukaelistele","status":"publish","type":"product","link":"https:\/\/saxsim.ee\/swp\/product\/rose-line-lefty-50-vasakukaelistele\/","title":{"rendered":"Rose Line Lefty 5,0&#8243; &#8211; vasakuk\u00e4eliste l\u00f5ikusk\u00e4\u00e4rid"},"content":{"rendered":"<p>Saksa kvaliteediga, karastatud roostevabast terasest l\u00f5ikusk\u00e4\u00e4rid, millel on satiinviimistlusega mikro-sakkidega l\u00f5ikusterad.<\/p>\n<p><strong>Eelised:<\/strong>\u00a0k\u00f5rge kulude-tulude suhe, mikro-sakkidega l\u00f5ikustera<br \/>\n<strong>Materjal:<\/strong>\u00a0karastatud roostevaba teras<br \/>\n<strong>Disainielemendid:<\/strong><br \/>\nmikro-sakkidega l\u00f5ikustera<br \/>\ns\u00fcmmeetrilise kujuga<br \/>\neemaldatav s\u00f5rmetugi<\/p>\n<p><strong>lisatud:<\/strong><br \/>\ns\u00f5rmer\u00f5ngad &#8211; 2 tk.<\/p>\n<p>Tootja: K.-R. Witte GmbH &amp; Co. KG, Solingen, Germany<\/p>\n<p>&nbsp;<\/p>\n","protected":false},"excerpt":{"rendered":"<p>Saksa kvaliteediga, karastatud roostevabast terasest l\u00f5ikusk\u00e4\u00e4rid, millel on satiinviimistlusega mikro-sakkidega l\u00f5ikusterad. Eelised:\u00a0k\u00f5rge kulude-tulude suhe, mikro-sakkidega l\u00f5ikustera Materjal:\u00a0karastatud roostevaba teras Disainielemendid: mikro-sakkidega l\u00f5ikustera s\u00fcmmeetrilise kujuga eemaldatav s\u00f5rmetugi lisatud: s\u00f5rmer\u00f5ngad &#8211; 2 tk. Tootja: K.-R. Witte GmbH &amp; Co. KG, Solingen, Germany &nbsp;<\/p>\n","protected":false},"featured_media":1649,"comment_status":"closed","ping_status":"closed","template":"","meta":[],"product_cat":[704,401,276,740],"product_tag":[],"class_list":{"0":"post-1648","1":"product","2":"type-product","3":"status-publish","4":"has-post-thumbnail","6":"product_cat-rose-line","7":"product_cat-juuksuri-tarvikud","8":"product_cat-loikuskaarid","9":"product_cat-vasakukaeliste-kaarid","11":"first","12":"instock","13":"taxable","14":"shipping-taxable","15":"purchasable","16":"product-type-simple"},"_links":{"self":[{"href":"https:\/\/saxsim.ee\/swp\/wp-json\/wp\/v2\/product\/1648"}],"collection":[{"href":"https:\/\/saxsim.ee\/swp\/wp-json\/wp\/v2\/product"}],"about":[{"href":"https:\/\/saxsim.ee\/swp\/wp-json\/wp\/v2\/types\/product"}],"replies":[{"embeddable":true,"href":"https:\/\/saxsim.ee\/swp\/wp-json\/wp\/v2\/comments?post=1648"}],"wp:featuredmedia":[{"embeddable":true,"href":"https:\/\/saxsim.ee\/swp\/wp-json\/wp\/v2\/media\/1649"}],"wp:attachment":[{"href":"https:\/\/saxsim.ee\/swp\/wp-json\/wp\/v2\/media?parent=1648"}],"wp:term":[{"taxonomy":"product_cat","embeddable":true,"href":"https:\/\/saxsim.ee\/swp\/wp-json\/wp\/v2\/product_cat?post=1648"},{"taxonomy":"product_tag","embeddable":true,"href":"https:\/\/saxsim.ee\/swp\/wp-json\/wp\/v2\/product_tag?post=1648"}],"curies":[{"name":"wp","href":"https:\/\/api.w.org\/{rel}","templated":true}]}}