{"id":1642,"date":"2017-03-20T21:18:59","date_gmt":"2017-03-20T19:18:59","guid":{"rendered":"https:\/\/www.saxsim.ee\/swp\/toode\/rose-line-d-thinning-1-tk-kahepoolsed-fileerkaarid-525\/"},"modified":"2024-11-27T18:55:17","modified_gmt":"2024-11-27T16:55:17","slug":"rose-line-d-thinning-kahepoolsed-fileerkaarid-525","status":"publish","type":"product","link":"https:\/\/saxsim.ee\/swp\/product\/rose-line-d-thinning-kahepoolsed-fileerkaarid-525\/","title":{"rendered":"Rose Line D-Thinning 5,25&#8243; &#8211; kahepoolsed fileerk\u00e4\u00e4rid"},"content":{"rendered":"<p>Saksa kvaliteediga, karastatud roostevabast terasest kahepoolsed fileerk\u00e4\u00e4rid, millel on satiinviimistlusega mikro-sakkidega l\u00f5ikusterad.<\/p>\n<p><strong>Eelised:<\/strong>\u00a0k\u00f5rge kulude-tulude suhe, mikro-sakkidega l\u00f5ikustera<br \/>\n<strong>Materjal:<\/strong>\u00a0karastatud roostevaba teras<br \/>\n<strong>Disainielemendid:<\/strong><br \/>\n28 hammast, kahepoolne mikro-sakkidega l\u00f5ikustera<br \/>\ns\u00fcmmeetrilise kujuga<br \/>\neemaldatav s\u00f5rmetugi<\/p>\n<p><strong>lisatud:<\/strong><br \/>\ns\u00f5rmer\u00f5ngad &#8211; 2 tk.<\/p>\n<p>Rose Line k\u00e4\u00e4re on saadaval 5 erinevas suuruses ( 5,0\u2033 ja 6,5\u2033 ).<\/p>\n<p>Tootja &#8211; K.-R. Witte GmbH &amp; Co. KG, Solingen, Germany<\/p>\n<p>&nbsp;<\/p>\n","protected":false},"excerpt":{"rendered":"<p>Saksa kvaliteediga, karastatud roostevabast terasest kahepoolsed fileerk\u00e4\u00e4rid, millel on satiinviimistlusega mikro-sakkidega l\u00f5ikusterad. Eelised:\u00a0k\u00f5rge kulude-tulude suhe, mikro-sakkidega l\u00f5ikustera Materjal:\u00a0karastatud roostevaba teras Disainielemendid: 28 hammast, kahepoolne mikro-sakkidega l\u00f5ikustera s\u00fcmmeetrilise kujuga eemaldatav s\u00f5rmetugi lisatud: s\u00f5rmer\u00f5ngad &#8211; 2 tk. Rose Line k\u00e4\u00e4re on saadaval 5 erinevas suuruses ( 5,0\u2033 ja 6,5\u2033 ). Tootja &#8211; K.-R. Witte GmbH &amp; Co. [&hellip;]<\/p>\n","protected":false},"featured_media":1643,"comment_status":"closed","ping_status":"closed","template":"","meta":[],"product_cat":[704,401,174,277],"product_tag":[],"class_list":{"0":"post-1642","1":"product","2":"type-product","3":"status-publish","4":"has-post-thumbnail","6":"product_cat-rose-line","7":"product_cat-juuksuri-tarvikud","8":"product_cat-kaarid","9":"product_cat-fileerkaarid","11":"first","12":"outofstock","13":"taxable","14":"shipping-taxable","15":"purchasable","16":"product-type-simple"},"_links":{"self":[{"href":"https:\/\/saxsim.ee\/swp\/wp-json\/wp\/v2\/product\/1642"}],"collection":[{"href":"https:\/\/saxsim.ee\/swp\/wp-json\/wp\/v2\/product"}],"about":[{"href":"https:\/\/saxsim.ee\/swp\/wp-json\/wp\/v2\/types\/product"}],"replies":[{"embeddable":true,"href":"https:\/\/saxsim.ee\/swp\/wp-json\/wp\/v2\/comments?post=1642"}],"wp:featuredmedia":[{"embeddable":true,"href":"https:\/\/saxsim.ee\/swp\/wp-json\/wp\/v2\/media\/1643"}],"wp:attachment":[{"href":"https:\/\/saxsim.ee\/swp\/wp-json\/wp\/v2\/media?parent=1642"}],"wp:term":[{"taxonomy":"product_cat","embeddable":true,"href":"https:\/\/saxsim.ee\/swp\/wp-json\/wp\/v2\/product_cat?post=1642"},{"taxonomy":"product_tag","embeddable":true,"href":"https:\/\/saxsim.ee\/swp\/wp-json\/wp\/v2\/product_tag?post=1642"}],"curies":[{"name":"wp","href":"https:\/\/api.w.org\/{rel}","templated":true}]}}