{"id":1636,"date":"2017-03-20T20:47:08","date_gmt":"2017-03-20T18:47:08","guid":{"rendered":"https:\/\/www.saxsim.ee\/swp\/toode\/joewell-thinning-e30\/"},"modified":"2026-03-26T06:47:32","modified_gmt":"2026-03-26T04:47:32","slug":"joewell-thinning-e30","status":"publish","type":"product","link":"https:\/\/saxsim.ee\/swp\/product\/joewell-thinning-e30\/","title":{"rendered":"Joewell Thinning E30 &#8211; fileerk\u00e4\u00e4rid"},"content":{"rendered":"<p>Joewell Thinning E30 on \u00fched enimm\u00fc\u00fcdud fileerk\u00e4\u00e4rid, mis sobivad nii PAREMA- kui ka VASAKUK\u00c4ELISTELE. K\u00e4\u00e4rid on ideaalselt tasakaalustatud ja erakordselt vastupidavad.<\/p>\n<p><strong>Eelised:<\/strong>\u00a0nii parema- kui ka vasakuk\u00e4elistele<br \/>\n<strong>Materjal:<\/strong> \u00a0roostevaba sulam, mis sisaldab v\u00e4hem niklit (alla 0,6%)<\/p>\n<p><strong>Disainielemendid:<\/strong><br \/>\ns\u00fcmmeetrilise kujuga<br \/>\n30 hammast, \u00fche k\u00e4\u00e4rivajutusega l\u00f5ikab 15% juukseid<br \/>\nlame, s\u00fcvistatud reguleerimiskruvi<br \/>\nkaks eemaldatavat s\u00f5rmetuge<br \/>\nregulaarse suurusega s\u00f5rmeaugud<\/p>\n<p><strong>lisatud:<\/strong><br \/>\nJoewell k\u00e4\u00e4ri\u00f5li &#8211; 1 tk.<br \/>\ns\u00f5rmer\u00f5ngad &#8211; 2 tk.<\/p>\n<p>Tootja &#8211; TOKOSHA CO., LTD, Japan<\/p>\n<p>&nbsp;<\/p>\n","protected":false},"excerpt":{"rendered":"<p>Joewell Thinning E30 on \u00fched enimm\u00fc\u00fcdud fileerk\u00e4\u00e4rid, mis sobivad nii PAREMA- kui ka VASAKUK\u00c4ELISTELE. K\u00e4\u00e4rid on ideaalselt tasakaalustatud ja erakordselt vastupidavad. Eelised:\u00a0nii parema- kui ka vasakuk\u00e4elistele Materjal: \u00a0roostevaba sulam, mis sisaldab v\u00e4hem niklit (alla 0,6%) Disainielemendid: s\u00fcmmeetrilise kujuga 30 hammast, \u00fche k\u00e4\u00e4rivajutusega l\u00f5ikab 15% juukseid lame, s\u00fcvistatud reguleerimiskruvi kaks eemaldatavat s\u00f5rmetuge regulaarse suurusega s\u00f5rmeaugud lisatud: [&hellip;]<\/p>\n","protected":false},"featured_media":1637,"comment_status":"closed","ping_status":"closed","template":"","meta":[],"product_cat":[703,401,174,277,740],"product_tag":[],"class_list":{"0":"post-1636","1":"product","2":"type-product","3":"status-publish","4":"has-post-thumbnail","6":"product_cat-joewell","7":"product_cat-juuksuri-tarvikud","8":"product_cat-kaarid","9":"product_cat-fileerkaarid","10":"product_cat-vasakukaeliste-kaarid","12":"first","13":"instock","14":"taxable","15":"shipping-taxable","16":"purchasable","17":"product-type-simple"},"_links":{"self":[{"href":"https:\/\/saxsim.ee\/swp\/wp-json\/wp\/v2\/product\/1636"}],"collection":[{"href":"https:\/\/saxsim.ee\/swp\/wp-json\/wp\/v2\/product"}],"about":[{"href":"https:\/\/saxsim.ee\/swp\/wp-json\/wp\/v2\/types\/product"}],"replies":[{"embeddable":true,"href":"https:\/\/saxsim.ee\/swp\/wp-json\/wp\/v2\/comments?post=1636"}],"wp:featuredmedia":[{"embeddable":true,"href":"https:\/\/saxsim.ee\/swp\/wp-json\/wp\/v2\/media\/1637"}],"wp:attachment":[{"href":"https:\/\/saxsim.ee\/swp\/wp-json\/wp\/v2\/media?parent=1636"}],"wp:term":[{"taxonomy":"product_cat","embeddable":true,"href":"https:\/\/saxsim.ee\/swp\/wp-json\/wp\/v2\/product_cat?post=1636"},{"taxonomy":"product_tag","embeddable":true,"href":"https:\/\/saxsim.ee\/swp\/wp-json\/wp\/v2\/product_tag?post=1636"}],"curies":[{"name":"wp","href":"https:\/\/api.w.org\/{rel}","templated":true}]}}