{"id":1627,"date":"2017-03-20T18:49:08","date_gmt":"2017-03-20T16:49:08","guid":{"rendered":"https:\/\/www.saxsim.ee\/swp\/toode\/joewell-lh60-left-handed\/"},"modified":"2024-01-11T11:43:18","modified_gmt":"2024-01-11T09:43:18","slug":"joewell-lh60-left-handed","status":"publish","type":"product","link":"https:\/\/saxsim.ee\/swp\/product\/joewell-lh60-left-handed\/","title":{"rendered":"Joewell LH60 (Left handed) &#8211; vasakuk\u00e4eliste l\u00f5ikusk\u00e4\u00e4rid"},"content":{"rendered":"<p>AINULT VASAKUK\u00c4ELISTELE m\u00f5eldud l\u00f5ikusk\u00e4\u00e4rid.<\/p>\n<p><strong>Eelised:<\/strong>\u00a0vasakuk\u00e4elistele<br \/>\n<strong>Materjal:<\/strong>\u00a0roostevaba sulam<\/p>\n<p><strong>Disainielemendid:<\/strong><br \/>\ns\u00fcmmeetrilise kujuga<br \/>\nlame, s\u00fcvistatud reguleerimiskruvi<br \/>\neemaldatav s\u00f5rmetugi<br \/>\nregulaarse suurusega s\u00f5rmeaugud<\/p>\n<p><strong>lisatud:<\/strong><br \/>\nJoewell k\u00e4\u00e4ri\u00f5li &#8211; 1 tk.<br \/>\ns\u00f5rmer\u00f5ngad &#8211; 2 tk.<\/p>\n<p>Joewell LH k\u00e4\u00e4re on saadaval 3 erinevas suuruses ( 5,0&#8243; kuni 6,0&#8243; ).<\/p>\n<p>Tootja &#8211; TOKOSHA CO., LTD, Japan<\/p>\n<p>&nbsp;<\/p>\n","protected":false},"excerpt":{"rendered":"<p>AINULT VASAKUK\u00c4ELISTELE m\u00f5eldud l\u00f5ikusk\u00e4\u00e4rid. Eelised:\u00a0vasakuk\u00e4elistele Materjal:\u00a0roostevaba sulam Disainielemendid: s\u00fcmmeetrilise kujuga lame, s\u00fcvistatud reguleerimiskruvi eemaldatav s\u00f5rmetugi regulaarse suurusega s\u00f5rmeaugud lisatud: Joewell k\u00e4\u00e4ri\u00f5li &#8211; 1 tk. s\u00f5rmer\u00f5ngad &#8211; 2 tk. Joewell LH k\u00e4\u00e4re on saadaval 3 erinevas suuruses ( 5,0&#8243; kuni 6,0&#8243; ). Tootja &#8211; TOKOSHA CO., LTD, Japan &nbsp;<\/p>\n","protected":false},"featured_media":1628,"comment_status":"closed","ping_status":"closed","template":"","meta":[],"product_cat":[703,401,174,740],"product_tag":[],"class_list":{"0":"post-1627","1":"product","2":"type-product","3":"status-publish","4":"has-post-thumbnail","6":"product_cat-joewell","7":"product_cat-juuksuri-tarvikud","8":"product_cat-kaarid","9":"product_cat-vasakukaeliste-kaarid","11":"first","12":"instock","13":"taxable","14":"shipping-taxable","15":"purchasable","16":"product-type-simple"},"_links":{"self":[{"href":"https:\/\/saxsim.ee\/swp\/wp-json\/wp\/v2\/product\/1627"}],"collection":[{"href":"https:\/\/saxsim.ee\/swp\/wp-json\/wp\/v2\/product"}],"about":[{"href":"https:\/\/saxsim.ee\/swp\/wp-json\/wp\/v2\/types\/product"}],"replies":[{"embeddable":true,"href":"https:\/\/saxsim.ee\/swp\/wp-json\/wp\/v2\/comments?post=1627"}],"wp:featuredmedia":[{"embeddable":true,"href":"https:\/\/saxsim.ee\/swp\/wp-json\/wp\/v2\/media\/1628"}],"wp:attachment":[{"href":"https:\/\/saxsim.ee\/swp\/wp-json\/wp\/v2\/media?parent=1627"}],"wp:term":[{"taxonomy":"product_cat","embeddable":true,"href":"https:\/\/saxsim.ee\/swp\/wp-json\/wp\/v2\/product_cat?post=1627"},{"taxonomy":"product_tag","embeddable":true,"href":"https:\/\/saxsim.ee\/swp\/wp-json\/wp\/v2\/product_tag?post=1627"}],"curies":[{"name":"wp","href":"https:\/\/api.w.org\/{rel}","templated":true}]}}