{"id":1608,"date":"2017-03-20T15:24:05","date_gmt":"2017-03-20T13:24:05","guid":{"rendered":"https:\/\/www.saxsim.ee\/swp\/toode\/beautylash-eyelash-booster\/"},"modified":"2024-01-09T08:31:53","modified_gmt":"2024-01-09T06:31:53","slug":"beautylash-eyelash-booster","status":"publish","type":"product","link":"https:\/\/saxsim.ee\/swp\/product\/beautylash-eyelash-booster\/","title":{"rendered":"BeautyLash Eyelash Booster"},"content":{"rendered":"<p>T\u00e4nu BeautyLash Growth Boosterile saad loomulikud pikad ripsmed ilma ripsmepikendusteta. Booster stimuleerib ripsmete kasvu. Peale regulaarset kasutamist, muutuvad teie ripsmeid tihedamateks, tugevamateks, pikemteks ja loomulikult ilusamateks. Aktiivsed toimeained (h\u00fcaluroonhape, biotiin, D-pantenool) ja Musta mere korall\u00f5lid kiirendavad ripsmete kasvu m\u00e4rkimisv\u00e4\u00e4rselt! Kuni 75% pikemad ja tugevamad ripsmed 6 n\u00e4dalaga! Toote toime on teaduslikult t\u00f5estatud. Toode on kliiniliselt testitud.<\/p>\n<div class=\"intro\"><\/div>\n","protected":false},"excerpt":{"rendered":"<p>T\u00e4nu BeautyLash Growth Boosterile saad loomulikud pikad ripsmed ilma ripsmepikendusteta. Booster stimuleerib ripsmete kasvu. Peale regulaarset kasutamist, muutuvad teie ripsmeid tihedamateks, tugevamateks, pikemteks ja loomulikult ilusamateks. Aktiivsed toimeained (h\u00fcaluroonhape, biotiin, D-pantenool) ja Musta mere korall\u00f5lid kiirendavad ripsmete kasvu m\u00e4rkimisv\u00e4\u00e4rselt! Kuni 75% pikemad ja tugevamad ripsmed 6 n\u00e4dalaga! Toote toime on teaduslikult t\u00f5estatud. Toode on kliiniliselt [&hellip;]<\/p>\n","protected":false},"featured_media":1609,"comment_status":"closed","ping_status":"closed","template":"","meta":[],"product_cat":[717,97,268],"product_tag":[],"class_list":{"0":"post-1608","1":"product","2":"type-product","3":"status-publish","4":"has-post-thumbnail","6":"product_cat-refectocil-2","7":"product_cat-nagu-ja-keha","8":"product_cat-refectocil","10":"first","11":"instock","12":"taxable","13":"shipping-taxable","14":"purchasable","15":"product-type-simple"},"_links":{"self":[{"href":"https:\/\/saxsim.ee\/swp\/wp-json\/wp\/v2\/product\/1608"}],"collection":[{"href":"https:\/\/saxsim.ee\/swp\/wp-json\/wp\/v2\/product"}],"about":[{"href":"https:\/\/saxsim.ee\/swp\/wp-json\/wp\/v2\/types\/product"}],"replies":[{"embeddable":true,"href":"https:\/\/saxsim.ee\/swp\/wp-json\/wp\/v2\/comments?post=1608"}],"wp:featuredmedia":[{"embeddable":true,"href":"https:\/\/saxsim.ee\/swp\/wp-json\/wp\/v2\/media\/1609"}],"wp:attachment":[{"href":"https:\/\/saxsim.ee\/swp\/wp-json\/wp\/v2\/media?parent=1608"}],"wp:term":[{"taxonomy":"product_cat","embeddable":true,"href":"https:\/\/saxsim.ee\/swp\/wp-json\/wp\/v2\/product_cat?post=1608"},{"taxonomy":"product_tag","embeddable":true,"href":"https:\/\/saxsim.ee\/swp\/wp-json\/wp\/v2\/product_tag?post=1608"}],"curies":[{"name":"wp","href":"https:\/\/api.w.org\/{rel}","templated":true}]}}