{"id":1600,"date":"2017-03-20T14:25:03","date_gmt":"2017-03-20T12:25:03","guid":{"rendered":"https:\/\/www.saxsim.ee\/swp\/toode\/refectocil-eyelash-perm-kit-1-komplekt\/"},"modified":"2024-01-09T08:29:17","modified_gmt":"2024-01-09T06:29:17","slug":"refectocil-eyelash-perm-kit-1-komplekt","status":"publish","type":"product","link":"https:\/\/saxsim.ee\/swp\/product\/refectocil-eyelash-perm-kit-1-komplekt\/","title":{"rendered":"RefectoCil Eyelash Perm Kit &#8211; ripsmete keemilise koolutamise komplekt"},"content":{"rendered":"<p>&nbsp;<\/p>\n<p>Ripsmete keemilise koolutamise komplekt. Kollageeni ja ts\u00fcsteiini sisaldav ripsmete keemilise t\u00f6\u00f6tluse aine koolutab ripsmed ilusti \u00fclespoole, muutes silmad tunduvalt suuremaks ja v\u00e4ljendusrikkamaks.\u00a0Komplekt sisaldab k\u00f5ike vajalikku, ka informatiivset DVD juhiste ja n\u00e4pun\u00e4idetega, kuidas saavutada parimaid tulemusi. Iga ripsmete keemiline t\u00f6\u00f6tlus p\u00fcsib kuni 6 n\u00e4dalat. Komplekti sisust piisab 54 t\u00f6\u00f6tluseks.<\/p>\n<p><b><strong>Komplektis on:<\/strong><br \/>\n<\/b>3 x 3,5 ml\u00a0kinnitajat<br \/>\n3 x 3,5 ml keemilist ainet<br \/>\n1 x roosipuust pulk<br \/>\n2 x pintslit<br \/>\n1 x liim<br \/>\n2 x kosmeetilist kaussi<br \/>\n1 x kasutusjuhend DVD<br \/>\n18 x rulli ( S &#8211; suurus )<br \/>\n36 x rulli ( L &#8211; suurus )<br \/>\n36 x rulli ( M &#8211; suurus )<br \/>\n18 x rulli ( XL &#8211; suurus )<\/p>\n<p>&nbsp;<\/p>\n<div class=\"intro\"><\/div>\n","protected":false},"excerpt":{"rendered":"<p>&nbsp; Ripsmete keemilise koolutamise komplekt. Kollageeni ja ts\u00fcsteiini sisaldav ripsmete keemilise t\u00f6\u00f6tluse aine koolutab ripsmed ilusti \u00fclespoole, muutes silmad tunduvalt suuremaks ja v\u00e4ljendusrikkamaks.\u00a0Komplekt sisaldab k\u00f5ike vajalikku, ka informatiivset DVD juhiste ja n\u00e4pun\u00e4idetega, kuidas saavutada parimaid tulemusi. Iga ripsmete keemiline t\u00f6\u00f6tlus p\u00fcsib kuni 6 n\u00e4dalat. Komplekti sisust piisab 54 t\u00f6\u00f6tluseks. Komplektis on: 3 x 3,5 ml\u00a0kinnitajat [&hellip;]<\/p>\n","protected":false},"featured_media":1602,"comment_status":"closed","ping_status":"closed","template":"","meta":[],"product_cat":[717,97,268],"product_tag":[637],"class_list":{"0":"post-1600","1":"product","2":"type-product","3":"status-publish","4":"has-post-thumbnail","6":"product_cat-refectocil-2","7":"product_cat-nagu-ja-keha","8":"product_cat-refectocil","9":"product_tag-profitoode","11":"first","12":"instock","13":"taxable","14":"shipping-taxable","15":"purchasable","16":"product-type-simple"},"_links":{"self":[{"href":"https:\/\/saxsim.ee\/swp\/wp-json\/wp\/v2\/product\/1600"}],"collection":[{"href":"https:\/\/saxsim.ee\/swp\/wp-json\/wp\/v2\/product"}],"about":[{"href":"https:\/\/saxsim.ee\/swp\/wp-json\/wp\/v2\/types\/product"}],"replies":[{"embeddable":true,"href":"https:\/\/saxsim.ee\/swp\/wp-json\/wp\/v2\/comments?post=1600"}],"wp:featuredmedia":[{"embeddable":true,"href":"https:\/\/saxsim.ee\/swp\/wp-json\/wp\/v2\/media\/1602"}],"wp:attachment":[{"href":"https:\/\/saxsim.ee\/swp\/wp-json\/wp\/v2\/media?parent=1600"}],"wp:term":[{"taxonomy":"product_cat","embeddable":true,"href":"https:\/\/saxsim.ee\/swp\/wp-json\/wp\/v2\/product_cat?post=1600"},{"taxonomy":"product_tag","embeddable":true,"href":"https:\/\/saxsim.ee\/swp\/wp-json\/wp\/v2\/product_tag?post=1600"}],"curies":[{"name":"wp","href":"https:\/\/api.w.org\/{rel}","templated":true}]}}