{"id":1598,"date":"2017-03-20T14:13:07","date_gmt":"2017-03-20T12:13:07","guid":{"rendered":"https:\/\/www.saxsim.ee\/swp\/toode\/refectocil-artist-palette-1-tk\/"},"modified":"2022-09-11T21:01:35","modified_gmt":"2022-09-11T18:01:35","slug":"refectocil-artist-palette-1-tk","status":"publish","type":"product","link":"https:\/\/saxsim.ee\/swp\/product\/refectocil-artist-palette-1-tk\/","title":{"rendered":"RefectoCil Artist Palette 1 tk. &#8211; segamisalus"},"content":{"rendered":"<p>Ripsme- ja kulmuv\u00e4rvi segamisalus, millel on kaks erineva suurusega kaussi ( v\u00e4ike &#8211; ripsmev\u00e4rvile, suur &#8211; kulmuv\u00e4rvile ). Alusel on ka kaks soont pintsli v\u00f5i aplikaatorpulga hoidmiseks. Sobib nii parema- kui ka vasakuk\u00e4elistele.<\/p>\n<p>&nbsp;<\/p>\n<div class=\"intro\"><\/div>\n","protected":false},"excerpt":{"rendered":"<p>Ripsme- ja kulmuv\u00e4rvi segamisalus, millel on kaks erineva suurusega kaussi ( v\u00e4ike &#8211; ripsmev\u00e4rvile, suur &#8211; kulmuv\u00e4rvile ). Alusel on ka kaks soont pintsli v\u00f5i aplikaatorpulga hoidmiseks. Sobib nii parema- kui ka vasakuk\u00e4elistele. &nbsp;<\/p>\n","protected":false},"featured_media":1599,"comment_status":"closed","ping_status":"closed","template":"","meta":[],"product_cat":[717,97,268],"product_tag":[],"class_list":{"0":"post-1598","1":"product","2":"type-product","3":"status-publish","4":"has-post-thumbnail","6":"product_cat-refectocil-2","7":"product_cat-nagu-ja-keha","8":"product_cat-refectocil","10":"first","11":"outofstock","12":"taxable","13":"shipping-taxable","14":"purchasable","15":"product-type-simple"},"_links":{"self":[{"href":"https:\/\/saxsim.ee\/swp\/wp-json\/wp\/v2\/product\/1598"}],"collection":[{"href":"https:\/\/saxsim.ee\/swp\/wp-json\/wp\/v2\/product"}],"about":[{"href":"https:\/\/saxsim.ee\/swp\/wp-json\/wp\/v2\/types\/product"}],"replies":[{"embeddable":true,"href":"https:\/\/saxsim.ee\/swp\/wp-json\/wp\/v2\/comments?post=1598"}],"wp:featuredmedia":[{"embeddable":true,"href":"https:\/\/saxsim.ee\/swp\/wp-json\/wp\/v2\/media\/1599"}],"wp:attachment":[{"href":"https:\/\/saxsim.ee\/swp\/wp-json\/wp\/v2\/media?parent=1598"}],"wp:term":[{"taxonomy":"product_cat","embeddable":true,"href":"https:\/\/saxsim.ee\/swp\/wp-json\/wp\/v2\/product_cat?post=1598"},{"taxonomy":"product_tag","embeddable":true,"href":"https:\/\/saxsim.ee\/swp\/wp-json\/wp\/v2\/product_tag?post=1598"}],"curies":[{"name":"wp","href":"https:\/\/api.w.org\/{rel}","templated":true}]}}