{"id":15838,"date":"2026-04-11T10:45:35","date_gmt":"2026-04-11T07:45:35","guid":{"rendered":"https:\/\/saxsim.ee\/swp\/?post_type=product&#038;p=15838"},"modified":"2026-04-11T17:33:29","modified_gmt":"2026-04-11T14:33:29","slug":"sibel-hair-towel-absorbdry-disposable-40x80-cm-paberratikud-50-tk","status":"publish","type":"product","link":"https:\/\/saxsim.ee\/swp\/product\/sibel-hair-towel-absorbdry-disposable-40x80-cm-paberratikud-50-tk\/","title":{"rendered":"SIBEL Hair Towel Absorb&#038;Dry Disposable 40&#215;80 cm &#8211; paberr\u00e4tikud, 50 tk."},"content":{"rendered":"<p>50 eriti tugevat \u00fchekordselt kasutatavat biolagunevat r\u00e4tikut professionaalseteks juuksuri- ja iluprotseduurideks.<\/p>\n<p>&#8211; M\u00f5\u00f5dud: 40&#215;80 cm.<br \/>\n&#8211; Pakis: 50 tk.<br \/>\n&#8211; V\u00e4rv: must<br \/>\n&#8211; Valmistatud: Hiinas<\/p>\n","protected":false},"excerpt":{"rendered":"<p>50 eriti tugevat \u00fchekordselt kasutatavat biolagunevat r\u00e4tikut professionaalseteks juuksuri- ja iluprotseduurideks. &#8211; M\u00f5\u00f5dud: 40&#215;80 cm. &#8211; Pakis: 50 tk. &#8211; V\u00e4rv: must &#8211; Valmistatud: Hiinas<\/p>\n","protected":false},"featured_media":15842,"comment_status":"closed","ping_status":"closed","template":"","meta":[],"product_cat":[792,577,583,401,291,346],"product_tag":[],"class_list":{"0":"post-15838","1":"product","2":"type-product","3":"status-publish","4":"has-post-thumbnail","6":"product_cat-uued-tooted","7":"product_cat-iluteenindaja-tarvikud","8":"product_cat-uhekordsed-tooted-iluteenindaja-tarvikud","9":"product_cat-juuksuri-tarvikud","10":"product_cat-uhekordsed-tooted","11":"product_cat-uhekordsed-ratikud","13":"first","14":"instock","15":"taxable","16":"shipping-taxable","17":"purchasable","18":"product-type-simple"},"_links":{"self":[{"href":"https:\/\/saxsim.ee\/swp\/wp-json\/wp\/v2\/product\/15838"}],"collection":[{"href":"https:\/\/saxsim.ee\/swp\/wp-json\/wp\/v2\/product"}],"about":[{"href":"https:\/\/saxsim.ee\/swp\/wp-json\/wp\/v2\/types\/product"}],"replies":[{"embeddable":true,"href":"https:\/\/saxsim.ee\/swp\/wp-json\/wp\/v2\/comments?post=15838"}],"wp:featuredmedia":[{"embeddable":true,"href":"https:\/\/saxsim.ee\/swp\/wp-json\/wp\/v2\/media\/15842"}],"wp:attachment":[{"href":"https:\/\/saxsim.ee\/swp\/wp-json\/wp\/v2\/media?parent=15838"}],"wp:term":[{"taxonomy":"product_cat","embeddable":true,"href":"https:\/\/saxsim.ee\/swp\/wp-json\/wp\/v2\/product_cat?post=15838"},{"taxonomy":"product_tag","embeddable":true,"href":"https:\/\/saxsim.ee\/swp\/wp-json\/wp\/v2\/product_tag?post=15838"}],"curies":[{"name":"wp","href":"https:\/\/api.w.org\/{rel}","templated":true}]}}