{"id":15837,"date":"2026-04-11T10:44:19","date_gmt":"2026-04-11T07:44:19","guid":{"rendered":"https:\/\/saxsim.ee\/swp\/?post_type=product&#038;p=15837"},"modified":"2026-04-11T17:51:22","modified_gmt":"2026-04-11T14:51:22","slug":"sibel-clean-all-hair-towels-disposable-40x75-cm-paberratikud-100-tk","status":"publish","type":"product","link":"https:\/\/saxsim.ee\/swp\/product\/sibel-clean-all-hair-towels-disposable-40x75-cm-paberratikud-100-tk\/","title":{"rendered":"SIBEL Clean All Hair Towels Disposable 40&#215;75 cm &#8211; paberr\u00e4tikud, 100 tk."},"content":{"rendered":"<p>100 \u00fcliimavat \u00fchekordset r\u00e4tikut. Sobib kasutamiseks nii juuksurile, kui ka kosmeetikule.<\/p>\n<p>\u2013 M\u00f5\u00f5dud: 40\u00d775 cm.<br \/>\n\u2013 Pakis: 100 tk.<br \/>\n\u2013 V\u00e4rv: valge<br \/>\n\u2013 Valmistatud: Itaalias<\/p>\n","protected":false},"excerpt":{"rendered":"<p>100 \u00fcliimavat \u00fchekordset r\u00e4tikut. Sobib kasutamiseks nii juuksurile, kui ka kosmeetikule. \u2013 M\u00f5\u00f5dud: 40\u00d775 cm. \u2013 Pakis: 100 tk. \u2013 V\u00e4rv: valge \u2013 Valmistatud: Itaalias<\/p>\n","protected":false},"featured_media":15843,"comment_status":"closed","ping_status":"closed","template":"","meta":[],"product_cat":[792,577,583,401,291,346],"product_tag":[],"class_list":{"0":"post-15837","1":"product","2":"type-product","3":"status-publish","4":"has-post-thumbnail","6":"product_cat-uued-tooted","7":"product_cat-iluteenindaja-tarvikud","8":"product_cat-uhekordsed-tooted-iluteenindaja-tarvikud","9":"product_cat-juuksuri-tarvikud","10":"product_cat-uhekordsed-tooted","11":"product_cat-uhekordsed-ratikud","13":"first","14":"instock","15":"taxable","16":"shipping-taxable","17":"purchasable","18":"product-type-simple"},"_links":{"self":[{"href":"https:\/\/saxsim.ee\/swp\/wp-json\/wp\/v2\/product\/15837"}],"collection":[{"href":"https:\/\/saxsim.ee\/swp\/wp-json\/wp\/v2\/product"}],"about":[{"href":"https:\/\/saxsim.ee\/swp\/wp-json\/wp\/v2\/types\/product"}],"replies":[{"embeddable":true,"href":"https:\/\/saxsim.ee\/swp\/wp-json\/wp\/v2\/comments?post=15837"}],"wp:featuredmedia":[{"embeddable":true,"href":"https:\/\/saxsim.ee\/swp\/wp-json\/wp\/v2\/media\/15843"}],"wp:attachment":[{"href":"https:\/\/saxsim.ee\/swp\/wp-json\/wp\/v2\/media?parent=15837"}],"wp:term":[{"taxonomy":"product_cat","embeddable":true,"href":"https:\/\/saxsim.ee\/swp\/wp-json\/wp\/v2\/product_cat?post=15837"},{"taxonomy":"product_tag","embeddable":true,"href":"https:\/\/saxsim.ee\/swp\/wp-json\/wp\/v2\/product_tag?post=15837"}],"curies":[{"name":"wp","href":"https:\/\/api.w.org\/{rel}","templated":true}]}}