{"id":15835,"date":"2026-04-11T10:21:55","date_gmt":"2026-04-11T07:21:55","guid":{"rendered":"https:\/\/saxsim.ee\/swp\/?post_type=product&#038;p=15835"},"modified":"2026-04-12T17:36:23","modified_gmt":"2026-04-12T14:36:23","slug":"ultron-sirona-airflow-styler-max-rose-gold-sirgendaja","status":"publish","type":"product","link":"https:\/\/saxsim.ee\/swp\/product\/ultron-sirona-airflow-styler-max-rose-gold-sirgendaja\/","title":{"rendered":"ULTRON Sirona Airflow Styler Max, Rose Gold &#8211; sirgendaja"},"content":{"rendered":"<p>Uusim Ultron Sirona <span class=\"HwtZe\" lang=\"et\"><span class=\"jCAhz ChMk0b\"><span class=\"ryNqvb\">Airflow Styler Max<\/span><\/span><\/span> on innovataatiline sirgendaja, mis \u00fchendab kuumt\u00f6\u00f6tlemise ja jaheda \u00f5huvoo, et saaksite luua kauakestvaid soenguid vaid \u00fche t\u00f6\u00f6riistaga! Sirona on ergonoomiline ja kerge ning klambrit on lihtne kasutada nii sirgete, kui ka lokkis soengute loomiseks. 360\u00b0 \u00fcmber silindrilise kujuga korpuse olevad \u00f5huava jahutavad ja fikseerivad lokke koheselt stiliseerimise ajal, sarnaselt k\u00e4sif\u00f6\u00f6nide &#8220;k\u00fclma \u00f5huvoo&#8221; funktsiooniga. Tulemuseks on kiired ja kauakestvad lokid. Titaanist vetruvad plaadid jaotavad temperatuuri \u00fchtlaselt, v\u00e4hendavad staatilist elektrit ning j\u00e4tavad juuksed siledateks ja l\u00e4ikivateks. Temperatuuri saab reguleerida vahemikus 140\u00b0\u2013220\u00b0C, vastavalt juukset\u00fc\u00fcbile. Ultron Sirona Airflow Styler Max on loodud professionaalidele, kes vajavad t\u00e4psust ja mugavust.<\/p>\n<p><strong>Tehnilised andmed:<\/strong><\/p>\n<p>&#8211; 100-240 V, 50\/60 Hz<br \/>\n&#8211; v\u00f5imsus: 50 W<br \/>\n&#8211; sisse-\/v\u00e4ljal\u00fclitamise nupp ( vajutage ja hoidke 2\u20133 sekundit )<br \/>\n&#8211; 5 temperatuuri seadistust: 140 \u00b0C \/ 160 \u00b0C \/ 180 \u00b0C \/ 200 \u00b0C \/ 220 \u00b0C<br \/>\n&#8211; ventilaatori ikooniga nupp aktiveerib jaheda \u00f5huvoolu funktsiooni<br \/>\n&#8211; titaanplaadid: 25 x 135 mm<br \/>\n&#8211; p\u00f6\u00f6rlev juhe: u. 2,5 m<br \/>\n&#8211; v\u00e4rv: Rose Gold<\/p>\n","protected":false},"excerpt":{"rendered":"<p>Uusim Ultron Sirona Airflow Styler Max on innovataatiline sirgendaja, mis \u00fchendab kuumt\u00f6\u00f6tlemise ja jaheda \u00f5huvoo, et saaksite luua kauakestvaid soenguid vaid \u00fche t\u00f6\u00f6riistaga! Sirona on ergonoomiline ja kerge ning klambrit on lihtne kasutada nii sirgete, kui ka lokkis soengute loomiseks. 360\u00b0 \u00fcmber silindrilise kujuga korpuse olevad \u00f5huava jahutavad ja fikseerivad lokke koheselt stiliseerimise ajal, sarnaselt [&hellip;]<\/p>\n","protected":false},"featured_media":15840,"comment_status":"closed","ping_status":"closed","template":"","meta":[],"product_cat":[792,733,401,280,281,338],"product_tag":[],"class_list":{"0":"post-15835","1":"product","2":"type-product","3":"status-publish","4":"has-post-thumbnail","6":"product_cat-uued-tooted","7":"product_cat-ultron","8":"product_cat-juuksuri-tarvikud","9":"product_cat-elektrilised-toovahendid","10":"product_cat-lokitangid","11":"product_cat-sirgendajad","13":"first","14":"instock","15":"taxable","16":"shipping-taxable","17":"purchasable","18":"product-type-simple"},"_links":{"self":[{"href":"https:\/\/saxsim.ee\/swp\/wp-json\/wp\/v2\/product\/15835"}],"collection":[{"href":"https:\/\/saxsim.ee\/swp\/wp-json\/wp\/v2\/product"}],"about":[{"href":"https:\/\/saxsim.ee\/swp\/wp-json\/wp\/v2\/types\/product"}],"replies":[{"embeddable":true,"href":"https:\/\/saxsim.ee\/swp\/wp-json\/wp\/v2\/comments?post=15835"}],"wp:featuredmedia":[{"embeddable":true,"href":"https:\/\/saxsim.ee\/swp\/wp-json\/wp\/v2\/media\/15840"}],"wp:attachment":[{"href":"https:\/\/saxsim.ee\/swp\/wp-json\/wp\/v2\/media?parent=15835"}],"wp:term":[{"taxonomy":"product_cat","embeddable":true,"href":"https:\/\/saxsim.ee\/swp\/wp-json\/wp\/v2\/product_cat?post=15835"},{"taxonomy":"product_tag","embeddable":true,"href":"https:\/\/saxsim.ee\/swp\/wp-json\/wp\/v2\/product_tag?post=15835"}],"curies":[{"name":"wp","href":"https:\/\/api.w.org\/{rel}","templated":true}]}}