{"id":15800,"date":"2026-03-27T18:47:01","date_gmt":"2026-03-27T16:47:01","guid":{"rendered":"https:\/\/saxsim.ee\/swp\/?post_type=product&#038;p=15800"},"modified":"2026-04-11T10:16:13","modified_gmt":"2026-04-11T07:16:13","slug":"sibel-stationary-appointment-book-registreerimisraamat","status":"publish","type":"product","link":"https:\/\/saxsim.ee\/swp\/product\/sibel-stationary-appointment-book-registreerimisraamat\/","title":{"rendered":"SIBEL Stationary Appointment Book &#8211; registreerimisraamat"},"content":{"rendered":"<p>Spiraalk\u00f6ites registreerimisraamat.<\/p>\n<p>&#8211; tugevdatud kaaned<br \/>\n&#8211; 150 lehek\u00fclge<br \/>\n&#8211; \u00fchel lehek\u00fcljel 4 tulpa<br \/>\n&#8211; kellaajad 8.00\u201320.00, intervall 15 min.<br \/>\n&#8211; tulba alguses lahter kuup\u00e4eva\/nime jaoks<\/p>\n","protected":false},"excerpt":{"rendered":"<p>Spiraalk\u00f6ites registreerimisraamat. &#8211; tugevdatud kaaned &#8211; 150 lehek\u00fclge &#8211; \u00fchel lehek\u00fcljel 4 tulpa &#8211; kellaajad 8.00\u201320.00, intervall 15 min. &#8211; tulba alguses lahter kuup\u00e4eva\/nime jaoks<\/p>\n","protected":false},"featured_media":15801,"comment_status":"closed","ping_status":"closed","template":"","meta":[],"product_cat":[368,577,597,401],"product_tag":[],"class_list":{"0":"post-15800","1":"product","2":"type-product","3":"status-publish","4":"has-post-thumbnail","6":"product_cat-registreerimisraamatud","7":"product_cat-iluteenindaja-tarvikud","8":"product_cat-registreerimisraamatud-iluteenindaja-tarvikud","9":"product_cat-juuksuri-tarvikud","11":"first","12":"instock","13":"taxable","14":"shipping-taxable","15":"purchasable","16":"product-type-simple"},"_links":{"self":[{"href":"https:\/\/saxsim.ee\/swp\/wp-json\/wp\/v2\/product\/15800"}],"collection":[{"href":"https:\/\/saxsim.ee\/swp\/wp-json\/wp\/v2\/product"}],"about":[{"href":"https:\/\/saxsim.ee\/swp\/wp-json\/wp\/v2\/types\/product"}],"replies":[{"embeddable":true,"href":"https:\/\/saxsim.ee\/swp\/wp-json\/wp\/v2\/comments?post=15800"}],"wp:featuredmedia":[{"embeddable":true,"href":"https:\/\/saxsim.ee\/swp\/wp-json\/wp\/v2\/media\/15801"}],"wp:attachment":[{"href":"https:\/\/saxsim.ee\/swp\/wp-json\/wp\/v2\/media?parent=15800"}],"wp:term":[{"taxonomy":"product_cat","embeddable":true,"href":"https:\/\/saxsim.ee\/swp\/wp-json\/wp\/v2\/product_cat?post=15800"},{"taxonomy":"product_tag","embeddable":true,"href":"https:\/\/saxsim.ee\/swp\/wp-json\/wp\/v2\/product_tag?post=15800"}],"curies":[{"name":"wp","href":"https:\/\/api.w.org\/{rel}","templated":true}]}}