{"id":15794,"date":"2026-03-26T07:57:30","date_gmt":"2026-03-26T05:57:30","guid":{"rendered":"https:\/\/saxsim.ee\/swp\/?post_type=product&#038;p=15794"},"modified":"2026-03-29T17:45:52","modified_gmt":"2026-03-29T14:45:52","slug":"shorai-symmetric-5535-thinning-fileerkaarid-55%e2%80%b3","status":"publish","type":"product","link":"https:\/\/saxsim.ee\/swp\/product\/shorai-symmetric-5535-thinning-fileerkaarid-55%e2%80%b3\/","title":{"rendered":"Sh\u014drai Symmetric 5535 Thinning &#8211; fileerk\u00e4\u00e4rid 5,5\u2033"},"content":{"rendered":"<p>Jaapani terasest Sh\u014drai fileerk\u00e4\u00e4rid on k\u00e4sitsi valmistatud. K\u00e4\u00e4rid on taskukohased ja v\u00e4ga hea kvaliteediga. Hea valik koolidele ja\u00a0alustavatele juuksuritele.<\/p>\n<p><strong>Disainielemendid:<\/strong><\/p>\n<p>&#8211; l\u00e4ikiva viimistlusega, 440c roostevaba teras<br \/>\n&#8211; s\u00fcmmeetrilise kujuga<br \/>\n&#8211; kaks eemaldatavat s\u00f5rmetuge<br \/>\n&#8211; lame, s\u00fcvistatud reguleerimiskruvi<br \/>\n&#8211; 35 hambaga l\u00f5ikustera<br \/>\n&#8211; normaalse suurusega s\u00f5rmeavad<br \/>\n&#8211; reguleerimisv\u00f5ti, \u00f5li ja puhastuslapp<\/p>\n","protected":false},"excerpt":{"rendered":"<p>Jaapani terasest Sh\u014drai fileerk\u00e4\u00e4rid on k\u00e4sitsi valmistatud. K\u00e4\u00e4rid on taskukohased ja v\u00e4ga hea kvaliteediga. Hea valik koolidele ja\u00a0alustavatele juuksuritele. Disainielemendid: &#8211; l\u00e4ikiva viimistlusega, 440c roostevaba teras &#8211; s\u00fcmmeetrilise kujuga &#8211; kaks eemaldatavat s\u00f5rmetuge &#8211; lame, s\u00fcvistatud reguleerimiskruvi &#8211; 35 hambaga l\u00f5ikustera &#8211; normaalse suurusega s\u00f5rmeavad &#8211; reguleerimisv\u00f5ti, \u00f5li ja puhastuslapp<\/p>\n","protected":false},"featured_media":15795,"comment_status":"closed","ping_status":"closed","template":"","meta":[],"product_cat":[792,706,401,174,277],"product_tag":[],"class_list":{"0":"post-15794","1":"product","2":"type-product","3":"status-publish","4":"has-post-thumbnail","6":"product_cat-uued-tooted","7":"product_cat-shorai","8":"product_cat-juuksuri-tarvikud","9":"product_cat-kaarid","10":"product_cat-fileerkaarid","12":"first","13":"instock","14":"taxable","15":"shipping-taxable","16":"purchasable","17":"product-type-simple"},"_links":{"self":[{"href":"https:\/\/saxsim.ee\/swp\/wp-json\/wp\/v2\/product\/15794"}],"collection":[{"href":"https:\/\/saxsim.ee\/swp\/wp-json\/wp\/v2\/product"}],"about":[{"href":"https:\/\/saxsim.ee\/swp\/wp-json\/wp\/v2\/types\/product"}],"replies":[{"embeddable":true,"href":"https:\/\/saxsim.ee\/swp\/wp-json\/wp\/v2\/comments?post=15794"}],"wp:featuredmedia":[{"embeddable":true,"href":"https:\/\/saxsim.ee\/swp\/wp-json\/wp\/v2\/media\/15795"}],"wp:attachment":[{"href":"https:\/\/saxsim.ee\/swp\/wp-json\/wp\/v2\/media?parent=15794"}],"wp:term":[{"taxonomy":"product_cat","embeddable":true,"href":"https:\/\/saxsim.ee\/swp\/wp-json\/wp\/v2\/product_cat?post=15794"},{"taxonomy":"product_tag","embeddable":true,"href":"https:\/\/saxsim.ee\/swp\/wp-json\/wp\/v2\/product_tag?post=15794"}],"curies":[{"name":"wp","href":"https:\/\/api.w.org\/{rel}","templated":true}]}}