{"id":15784,"date":"2026-03-26T06:34:00","date_gmt":"2026-03-26T04:34:00","guid":{"rendered":"https:\/\/saxsim.ee\/swp\/?post_type=product&#038;p=15784"},"modified":"2026-03-29T18:31:47","modified_gmt":"2026-03-29T15:31:47","slug":"the-rounder-tool","status":"publish","type":"product","link":"https:\/\/saxsim.ee\/swp\/product\/the-rounder-tool\/","title":{"rendered":"The Rounder &#8211; tool"},"content":{"rendered":"<p>Kvaliteetne, vastupidavast PU-nahast tool juuksurile v\u00f5i kosmeetikule.<\/p>\n<p>&#8211; \u00fcmmargune iste, \u00f8 36 cm<br \/>\n&#8211; 5-haruline alumiiniumjalg, \u00f8 52 cm<br \/>\n&#8211; reguleeritava k\u00f5rgusega ( 37 &#8211; 56 cm. ) gaasipump<br \/>\n&#8211; tooli k\u00f5rgust saab reguleerida vahemikus 57 &#8211; 73 cm (m\u00f5\u00f5detuna p\u00f5randast istumisk\u00f5rguseni)<br \/>\n&#8211; kummist Deluxe rattad<\/p>\n<p>&nbsp;<\/p>\n","protected":false},"excerpt":{"rendered":"<p>Kvaliteetne, vastupidavast PU-nahast tool juuksurile v\u00f5i kosmeetikule. &#8211; \u00fcmmargune iste, \u00f8 36 cm &#8211; 5-haruline alumiiniumjalg, \u00f8 52 cm &#8211; reguleeritava k\u00f5rgusega ( 37 &#8211; 56 cm. ) gaasipump &#8211; tooli k\u00f5rgust saab reguleerida vahemikus 57 &#8211; 73 cm (m\u00f5\u00f5detuna p\u00f5randast istumisk\u00f5rguseni) &#8211; kummist Deluxe rattad &nbsp;<\/p>\n","protected":false},"featured_media":15805,"comment_status":"closed","ping_status":"closed","template":"","meta":[],"product_cat":[792,325,333,400,589,577,401],"product_tag":[],"class_list":{"0":"post-15784","1":"product","2":"type-product","3":"status-publish","4":"has-post-thumbnail","6":"product_cat-uued-tooted","7":"product_cat-juuksuri-ja-ilusalongi-sisustus","8":"product_cat-tootoolid","9":"product_cat-ilusalongi-sisustus","10":"product_cat-tootoolid-ilusalongi-sisustus","11":"product_cat-iluteenindaja-tarvikud","12":"product_cat-juuksuri-tarvikud","14":"first","15":"instock","16":"taxable","17":"shipping-taxable","18":"purchasable","19":"product-type-simple"},"_links":{"self":[{"href":"https:\/\/saxsim.ee\/swp\/wp-json\/wp\/v2\/product\/15784"}],"collection":[{"href":"https:\/\/saxsim.ee\/swp\/wp-json\/wp\/v2\/product"}],"about":[{"href":"https:\/\/saxsim.ee\/swp\/wp-json\/wp\/v2\/types\/product"}],"replies":[{"embeddable":true,"href":"https:\/\/saxsim.ee\/swp\/wp-json\/wp\/v2\/comments?post=15784"}],"wp:featuredmedia":[{"embeddable":true,"href":"https:\/\/saxsim.ee\/swp\/wp-json\/wp\/v2\/media\/15805"}],"wp:attachment":[{"href":"https:\/\/saxsim.ee\/swp\/wp-json\/wp\/v2\/media?parent=15784"}],"wp:term":[{"taxonomy":"product_cat","embeddable":true,"href":"https:\/\/saxsim.ee\/swp\/wp-json\/wp\/v2\/product_cat?post=15784"},{"taxonomy":"product_tag","embeddable":true,"href":"https:\/\/saxsim.ee\/swp\/wp-json\/wp\/v2\/product_tag?post=15784"}],"curies":[{"name":"wp","href":"https:\/\/api.w.org\/{rel}","templated":true}]}}