{"id":15776,"date":"2026-03-25T09:22:17","date_gmt":"2026-03-25T07:22:17","guid":{"rendered":"https:\/\/saxsim.ee\/swp\/?post_type=product&#038;p=15776"},"modified":"2026-04-01T21:20:29","modified_gmt":"2026-04-01T18:20:29","slug":"sensiperm-neutralizer-mix-1000-ml-11-lahjendatav-kinniti","status":"publish","type":"product","link":"https:\/\/saxsim.ee\/swp\/product\/sensiperm-neutralizer-mix-1000-ml-11-lahjendatav-kinniti\/","title":{"rendered":"SensiPerm Neutralizer Mix, 1000 ml. &#8211; 1+1 lahjendatav kinniti"},"content":{"rendered":"<p>Lahjendatav kelaativ kinnitaja, mis ka hooldab juukseid. Sobib normaalsetele ja t\u00f6\u00f6deldud juustele.<\/p>\n<p>&#8211; Lahjendatav kinnitaja k\u00f5ikidele lokivedelikele.<br \/>\n&#8211; Lahjendussuhe 1:1.<br \/>\n&#8211; Kinnitaja kelaadib juustest lisandeid.<br \/>\n&#8211; Sobib normaalsetele ja t\u00f6\u00f6deldud juustele.<br \/>\n&#8211; L\u00f5hnastamata ja vegan.<br \/>\n&#8211; Arendatud ja toodetud Soomes.<\/p>\n<p>SensiPerm on professionaalseks kasutamiseks loodud lokitoodete sari, mis v\u00f5imaldab luua pehmeid, loomuliku v\u00e4limusega ja elavaid lokke. Lokivedelik kujundab \u00fcmber juuste v\u00e4\u00e4vlisildu, tugevdades samal ajal juuste struktuuri ning parandades ja ennetades juuksekutiikuli kahjustusi. Kui keemilised lokid tehakse juuste seisundit tarbetult koormamata, on l\u00f5pptulemuseks lokid, mis mitte ainult ei n\u00e4e head v\u00e4lja, vaid tunduvad ka loomulikud ja pehmed.<\/p>\n<p><strong>Kasutamine:<\/strong> Kandke kaitsekindaid. Loputage juukseid p\u00f5hjalikult veega umbes 5 minutit, olenevalt juuste pikkusest. Kuivatage juuksed \u00f5rnalt r\u00e4tikuga. Segage plastkausis v\u00f5i aplikaatorpudelis 70 ml SensiPerm Neutralizer Mix kinnitajat ja 70 ml vett. Suhe 1:1. Kandke lokirullidele keeratud juustele ja laske m\u00f5juda 5 minutit. Eemaldage ettevaatlikult rullid ja kandke \u00fclej\u00e4\u00e4nud kinnitaja juuste otstele. Laske m\u00f5juda 5 minutit . Loputage juukseid hoolikalt ja kandke peale palsam. Viimistlege juukseid soovitud viisil.<\/p>\n<p><strong>Kasutage lahjendatud kinnitajat koheselt. \u00c4rge s\u00e4ilitage \u00fclej\u00e4\u00e4nud lahjendatud kinnitajat!<\/strong><\/p>\n<p>pH:<\/p>\n","protected":false},"excerpt":{"rendered":"<p>Lahjendatav kelaativ kinnitaja, mis ka hooldab juukseid. Sobib normaalsetele ja t\u00f6\u00f6deldud juustele. &#8211; Lahjendatav kinnitaja k\u00f5ikidele lokivedelikele. &#8211; Lahjendussuhe 1:1. &#8211; Kinnitaja kelaadib juustest lisandeid. &#8211; Sobib normaalsetele ja t\u00f6\u00f6deldud juustele. &#8211; L\u00f5hnastamata ja vegan. &#8211; Arendatud ja toodetud Soomes. SensiPerm on professionaalseks kasutamiseks loodud lokitoodete sari, mis v\u00f5imaldab luua pehmeid, loomuliku v\u00e4limusega ja elavaid [&hellip;]<\/p>\n","protected":false},"featured_media":15777,"comment_status":"closed","ping_status":"closed","template":"","meta":[],"product_cat":[792,395,249],"product_tag":[637],"class_list":{"0":"post-15776","1":"product","2":"type-product","3":"status-publish","4":"has-post-thumbnail","6":"product_cat-uued-tooted","7":"product_cat-juuksed","8":"product_cat-lokivedelikud-kinnitajad","9":"product_tag-profitoode","11":"first","12":"instock","13":"taxable","14":"shipping-taxable","15":"purchasable","16":"product-type-simple"},"_links":{"self":[{"href":"https:\/\/saxsim.ee\/swp\/wp-json\/wp\/v2\/product\/15776"}],"collection":[{"href":"https:\/\/saxsim.ee\/swp\/wp-json\/wp\/v2\/product"}],"about":[{"href":"https:\/\/saxsim.ee\/swp\/wp-json\/wp\/v2\/types\/product"}],"replies":[{"embeddable":true,"href":"https:\/\/saxsim.ee\/swp\/wp-json\/wp\/v2\/comments?post=15776"}],"wp:featuredmedia":[{"embeddable":true,"href":"https:\/\/saxsim.ee\/swp\/wp-json\/wp\/v2\/media\/15777"}],"wp:attachment":[{"href":"https:\/\/saxsim.ee\/swp\/wp-json\/wp\/v2\/media?parent=15776"}],"wp:term":[{"taxonomy":"product_cat","embeddable":true,"href":"https:\/\/saxsim.ee\/swp\/wp-json\/wp\/v2\/product_cat?post=15776"},{"taxonomy":"product_tag","embeddable":true,"href":"https:\/\/saxsim.ee\/swp\/wp-json\/wp\/v2\/product_tag?post=15776"}],"curies":[{"name":"wp","href":"https:\/\/api.w.org\/{rel}","templated":true}]}}