{"id":15774,"date":"2026-03-25T09:19:18","date_gmt":"2026-03-25T07:19:18","guid":{"rendered":"https:\/\/saxsim.ee\/swp\/?post_type=product&#038;p=15774"},"modified":"2026-04-01T20:05:32","modified_gmt":"2026-04-01T17:05:32","slug":"sensiperm-primer-100-ml-keemilise-loki-eeltootlusaine","status":"publish","type":"product","link":"https:\/\/saxsim.ee\/swp\/product\/sensiperm-primer-100-ml-keemilise-loki-eeltootlusaine\/","title":{"rendered":"SensiPerm Primer, 100 ml. &#8211; keemilise loki eelt\u00f6\u00f6tlusaine"},"content":{"rendered":"<p>Eelt\u00f6\u00f6tlusvahend silub juuste struktuuri ja poorsuse erinevusi enne keemiliste lokkide tegemist.<\/p>\n<p>&#8211; Silub juuste struktuuri enne keemilist t\u00f6\u00f6tlemist.<br \/>\n&#8211; Soovitatakse kasutada t\u00f6\u00f6deldud ja pleegitatud juustel.<br \/>\n&#8211; L\u00f5hnastamata ja vegan.<br \/>\n&#8211; Arendatud ja toodetud Soomes.<\/p>\n<p>T\u00f5hus eelt\u00f6\u00f6tlusvahend aitab kaitsta juukseid keemilise t\u00f6\u00f6tlemise ajal. Primer muudab lokkide keeramise lihtsamaks, hoiab \u00e4ra eba\u00fchtlase loki tekkimise ja toetab lokivahendi \u00fchtlast toimet. Selle taastavad ja niisutavad toimeained tugevdavad juukseid, parandavad juuste k\u00e4sitletavust ja aitavad s\u00e4ilitada \u00fchtlast niiskustasakaalu kogu lokiprotsessi v\u00e4ltel.<\/p>\n<p><strong>Kasutamine:<\/strong> Pihusta eelt\u00f6\u00f6tlusvahendit r\u00e4tikuga kuivatatud juustele, eriti kahjustatud ja poorsetele kohtadele. Kammi juukseid hoolikalt, et toode \u00fchtlaselt jaotuks. \u00c4ra loputa toodet maha. J\u00e4tka lokkide tegemist nagu tavaliselt.<\/p>\n<p>pH:<\/p>\n<p><strong>N\u00e4pun\u00e4ide!<\/strong> Sobib kasutamiseks ka teiste keemiliste t\u00f6\u00f6tluste all.<\/p>\n","protected":false},"excerpt":{"rendered":"<p>Eelt\u00f6\u00f6tlusvahend silub juuste struktuuri ja poorsuse erinevusi enne keemiliste lokkide tegemist. &#8211; Silub juuste struktuuri enne keemilist t\u00f6\u00f6tlemist. &#8211; Soovitatakse kasutada t\u00f6\u00f6deldud ja pleegitatud juustel. &#8211; L\u00f5hnastamata ja vegan. &#8211; Arendatud ja toodetud Soomes. T\u00f5hus eelt\u00f6\u00f6tlusvahend aitab kaitsta juukseid keemilise t\u00f6\u00f6tlemise ajal. Primer muudab lokkide keeramise lihtsamaks, hoiab \u00e4ra eba\u00fchtlase loki tekkimise ja toetab lokivahendi [&hellip;]<\/p>\n","protected":false},"featured_media":15775,"comment_status":"closed","ping_status":"closed","template":"","meta":[],"product_cat":[792,395,249],"product_tag":[637],"class_list":{"0":"post-15774","1":"product","2":"type-product","3":"status-publish","4":"has-post-thumbnail","6":"product_cat-uued-tooted","7":"product_cat-juuksed","8":"product_cat-lokivedelikud-kinnitajad","9":"product_tag-profitoode","11":"first","12":"instock","13":"taxable","14":"shipping-taxable","15":"purchasable","16":"product-type-simple"},"_links":{"self":[{"href":"https:\/\/saxsim.ee\/swp\/wp-json\/wp\/v2\/product\/15774"}],"collection":[{"href":"https:\/\/saxsim.ee\/swp\/wp-json\/wp\/v2\/product"}],"about":[{"href":"https:\/\/saxsim.ee\/swp\/wp-json\/wp\/v2\/types\/product"}],"replies":[{"embeddable":true,"href":"https:\/\/saxsim.ee\/swp\/wp-json\/wp\/v2\/comments?post=15774"}],"wp:featuredmedia":[{"embeddable":true,"href":"https:\/\/saxsim.ee\/swp\/wp-json\/wp\/v2\/media\/15775"}],"wp:attachment":[{"href":"https:\/\/saxsim.ee\/swp\/wp-json\/wp\/v2\/media?parent=15774"}],"wp:term":[{"taxonomy":"product_cat","embeddable":true,"href":"https:\/\/saxsim.ee\/swp\/wp-json\/wp\/v2\/product_cat?post=15774"},{"taxonomy":"product_tag","embeddable":true,"href":"https:\/\/saxsim.ee\/swp\/wp-json\/wp\/v2\/product_tag?post=15774"}],"curies":[{"name":"wp","href":"https:\/\/api.w.org\/{rel}","templated":true}]}}