{"id":15764,"date":"2026-03-25T09:03:38","date_gmt":"2026-03-25T07:03:38","guid":{"rendered":"https:\/\/saxsim.ee\/swp\/?post_type=product&#038;p=15764"},"modified":"2026-04-01T20:15:00","modified_gmt":"2026-04-01T17:15:00","slug":"sensiperm-1-100-ml-lokivedelik-normaalsetele-juustele","status":"publish","type":"product","link":"https:\/\/saxsim.ee\/swp\/product\/sensiperm-1-100-ml-lokivedelik-normaalsetele-juustele\/","title":{"rendered":"SensiPerm 1, 100 ml. &#8211; lokivedelik normaalsetele juustele"},"content":{"rendered":"<p>Niisutav ja hooldav lokivedelik normaalsetele juustele.<\/p>\n<p>\u2013 SensiPerm 1 tugevus on m\u00f5eldud normaalselt t\u00f6\u00f6deldavatele juustele.<br \/>\n\u2013 L\u00f5hnastamata ja vegan.<br \/>\n\u2013 V\u00e4ljat\u00f6\u00f6tatud ja toodetud Soomes.<\/p>\n<p>SensiPerm on professionaalseks kasutamiseks loodud lokitoodete sari, mis v\u00f5imaldab luua pehmeid, loomuliku v\u00e4limusega ja elavaid lokke. Lokivedelik kujundab \u00fcmber juuste v\u00e4\u00e4vlisildu, tugevdades samal ajal juuste struktuuri ning parandades ja ennetades juuksekutiikuli kahjustusi. Kui keemilised lokid tehakse juuste seisundit tarbetult koormamata, on l\u00f5pptulemuseks lokid, mis mitte ainult ei n\u00e4e head v\u00e4lja, vaid tunduvad ka loomulikud ja pehmed.<\/p>\n<p><strong>Kasutamine:<\/strong> Kandke lokivedelik rullidele. Niisutage igat lokirulli v\u00e4hemalt kaks korda, et lahus jaotuks juustesse \u00fchtlaselt. Laske m\u00f5juda 10\u201320 minutit. Kontrollige testlokke 10 minuti m\u00f6\u00f6dumisel ja vajadusel pikendage m\u00f5juaega. Lokivedeliku juustest eemaldamiseks, loputage lokirulle p\u00f5hjalikult ja kuivatage liigne vesi r\u00e4tikuga. J\u00e4tkake t\u00f6\u00f6tlust sobiva kinnitajaga.<\/p>\n<p>SensiPerm lokivedelikku on saada 3 erinevat tugevust \u2013 0, 1 ja 2.<\/p>\n<p>Saadaval ka 1000 ml suuruses pakendis.<\/p>\n<p>pH: 8,5<\/p>\n","protected":false},"excerpt":{"rendered":"<p>Niisutav ja hooldav lokivedelik normaalsetele juustele. \u2013 SensiPerm 1 tugevus on m\u00f5eldud normaalselt t\u00f6\u00f6deldavatele juustele. \u2013 L\u00f5hnastamata ja vegan. \u2013 V\u00e4ljat\u00f6\u00f6tatud ja toodetud Soomes. SensiPerm on professionaalseks kasutamiseks loodud lokitoodete sari, mis v\u00f5imaldab luua pehmeid, loomuliku v\u00e4limusega ja elavaid lokke. Lokivedelik kujundab \u00fcmber juuste v\u00e4\u00e4vlisildu, tugevdades samal ajal juuste struktuuri ning parandades ja ennetades juuksekutiikuli [&hellip;]<\/p>\n","protected":false},"featured_media":15765,"comment_status":"closed","ping_status":"closed","template":"","meta":[],"product_cat":[792,395,249],"product_tag":[637],"class_list":{"0":"post-15764","1":"product","2":"type-product","3":"status-publish","4":"has-post-thumbnail","6":"product_cat-uued-tooted","7":"product_cat-juuksed","8":"product_cat-lokivedelikud-kinnitajad","9":"product_tag-profitoode","11":"first","12":"instock","13":"taxable","14":"shipping-taxable","15":"purchasable","16":"product-type-simple"},"_links":{"self":[{"href":"https:\/\/saxsim.ee\/swp\/wp-json\/wp\/v2\/product\/15764"}],"collection":[{"href":"https:\/\/saxsim.ee\/swp\/wp-json\/wp\/v2\/product"}],"about":[{"href":"https:\/\/saxsim.ee\/swp\/wp-json\/wp\/v2\/types\/product"}],"replies":[{"embeddable":true,"href":"https:\/\/saxsim.ee\/swp\/wp-json\/wp\/v2\/comments?post=15764"}],"wp:featuredmedia":[{"embeddable":true,"href":"https:\/\/saxsim.ee\/swp\/wp-json\/wp\/v2\/media\/15765"}],"wp:attachment":[{"href":"https:\/\/saxsim.ee\/swp\/wp-json\/wp\/v2\/media?parent=15764"}],"wp:term":[{"taxonomy":"product_cat","embeddable":true,"href":"https:\/\/saxsim.ee\/swp\/wp-json\/wp\/v2\/product_cat?post=15764"},{"taxonomy":"product_tag","embeddable":true,"href":"https:\/\/saxsim.ee\/swp\/wp-json\/wp\/v2\/product_tag?post=15764"}],"curies":[{"name":"wp","href":"https:\/\/api.w.org\/{rel}","templated":true}]}}