{"id":15690,"date":"2026-02-24T09:56:07","date_gmt":"2026-02-24T07:56:07","guid":{"rendered":"https:\/\/saxsim.ee\/swp\/?post_type=product&#038;p=15690"},"modified":"2026-02-24T09:58:42","modified_gmt":"2026-02-24T07:58:42","slug":"shorai-ergonomic-65-loikuskaarid","status":"publish","type":"product","link":"https:\/\/saxsim.ee\/swp\/product\/shorai-ergonomic-65-loikuskaarid\/","title":{"rendered":"Sh\u014drai Ergonomic 6,5&#8243; &#8211; l\u00f5ikusk\u00e4\u00e4rid"},"content":{"rendered":"<p>Sh\u014drai k\u00e4\u00e4rid on k\u00e4sitsi valmistatud. K\u00e4\u00e4rid on taskukohased ja v\u00e4ga hea kvaliteediga. Hea valik koolidele ja\u00a0alustavatele juuksuritele.<\/p>\n<p><strong>Disainielemendid:<\/strong><br \/>\nergonoomilise kujuga<\/p>\n<p>p\u00fcsiva s\u00f5rmetoega<\/p>\n<p>lame, s\u00fcvistatud reguleerimiskruvi<\/p>\n<p>regulaarse suurusega tera<\/p>\n<p>v\u00e4iksemad\u00a0s\u00f5rmeavad<\/p>\n<p class=\"fn\">Sh\u014drai Ergonomic k\u00e4\u00e4re on saadaval 4 erinevas suuruses ( 5,0\u2033 kuni 6,5\u2033 ).<\/p>\n<p>&nbsp;<\/p>\n<p>&nbsp;<\/p>\n","protected":false},"excerpt":{"rendered":"<p>Sh\u014drai k\u00e4\u00e4rid on k\u00e4sitsi valmistatud. K\u00e4\u00e4rid on taskukohased ja v\u00e4ga hea kvaliteediga. Hea valik koolidele ja\u00a0alustavatele juuksuritele. Disainielemendid: ergonoomilise kujuga p\u00fcsiva s\u00f5rmetoega lame, s\u00fcvistatud reguleerimiskruvi regulaarse suurusega tera v\u00e4iksemad\u00a0s\u00f5rmeavad Sh\u014drai Ergonomic k\u00e4\u00e4re on saadaval 4 erinevas suuruses ( 5,0\u2033 kuni 6,5\u2033 ). &nbsp; &nbsp;<\/p>\n","protected":false},"featured_media":4373,"comment_status":"closed","ping_status":"closed","template":"","meta":[],"product_cat":[706,401,174,276],"product_tag":[],"class_list":{"0":"post-15690","1":"product","2":"type-product","3":"status-publish","4":"has-post-thumbnail","6":"product_cat-shorai","7":"product_cat-juuksuri-tarvikud","8":"product_cat-kaarid","9":"product_cat-loikuskaarid","11":"first","12":"instock","13":"taxable","14":"shipping-taxable","15":"purchasable","16":"product-type-simple"},"_links":{"self":[{"href":"https:\/\/saxsim.ee\/swp\/wp-json\/wp\/v2\/product\/15690"}],"collection":[{"href":"https:\/\/saxsim.ee\/swp\/wp-json\/wp\/v2\/product"}],"about":[{"href":"https:\/\/saxsim.ee\/swp\/wp-json\/wp\/v2\/types\/product"}],"replies":[{"embeddable":true,"href":"https:\/\/saxsim.ee\/swp\/wp-json\/wp\/v2\/comments?post=15690"}],"wp:featuredmedia":[{"embeddable":true,"href":"https:\/\/saxsim.ee\/swp\/wp-json\/wp\/v2\/media\/4373"}],"wp:attachment":[{"href":"https:\/\/saxsim.ee\/swp\/wp-json\/wp\/v2\/media?parent=15690"}],"wp:term":[{"taxonomy":"product_cat","embeddable":true,"href":"https:\/\/saxsim.ee\/swp\/wp-json\/wp\/v2\/product_cat?post=15690"},{"taxonomy":"product_tag","embeddable":true,"href":"https:\/\/saxsim.ee\/swp\/wp-json\/wp\/v2\/product_tag?post=15690"}],"curies":[{"name":"wp","href":"https:\/\/api.w.org\/{rel}","templated":true}]}}