{"id":15676,"date":"2026-02-19T11:40:38","date_gmt":"2026-02-19T09:40:38","guid":{"rendered":"https:\/\/saxsim.ee\/swp\/?post_type=product&#038;p=15676"},"modified":"2026-02-19T12:07:52","modified_gmt":"2026-02-19T10:07:52","slug":"ds-detangling-milk-200-ml-juuksepusasid-harutav-hooldusaine","status":"publish","type":"product","link":"https:\/\/saxsim.ee\/swp\/product\/ds-detangling-milk-200-ml-juuksepusasid-harutav-hooldusaine\/","title":{"rendered":"DS Detangling Milk 200 ml. &#8211; juuksepusasid harutav hooldusaine"},"content":{"rendered":"<p>L\u00f5hnastamata, juuksepusasid harutav, niisutav hooldusaine, mis silub ja kaitseb juukseid. Tugevdab juukseid ja v\u00e4hendab kahu. Sisaldab kuuma-, v\u00e4rvi- ja UV-kaitset.<\/p>\n<p>\u2013 juuksepusasid harutav hooldusaine<br \/>\n\u2013 Sisaldab UV- ja v\u00e4rvikaitset<br \/>\n\u2013 Dermatoloogiliselt testitud tundlikul nahal<br \/>\n\u2013 L\u00f5hnastamata ja vegan<br \/>\n\u2013 Arendatud ja toodetud Soomes<\/p>\n<p>Niisutav hooldusaine silub, kaitseb ja k\u00f5rvaldab juustest kahu. Selle ainulaadne 11 aminohappe kombinatsioon parandab juuste elastsust, lisab l\u00e4iget ja tugevdab juuksekiudu, samas kui niisutavad PCA \u00fchendid aitavad s\u00e4ilitada loomulikku niiskustasakaalu ja parandavad juuksev\u00e4rvi p\u00fcsivust.<\/p>\n<p><strong>Kasutamine: <\/strong>Loksutage pudelit kergelt ja pihustage enne kammimist r\u00e4tikukuivadele juustele.<\/p>\n<p>pH: 3,8<\/p>\n","protected":false},"excerpt":{"rendered":"<p>L\u00f5hnastamata, juuksepusasid harutav, niisutav hooldusaine, mis silub ja kaitseb juukseid. Tugevdab juukseid ja v\u00e4hendab kahu. Sisaldab kuuma-, v\u00e4rvi- ja UV-kaitset. \u2013 juuksepusasid harutav hooldusaine \u2013 Sisaldab UV- ja v\u00e4rvikaitset \u2013 Dermatoloogiliselt testitud tundlikul nahal \u2013 L\u00f5hnastamata ja vegan \u2013 Arendatud ja toodetud Soomes Niisutav hooldusaine silub, kaitseb ja k\u00f5rvaldab juustest kahu. Selle ainulaadne 11 aminohappe [&hellip;]<\/p>\n","protected":false},"featured_media":15677,"comment_status":"closed","ping_status":"closed","template":"","meta":[],"product_cat":[792,728,395,661,694],"product_tag":[],"class_list":{"0":"post-15676","1":"product","2":"type-product","3":"status-publish","4":"has-post-thumbnail","6":"product_cat-uued-tooted","7":"product_cat-ds","8":"product_cat-juuksed","9":"product_cat-pahejaetavad-hooldusained","10":"product_cat-kuumakaitsed","12":"first","13":"instock","14":"taxable","15":"shipping-taxable","16":"purchasable","17":"product-type-simple"},"_links":{"self":[{"href":"https:\/\/saxsim.ee\/swp\/wp-json\/wp\/v2\/product\/15676"}],"collection":[{"href":"https:\/\/saxsim.ee\/swp\/wp-json\/wp\/v2\/product"}],"about":[{"href":"https:\/\/saxsim.ee\/swp\/wp-json\/wp\/v2\/types\/product"}],"replies":[{"embeddable":true,"href":"https:\/\/saxsim.ee\/swp\/wp-json\/wp\/v2\/comments?post=15676"}],"wp:featuredmedia":[{"embeddable":true,"href":"https:\/\/saxsim.ee\/swp\/wp-json\/wp\/v2\/media\/15677"}],"wp:attachment":[{"href":"https:\/\/saxsim.ee\/swp\/wp-json\/wp\/v2\/media?parent=15676"}],"wp:term":[{"taxonomy":"product_cat","embeddable":true,"href":"https:\/\/saxsim.ee\/swp\/wp-json\/wp\/v2\/product_cat?post=15676"},{"taxonomy":"product_tag","embeddable":true,"href":"https:\/\/saxsim.ee\/swp\/wp-json\/wp\/v2\/product_tag?post=15676"}],"curies":[{"name":"wp","href":"https:\/\/api.w.org\/{rel}","templated":true}]}}