{"id":15672,"date":"2026-02-19T11:15:28","date_gmt":"2026-02-19T09:15:28","guid":{"rendered":"https:\/\/saxsim.ee\/swp\/?post_type=product&#038;p=15672"},"modified":"2026-02-19T11:36:46","modified_gmt":"2026-02-19T09:36:46","slug":"ds-moisture-conditioner-200-ml-niisutav-palsam","status":"publish","type":"product","link":"https:\/\/saxsim.ee\/swp\/product\/ds-moisture-conditioner-200-ml-niisutav-palsam\/","title":{"rendered":"DS Moisture Conditioner 200 ml. &#8211; niisutav palsam"},"content":{"rendered":"<p>L\u00f5hnastamata niisutav palsam toidab ja silub kuivi, karedaid ja loomulikult lokkis juukseid. Tugevdab juukseid, eemaldab kahu ja aitab s\u00e4ilitada juuksev\u00e4rvi erksana. Sisaldab UV- ja v\u00e4rvikaitset. Vegan.<\/p>\n<p>\u2013 Niisutab t\u00f5husalt kuivi ja karedaid juukseid<br \/>\n\u2013 Sisaldab UV- ja v\u00e4rvikaitset<br \/>\n\u2013 Ei sisalda silikoone<br \/>\n\u2013 Dermatoloogiliselt testitud tundlikul nahal<br \/>\n\u2013 L\u00f5hnastamata ja vegan<br \/>\n\u2013 Arendatud ja toodetud Soomes<\/p>\n<p><span class=\"HwtZe\" lang=\"et\"><span class=\"jCAhz ChMk0b\"><span class=\"ryNqvb\">S\u00fcgavniisutav palsam muudab juuksed pehmeteks, elastseteks ja kergesti k\u00e4sitletavateks.<\/span><\/span> <span class=\"jCAhz ChMk0b\"><span class=\"ryNqvb\">See sobib ideaalselt lokkis juustele, tugevdab juukseid ja v\u00e4hendab kahu.<\/span><\/span> <span class=\"jCAhz ChMk0b\"><span class=\"ryNqvb\">Hoiab juuksev\u00e4rvi kauem erksana, sobides seega ideaalselt v\u00e4rvitud juustele.<\/span><\/span> <span class=\"jCAhz ChMk0b\"><span class=\"ryNqvb\">Intensiivne niisutus muudab kuivad ja lokkis juuksed pehmeteks, k\u00e4sitletavateks ja kaunilt l\u00e4ikivateks.<\/span><\/span><\/span><\/p>\n<p><strong>Kasutamine:<\/strong>\u00a0Kanna palsam niisketesse juustesse ja lase m\u00f5juda 2-5 min. Loputa korralikult.<\/p>\n<p><strong>Nipp!<\/strong> Suurep\u00e4rane hooldustoode keemiliselt lokitud juustele!<\/p>\n<p>pH: 4,0<\/p>\n<p><strong>DS Moisture Conditioner on saadaval ka suuruses 1000 ml.<\/strong><\/p>\n<p>&nbsp;<\/p>\n","protected":false},"excerpt":{"rendered":"<p>L\u00f5hnastamata niisutav palsam toidab ja silub kuivi, karedaid ja loomulikult lokkis juukseid. Tugevdab juukseid, eemaldab kahu ja aitab s\u00e4ilitada juuksev\u00e4rvi erksana. Sisaldab UV- ja v\u00e4rvikaitset. Vegan. \u2013 Niisutab t\u00f5husalt kuivi ja karedaid juukseid \u2013 Sisaldab UV- ja v\u00e4rvikaitset \u2013 Ei sisalda silikoone \u2013 Dermatoloogiliselt testitud tundlikul nahal \u2013 L\u00f5hnastamata ja vegan \u2013 Arendatud ja toodetud [&hellip;]<\/p>\n","protected":false},"featured_media":15673,"comment_status":"closed","ping_status":"closed","template":"","meta":[],"product_cat":[792,728,395,660],"product_tag":[],"class_list":{"0":"post-15672","1":"product","2":"type-product","3":"status-publish","4":"has-post-thumbnail","6":"product_cat-uued-tooted","7":"product_cat-ds","8":"product_cat-juuksed","9":"product_cat-palsamid","11":"first","12":"instock","13":"taxable","14":"shipping-taxable","15":"purchasable","16":"product-type-simple"},"_links":{"self":[{"href":"https:\/\/saxsim.ee\/swp\/wp-json\/wp\/v2\/product\/15672"}],"collection":[{"href":"https:\/\/saxsim.ee\/swp\/wp-json\/wp\/v2\/product"}],"about":[{"href":"https:\/\/saxsim.ee\/swp\/wp-json\/wp\/v2\/types\/product"}],"replies":[{"embeddable":true,"href":"https:\/\/saxsim.ee\/swp\/wp-json\/wp\/v2\/comments?post=15672"}],"wp:featuredmedia":[{"embeddable":true,"href":"https:\/\/saxsim.ee\/swp\/wp-json\/wp\/v2\/media\/15673"}],"wp:attachment":[{"href":"https:\/\/saxsim.ee\/swp\/wp-json\/wp\/v2\/media?parent=15672"}],"wp:term":[{"taxonomy":"product_cat","embeddable":true,"href":"https:\/\/saxsim.ee\/swp\/wp-json\/wp\/v2\/product_cat?post=15672"},{"taxonomy":"product_tag","embeddable":true,"href":"https:\/\/saxsim.ee\/swp\/wp-json\/wp\/v2\/product_tag?post=15672"}],"curies":[{"name":"wp","href":"https:\/\/api.w.org\/{rel}","templated":true}]}}