{"id":15659,"date":"2026-02-17T18:07:20","date_gmt":"2026-02-17T16:07:20","guid":{"rendered":"https:\/\/saxsim.ee\/swp\/?post_type=product&#038;p=15659"},"modified":"2026-02-17T18:37:06","modified_gmt":"2026-02-17T16:37:06","slug":"ds-moisture-shampoo-250-ml-niisutav-sampoon","status":"publish","type":"product","link":"https:\/\/saxsim.ee\/swp\/product\/ds-moisture-shampoo-250-ml-niisutav-sampoon\/","title":{"rendered":"DS Moisture Shampoo 250 ml. &#8211; niisutav \u0161ampoon"},"content":{"rendered":"<p>L\u00f5hnastamata, sulfaadivaba niisutav \u0161ampoon kuivadele, karedatele ja loomulikult lokkis juustele. Niisutab ja tugevdab juuksekiude, v\u00e4hendades juuste murdumist. Aitab hoida juuksev\u00e4rvi erksa ja elavana. Sisaldab UV- ja v\u00e4rvikaitset. Vegan.<\/p>\n<p>&#8211;\u00a0Niisutab t\u00f5husalt kuivi ja karedaid juukseid<br \/>\n&#8211; Sisaldab UV- ja v\u00e4rvikaitset<br \/>\n&#8211; Ei sisalda sulfaate ega silikoone<br \/>\n&#8211; Dermatoloogiliselt testitud tundlikul nahal<br \/>\n&#8211; L\u00f5hnastamata ja vegan<br \/>\n&#8211; Arendatud ja toodetud Soomes<\/p>\n<p>\u00d5rn \u0161ampoon puhastab juukseid t\u00f5husalt, s\u00e4ilitades samal ajal peanaha loomuliku niiskustasakaalu ja ennetades kuivumise eest. Niisutab ja tugevdab juuksekiude, v\u00e4hendades juuste murdumist. Aitab juuksev\u00e4rvi kauem erksana hoida, sobides seega ideaalselt v\u00e4rvitud juustele. Juuksed j\u00e4\u00e4vad peale pesu kohevateks, muutmata neid raskeks.<\/p>\n<p><strong>Kasutamine: <\/strong>Kanna \u0161ampoon niisketesse juustesse, aja vahule ja loputa hoolikalt.<\/p>\n<p><strong>Nipp!<\/strong> Suurep\u00e4rane hooldustoode keemiliselt lokitud juustele!<\/p>\n<p>pH: 5,3<\/p>\n<p><strong>DS Moisture Shampoo on saadaval ka suuruses 1000 ml.<\/strong><\/p>\n","protected":false},"excerpt":{"rendered":"<p>L\u00f5hnastamata, sulfaadivaba niisutav \u0161ampoon kuivadele, karedatele ja loomulikult lokkis juustele. Niisutab ja tugevdab juuksekiude, v\u00e4hendades juuste murdumist. Aitab hoida juuksev\u00e4rvi erksa ja elavana. Sisaldab UV- ja v\u00e4rvikaitset. Vegan. &#8211;\u00a0Niisutab t\u00f5husalt kuivi ja karedaid juukseid &#8211; Sisaldab UV- ja v\u00e4rvikaitset &#8211; Ei sisalda sulfaate ega silikoone &#8211; Dermatoloogiliselt testitud tundlikul nahal &#8211; L\u00f5hnastamata ja vegan &#8211; [&hellip;]<\/p>\n","protected":false},"featured_media":15660,"comment_status":"closed","ping_status":"closed","template":"","meta":[],"product_cat":[792,728,395,659],"product_tag":[],"class_list":{"0":"post-15659","1":"product","2":"type-product","3":"status-publish","4":"has-post-thumbnail","6":"product_cat-uued-tooted","7":"product_cat-ds","8":"product_cat-juuksed","9":"product_cat-sampoonid","11":"first","12":"instock","13":"taxable","14":"shipping-taxable","15":"purchasable","16":"product-type-simple"},"_links":{"self":[{"href":"https:\/\/saxsim.ee\/swp\/wp-json\/wp\/v2\/product\/15659"}],"collection":[{"href":"https:\/\/saxsim.ee\/swp\/wp-json\/wp\/v2\/product"}],"about":[{"href":"https:\/\/saxsim.ee\/swp\/wp-json\/wp\/v2\/types\/product"}],"replies":[{"embeddable":true,"href":"https:\/\/saxsim.ee\/swp\/wp-json\/wp\/v2\/comments?post=15659"}],"wp:featuredmedia":[{"embeddable":true,"href":"https:\/\/saxsim.ee\/swp\/wp-json\/wp\/v2\/media\/15660"}],"wp:attachment":[{"href":"https:\/\/saxsim.ee\/swp\/wp-json\/wp\/v2\/media?parent=15659"}],"wp:term":[{"taxonomy":"product_cat","embeddable":true,"href":"https:\/\/saxsim.ee\/swp\/wp-json\/wp\/v2\/product_cat?post=15659"},{"taxonomy":"product_tag","embeddable":true,"href":"https:\/\/saxsim.ee\/swp\/wp-json\/wp\/v2\/product_tag?post=15659"}],"curies":[{"name":"wp","href":"https:\/\/api.w.org\/{rel}","templated":true}]}}