{"id":15657,"date":"2026-02-17T18:02:49","date_gmt":"2026-02-17T16:02:49","guid":{"rendered":"https:\/\/saxsim.ee\/swp\/?post_type=product&#038;p=15657"},"modified":"2026-02-17T18:06:03","modified_gmt":"2026-02-17T16:06:03","slug":"ds-repair-conditioner-1000-ml-palsam-toodeldud-juustele","status":"publish","type":"product","link":"https:\/\/saxsim.ee\/swp\/product\/ds-repair-conditioner-1000-ml-palsam-toodeldud-juustele\/","title":{"rendered":"DS Repair Conditioner 1000 ml. &#8211; palsam t\u00f6\u00f6deldud juustele"},"content":{"rendered":"<p>L\u00f5hnastamata, taastav palsam t\u00f6\u00f6deldud juustele. Tugevdab, toidab ja niisutab juukseid, ennetades juuste murdumise. Annab kauni l\u00e4ike ja muudab juuksed kergemini kammitavateks. Sisaldab UV- ja v\u00e4rvikaitset. Vegan.<\/p>\n<p>&#8211; Taastav palsam kahjustatud juustele<br \/>\n&#8211; Sisaldab UV- ja v\u00e4rvikaitset<br \/>\n&#8211; Ei sisalda silikoone<br \/>\n&#8211; Dermatoloogiliselt testitud tundlikul nahal<br \/>\n&#8211; L\u00f5hnastamata ja vegan<br \/>\n&#8211; Arendatud ja toodetud Soomes<\/p>\n<p>Palsam tugevdab, toidab ja niisutab juukseid t\u00f5husalt, taastades nende loomuliku pehmuse, elastsuse ja h\u00f5lpsa k\u00e4sitsemise. Aitab juuksev\u00e4rvi kauem erksana hoida, sobides seega ideaalselt v\u00e4rvitud juustele. Aitab v\u00e4ltida juuste murdumist, annab kauni ja terve l\u00e4ike ning muudab juuksed kergemini kammitavateks, parandades m\u00e4rgatavalt kuivade juuste kammitavust.<\/p>\n<p><strong>Kasutamine:<\/strong> Kanna palsam r\u00e4tikukuivadesse juustesse ja lase m\u00f5juda 2-5 min. Loputa korralikult.<\/p>\n<p>pH: 4,0<\/p>\n<p><strong>DS Repair Conditioner on saadaval ka suuruses 200 ml.<\/strong><\/p>\n","protected":false},"excerpt":{"rendered":"<p>L\u00f5hnastamata, taastav palsam t\u00f6\u00f6deldud juustele. Tugevdab, toidab ja niisutab juukseid, ennetades juuste murdumise. Annab kauni l\u00e4ike ja muudab juuksed kergemini kammitavateks. Sisaldab UV- ja v\u00e4rvikaitset. Vegan. &#8211; Taastav palsam kahjustatud juustele &#8211; Sisaldab UV- ja v\u00e4rvikaitset &#8211; Ei sisalda silikoone &#8211; Dermatoloogiliselt testitud tundlikul nahal &#8211; L\u00f5hnastamata ja vegan &#8211; Arendatud ja toodetud Soomes Palsam [&hellip;]<\/p>\n","protected":false},"featured_media":15658,"comment_status":"closed","ping_status":"closed","template":"","meta":[],"product_cat":[792,728,395,660],"product_tag":[],"class_list":{"0":"post-15657","1":"product","2":"type-product","3":"status-publish","4":"has-post-thumbnail","6":"product_cat-uued-tooted","7":"product_cat-ds","8":"product_cat-juuksed","9":"product_cat-palsamid","11":"first","12":"instock","13":"taxable","14":"shipping-taxable","15":"purchasable","16":"product-type-simple"},"_links":{"self":[{"href":"https:\/\/saxsim.ee\/swp\/wp-json\/wp\/v2\/product\/15657"}],"collection":[{"href":"https:\/\/saxsim.ee\/swp\/wp-json\/wp\/v2\/product"}],"about":[{"href":"https:\/\/saxsim.ee\/swp\/wp-json\/wp\/v2\/types\/product"}],"replies":[{"embeddable":true,"href":"https:\/\/saxsim.ee\/swp\/wp-json\/wp\/v2\/comments?post=15657"}],"wp:featuredmedia":[{"embeddable":true,"href":"https:\/\/saxsim.ee\/swp\/wp-json\/wp\/v2\/media\/15658"}],"wp:attachment":[{"href":"https:\/\/saxsim.ee\/swp\/wp-json\/wp\/v2\/media?parent=15657"}],"wp:term":[{"taxonomy":"product_cat","embeddable":true,"href":"https:\/\/saxsim.ee\/swp\/wp-json\/wp\/v2\/product_cat?post=15657"},{"taxonomy":"product_tag","embeddable":true,"href":"https:\/\/saxsim.ee\/swp\/wp-json\/wp\/v2\/product_tag?post=15657"}],"curies":[{"name":"wp","href":"https:\/\/api.w.org\/{rel}","templated":true}]}}