{"id":15638,"date":"2026-02-16T19:00:11","date_gmt":"2026-02-16T17:00:11","guid":{"rendered":"https:\/\/saxsim.ee\/swp\/?post_type=product&#038;p=15638"},"modified":"2026-02-17T10:16:08","modified_gmt":"2026-02-17T08:16:08","slug":"moser-protect-1500-w-kasifoon","status":"publish","type":"product","link":"https:\/\/saxsim.ee\/swp\/product\/moser-protect-1500-w-kasifoon\/","title":{"rendered":"Moser Protect 1500 W &#8211; k\u00e4sif\u00f6\u00f6n"},"content":{"rendered":"<p>V\u00f5imas professionaalne f\u00f6\u00f6n kiireks kuivatamiseks ja individuaalseks stiliseerimiseks. F\u00f6\u00f6nil on ergonoomiline, libisemisvastase pinnaga k\u00e4epide mugavaks kasutamiseks ja tasakaalustatud kaalujaotus.<\/p>\n<p><strong>Tehnilised andmed:<\/strong><\/p>\n<p>&#8211; AC mootor<br \/>\n&#8211; 220-240 V \/\/ 50-60 Hz<br \/>\n&#8211; 1300-1500 W<br \/>\n&#8211; m\u00f5\u00f5tmed ( pxlxk ): 240 x 90 x 220 mm<br \/>\n&#8211; 2 kiirust<br \/>\n&#8211; 3 kuumusastet<br \/>\n&#8211; k\u00fclma \u00f5huvoo nupp<br \/>\n&#8211; \u00fclekuumenemiskaitse<br \/>\n&#8211; eemaldatav filter<br \/>\n&#8211; 2 \u00f5husuunajat (\u00a0 58&#215;9 mm ja\u00a0 75&#215;9 mm )<br \/>\n&#8211; \u00f5husuunajaid saab kinnitada vertikaalselt v\u00f5i horisontaalselt<br \/>\n&#8211; kaal: u. 570 g. ( ilma juhtmeta )<br \/>\n&#8211; juhe: 2,8 m, riputusaasaga<\/p>\n","protected":false},"excerpt":{"rendered":"<p>V\u00f5imas professionaalne f\u00f6\u00f6n kiireks kuivatamiseks ja individuaalseks stiliseerimiseks. F\u00f6\u00f6nil on ergonoomiline, libisemisvastase pinnaga k\u00e4epide mugavaks kasutamiseks ja tasakaalustatud kaalujaotus. Tehnilised andmed: &#8211; AC mootor &#8211; 220-240 V \/\/ 50-60 Hz &#8211; 1300-1500 W &#8211; m\u00f5\u00f5tmed ( pxlxk ): 240 x 90 x 220 mm &#8211; 2 kiirust &#8211; 3 kuumusastet &#8211; k\u00fclma \u00f5huvoo nupp &#8211; [&hellip;]<\/p>\n","protected":false},"featured_media":15643,"comment_status":"closed","ping_status":"closed","template":"","meta":[],"product_cat":[792,668,401,280,285],"product_tag":[],"class_list":{"0":"post-15638","1":"product","2":"type-product","3":"status-publish","4":"has-post-thumbnail","6":"product_cat-uued-tooted","7":"product_cat-moser","8":"product_cat-juuksuri-tarvikud","9":"product_cat-elektrilised-toovahendid","10":"product_cat-kasifoonid","12":"first","13":"instock","14":"taxable","15":"shipping-taxable","16":"purchasable","17":"product-type-simple"},"_links":{"self":[{"href":"https:\/\/saxsim.ee\/swp\/wp-json\/wp\/v2\/product\/15638"}],"collection":[{"href":"https:\/\/saxsim.ee\/swp\/wp-json\/wp\/v2\/product"}],"about":[{"href":"https:\/\/saxsim.ee\/swp\/wp-json\/wp\/v2\/types\/product"}],"replies":[{"embeddable":true,"href":"https:\/\/saxsim.ee\/swp\/wp-json\/wp\/v2\/comments?post=15638"}],"wp:featuredmedia":[{"embeddable":true,"href":"https:\/\/saxsim.ee\/swp\/wp-json\/wp\/v2\/media\/15643"}],"wp:attachment":[{"href":"https:\/\/saxsim.ee\/swp\/wp-json\/wp\/v2\/media?parent=15638"}],"wp:term":[{"taxonomy":"product_cat","embeddable":true,"href":"https:\/\/saxsim.ee\/swp\/wp-json\/wp\/v2\/product_cat?post=15638"},{"taxonomy":"product_tag","embeddable":true,"href":"https:\/\/saxsim.ee\/swp\/wp-json\/wp\/v2\/product_tag?post=15638"}],"curies":[{"name":"wp","href":"https:\/\/api.w.org\/{rel}","templated":true}]}}