{"id":15589,"date":"2026-02-07T11:34:58","date_gmt":"2026-02-07T09:34:58","guid":{"rendered":"https:\/\/saxsim.ee\/swp\/?post_type=product&#038;p=15589"},"modified":"2026-02-09T08:33:13","modified_gmt":"2026-02-09T06:33:13","slug":"joewell-x-55-loikuskaarid","status":"publish","type":"product","link":"https:\/\/saxsim.ee\/swp\/product\/joewell-x-55-loikuskaarid\/","title":{"rendered":"Joewell X 55 &#8211; l\u00f5ikusk\u00e4\u00e4rid"},"content":{"rendered":"<p>Joewell X 55 k\u00e4\u00e4ridel on 3D-stiilis ergonoomilise nihkega k\u00e4epide, mis on loodud professionaalsetele juuksuritele mugavama l\u00f5ikeasendi v\u00f5imaldamiseks. Taskukohased k\u00e4\u00e4rid FX-funktsioonidega. See seeria laenab palju populaarselt FX-disainilt. Erinevus seisneb selles, et X-seeria on valmistatud uuest sulamist ja seet\u00f5ttu on hind oluliselt madalam. K\u00e4\u00e4ridel on Joewelli standardse kujuga terad, mis sobivad suurep\u00e4raselt igap\u00e4evaseks kasutamiseks.<\/p>\n<p><strong>Eelised:<\/strong> taskukohane (uus sulam)<\/p>\n<p><strong>Disainielemendid:<\/strong><br \/>\nOffset 3D k\u00e4epide<br \/>\nlame, s\u00fcvistatud reguleerimiskruvi<br \/>\neemaldatav s\u00f5rmetugi<br \/>\nregulaarse suurusega s\u00f5rmeaugud<\/p>\n<p><strong>lisatud:<\/strong><br \/>\nJoewell k\u00e4\u00e4ri\u00f5li &#8211; 1 tk.<br \/>\ns\u00f5rmer\u00f5ngad &#8211; 2 tk.<\/p>\n<p>Tootja &#8211; TOKOSHA CO., LTD, Japan<\/p>\n","protected":false},"excerpt":{"rendered":"<p>Joewell X 55 k\u00e4\u00e4ridel on 3D-stiilis ergonoomilise nihkega k\u00e4epide, mis on loodud professionaalsetele juuksuritele mugavama l\u00f5ikeasendi v\u00f5imaldamiseks. Taskukohased k\u00e4\u00e4rid FX-funktsioonidega. See seeria laenab palju populaarselt FX-disainilt. Erinevus seisneb selles, et X-seeria on valmistatud uuest sulamist ja seet\u00f5ttu on hind oluliselt madalam. K\u00e4\u00e4ridel on Joewelli standardse kujuga terad, mis sobivad suurep\u00e4raselt igap\u00e4evaseks kasutamiseks. Eelised: taskukohane (uus [&hellip;]<\/p>\n","protected":false},"featured_media":4706,"comment_status":"closed","ping_status":"closed","template":"","meta":[],"product_cat":[792,703,401,174,276],"product_tag":[],"class_list":{"0":"post-15589","1":"product","2":"type-product","3":"status-publish","4":"has-post-thumbnail","6":"product_cat-uued-tooted","7":"product_cat-joewell","8":"product_cat-juuksuri-tarvikud","9":"product_cat-kaarid","10":"product_cat-loikuskaarid","12":"first","13":"instock","14":"taxable","15":"shipping-taxable","16":"purchasable","17":"product-type-simple"},"_links":{"self":[{"href":"https:\/\/saxsim.ee\/swp\/wp-json\/wp\/v2\/product\/15589"}],"collection":[{"href":"https:\/\/saxsim.ee\/swp\/wp-json\/wp\/v2\/product"}],"about":[{"href":"https:\/\/saxsim.ee\/swp\/wp-json\/wp\/v2\/types\/product"}],"replies":[{"embeddable":true,"href":"https:\/\/saxsim.ee\/swp\/wp-json\/wp\/v2\/comments?post=15589"}],"wp:featuredmedia":[{"embeddable":true,"href":"https:\/\/saxsim.ee\/swp\/wp-json\/wp\/v2\/media\/4706"}],"wp:attachment":[{"href":"https:\/\/saxsim.ee\/swp\/wp-json\/wp\/v2\/media?parent=15589"}],"wp:term":[{"taxonomy":"product_cat","embeddable":true,"href":"https:\/\/saxsim.ee\/swp\/wp-json\/wp\/v2\/product_cat?post=15589"},{"taxonomy":"product_tag","embeddable":true,"href":"https:\/\/saxsim.ee\/swp\/wp-json\/wp\/v2\/product_tag?post=15589"}],"curies":[{"name":"wp","href":"https:\/\/api.w.org\/{rel}","templated":true}]}}