{"id":15573,"date":"2026-02-02T18:29:34","date_gmt":"2026-02-02T16:29:34","guid":{"rendered":"https:\/\/saxsim.ee\/swp\/?post_type=product&#038;p=15573"},"modified":"2026-02-02T20:11:47","modified_gmt":"2026-02-02T18:11:47","slug":"jaguar-j-cut-liner-kulmu-ja-naokarvade-trimmer","status":"publish","type":"product","link":"https:\/\/saxsim.ee\/swp\/product\/jaguar-j-cut-liner-kulmu-ja-naokarvade-trimmer\/","title":{"rendered":"Jaguar J-Cut Liner &#8211; kulmu- ja n\u00e4okarvade trimmer"},"content":{"rendered":"<p>Kompaktne, patareiga t\u00f6\u00f6tav kulmu- ja n\u00e4okarvade trimmer.<\/p>\n<p>JAGUAR J-CUT LINER on oma mitmek\u00fclgsuse t\u00f5ttu eriti mugav. Patareitoitel t\u00f6\u00f6tav J-CUT LINER tagab mugava raseerimise ja eemaldab t\u00f5husalt soovimatud n\u00e4okarvad. Minitrimmeriga annad kulmudele ja habemele t\u00e4pse kuju. Trimmeril on otsik kulmude t\u00e4pseks 2 v\u00f5i 4 mm pikkuseks l\u00f5ikamiseks.<\/p>\n<p><strong>Tehnilised andmed:<\/strong><br \/>\n&#8211; t\u00f6\u00f6tab \u00fche AAA-patareiga.<br \/>\n&#8211; kaal: 28 g.<\/p>\n<p><strong>Komplektis:<\/strong><br \/>\n&#8211; AAA-patarei<br \/>\n&#8211; puhastushari<br \/>\n&#8211; kahepoolne kammotsik ( 2 ja 4 mm )<\/p>\n","protected":false},"excerpt":{"rendered":"<p>Kompaktne, patareiga t\u00f6\u00f6tav kulmu- ja n\u00e4okarvade trimmer. JAGUAR J-CUT LINER on oma mitmek\u00fclgsuse t\u00f5ttu eriti mugav. Patareitoitel t\u00f6\u00f6tav J-CUT LINER tagab mugava raseerimise ja eemaldab t\u00f5husalt soovimatud n\u00e4okarvad. Minitrimmeriga annad kulmudele ja habemele t\u00e4pse kuju. Trimmeril on otsik kulmude t\u00e4pseks 2 v\u00f5i 4 mm pikkuseks l\u00f5ikamiseks. Tehnilised andmed: &#8211; t\u00f6\u00f6tab \u00fche AAA-patareiga. &#8211; kaal: 28 [&hellip;]<\/p>\n","protected":false},"featured_media":15575,"comment_status":"closed","ping_status":"closed","template":"","meta":[],"product_cat":[577,598,401,280,286,284],"product_tag":[],"class_list":{"0":"post-15573","1":"product","2":"type-product","3":"status-publish","4":"has-post-thumbnail","6":"product_cat-iluteenindaja-tarvikud","7":"product_cat-muud-tarvikud-iluteenindaja-tarvikud","8":"product_cat-juuksuri-tarvikud","9":"product_cat-elektrilised-toovahendid","10":"product_cat-loikusmasinad-ja-trimmerid","11":"product_cat-reisimiseks","13":"first","14":"instock","15":"taxable","16":"shipping-taxable","17":"purchasable","18":"product-type-simple"},"_links":{"self":[{"href":"https:\/\/saxsim.ee\/swp\/wp-json\/wp\/v2\/product\/15573"}],"collection":[{"href":"https:\/\/saxsim.ee\/swp\/wp-json\/wp\/v2\/product"}],"about":[{"href":"https:\/\/saxsim.ee\/swp\/wp-json\/wp\/v2\/types\/product"}],"replies":[{"embeddable":true,"href":"https:\/\/saxsim.ee\/swp\/wp-json\/wp\/v2\/comments?post=15573"}],"wp:featuredmedia":[{"embeddable":true,"href":"https:\/\/saxsim.ee\/swp\/wp-json\/wp\/v2\/media\/15575"}],"wp:attachment":[{"href":"https:\/\/saxsim.ee\/swp\/wp-json\/wp\/v2\/media?parent=15573"}],"wp:term":[{"taxonomy":"product_cat","embeddable":true,"href":"https:\/\/saxsim.ee\/swp\/wp-json\/wp\/v2\/product_cat?post=15573"},{"taxonomy":"product_tag","embeddable":true,"href":"https:\/\/saxsim.ee\/swp\/wp-json\/wp\/v2\/product_tag?post=15573"}],"curies":[{"name":"wp","href":"https:\/\/api.w.org\/{rel}","templated":true}]}}