{"id":1557,"date":"2017-03-20T10:30:43","date_gmt":"2017-03-20T08:30:43","guid":{"rendered":"https:\/\/www.saxsim.ee\/swp\/toode\/refectocil-ripsme-ja-kulmuvarv-11-grafiit-15-ml\/"},"modified":"2026-02-24T13:00:33","modified_gmt":"2026-02-24T11:00:33","slug":"refectocil-ripsme-ja-kulmuvarv-11-grafiit-15-ml","status":"publish","type":"product","link":"https:\/\/saxsim.ee\/swp\/product\/refectocil-ripsme-ja-kulmuvarv-11-grafiit-15-ml\/","title":{"rendered":"RefectoCil ripsme- ja kulmuv\u00e4rv &#8211; 1.1 GRAFIIT 15 ml"},"content":{"rendered":"<p>Parima kvaliteediga innovaatiline toode, mis p\u00fcsib peal kuni 6 n\u00e4dalat. Tootesarjas 8 erinevat tooni + 1 valgendaja.<\/p>\n<p>&nbsp;<\/p>\n<p>&nbsp;<\/p>\n","protected":false},"excerpt":{"rendered":"<p>Parima kvaliteediga innovaatiline toode, mis p\u00fcsib peal kuni 6 n\u00e4dalat. Tootesarjas 8 erinevat tooni + 1 valgendaja. &nbsp; &nbsp;<\/p>\n","protected":false},"featured_media":1558,"comment_status":"closed","ping_status":"closed","template":"","meta":[],"product_cat":[717,97,268],"product_tag":[],"class_list":{"0":"post-1557","1":"product","2":"type-product","3":"status-publish","4":"has-post-thumbnail","6":"product_cat-refectocil-2","7":"product_cat-nagu-ja-keha","8":"product_cat-refectocil","10":"first","11":"instock","12":"taxable","13":"shipping-taxable","14":"purchasable","15":"product-type-simple"},"_links":{"self":[{"href":"https:\/\/saxsim.ee\/swp\/wp-json\/wp\/v2\/product\/1557"}],"collection":[{"href":"https:\/\/saxsim.ee\/swp\/wp-json\/wp\/v2\/product"}],"about":[{"href":"https:\/\/saxsim.ee\/swp\/wp-json\/wp\/v2\/types\/product"}],"replies":[{"embeddable":true,"href":"https:\/\/saxsim.ee\/swp\/wp-json\/wp\/v2\/comments?post=1557"}],"wp:featuredmedia":[{"embeddable":true,"href":"https:\/\/saxsim.ee\/swp\/wp-json\/wp\/v2\/media\/1558"}],"wp:attachment":[{"href":"https:\/\/saxsim.ee\/swp\/wp-json\/wp\/v2\/media?parent=1557"}],"wp:term":[{"taxonomy":"product_cat","embeddable":true,"href":"https:\/\/saxsim.ee\/swp\/wp-json\/wp\/v2\/product_cat?post=1557"},{"taxonomy":"product_tag","embeddable":true,"href":"https:\/\/saxsim.ee\/swp\/wp-json\/wp\/v2\/product_tag?post=1557"}],"curies":[{"name":"wp","href":"https:\/\/api.w.org\/{rel}","templated":true}]}}