{"id":15454,"date":"2025-12-30T10:22:46","date_gmt":"2025-12-30T08:22:46","guid":{"rendered":"https:\/\/saxsim.ee\/swp\/?post_type=product&#038;p=15454"},"modified":"2026-01-05T08:13:54","modified_gmt":"2026-01-05T06:13:54","slug":"sibel-hairbody-shimmer-spray-pink-satendav-lakk-juustele-ja-voi-kehale","status":"publish","type":"product","link":"https:\/\/saxsim.ee\/swp\/product\/sibel-hairbody-shimmer-spray-pink-satendav-lakk-juustele-ja-voi-kehale\/","title":{"rendered":"Sibel Hair&#038;Body Shimmer Spray, Pink &#8211; s\u00e4tendav lakk juustele ja\/v\u00f5i kehale"},"content":{"rendered":"<p>Pihusta juustele ja\/v\u00f5i kehale, et saavutada kohene ja ajutine s\u00e4ra.<\/p>\n<p>S\u00e4delus eemaldub j\u00e4rgmise pesemisega.<\/p>\n","protected":false},"excerpt":{"rendered":"<p>Pihusta juustele ja\/v\u00f5i kehale, et saavutada kohene ja ajutine s\u00e4ra. S\u00e4delus eemaldub j\u00e4rgmise pesemisega.<\/p>\n","protected":false},"featured_media":15493,"comment_status":"closed","ping_status":"closed","template":"","meta":[],"product_cat":[792,395,371],"product_tag":[],"class_list":{"0":"post-15454","1":"product","2":"type-product","3":"status-publish","4":"has-post-thumbnail","6":"product_cat-uued-tooted","7":"product_cat-juuksed","8":"product_cat-satendavad-ja-varvilised-juukselakid","10":"first","11":"instock","12":"taxable","13":"shipping-taxable","14":"purchasable","15":"product-type-simple"},"_links":{"self":[{"href":"https:\/\/saxsim.ee\/swp\/wp-json\/wp\/v2\/product\/15454"}],"collection":[{"href":"https:\/\/saxsim.ee\/swp\/wp-json\/wp\/v2\/product"}],"about":[{"href":"https:\/\/saxsim.ee\/swp\/wp-json\/wp\/v2\/types\/product"}],"replies":[{"embeddable":true,"href":"https:\/\/saxsim.ee\/swp\/wp-json\/wp\/v2\/comments?post=15454"}],"wp:featuredmedia":[{"embeddable":true,"href":"https:\/\/saxsim.ee\/swp\/wp-json\/wp\/v2\/media\/15493"}],"wp:attachment":[{"href":"https:\/\/saxsim.ee\/swp\/wp-json\/wp\/v2\/media?parent=15454"}],"wp:term":[{"taxonomy":"product_cat","embeddable":true,"href":"https:\/\/saxsim.ee\/swp\/wp-json\/wp\/v2\/product_cat?post=15454"},{"taxonomy":"product_tag","embeddable":true,"href":"https:\/\/saxsim.ee\/swp\/wp-json\/wp\/v2\/product_tag?post=15454"}],"curies":[{"name":"wp","href":"https:\/\/api.w.org\/{rel}","templated":true}]}}