{"id":15349,"date":"2025-11-27T11:46:49","date_gmt":"2025-11-27T09:46:49","guid":{"rendered":"https:\/\/saxsim.ee\/swp\/?post_type=product&#038;p=15349"},"modified":"2025-12-03T12:07:16","modified_gmt":"2025-12-03T10:07:16","slug":"trimmercide-blade-care-500-ml-puhastuslahus","status":"publish","type":"product","link":"https:\/\/saxsim.ee\/swp\/product\/trimmercide-blade-care-500-ml-puhastuslahus\/","title":{"rendered":"Trimmercide Blade Care 500 ml. &#8211; puhastuslahus"},"content":{"rendered":"<p>Trimmercide s\u00fcvapuhastav lahus l\u00f5ikusmasinate terade puhastamiseks. Eemaldab l\u00f5ikusterale ladestunud tolmu ja viimistlusainete j\u00e4\u00e4gid. V\u00e4hendab tera h\u00f5\u00f5rdumist, mis omakorda v\u00e4hendab mootori koormust.<\/p>\n<p>\u2013 roostevastane<br \/>\n\u2013 jahutab<br \/>\n\u2013 puhastab<br \/>\n\u2013 desodoreerib<br \/>\n\u2013 m\u00e4\u00e4rib<br \/>\n\u2013 sisaldab E-vitamiini<br \/>\n\u2013 inimestele ja loomadele ohutu<\/p>\n<p><strong>Kasutamine<\/strong>: laske l\u00f5iketeral t\u00e4ielikult jahtuda. Valage v\u00e4ike kogus puhastuslahust madalasse anumasse. Lahus peab ulatuma terade vahele. Asetage juuksel\u00f5ikusmasina k\u00fcljes olev tera lahusesse ja l\u00fclitage masin 5\u201310 sekundiks t\u00f6\u00f6le, et eemaldada liigsed karvad ja muu mustus. L\u00fclitage juuksel\u00f5ikusmasin v\u00e4lja ja p\u00fchkige paberiga \u00fcleliigsed mustuse j\u00e4\u00e4gid.<\/p>\n<p>\u00d5igesti hooldatud t\u00f6\u00f6vahend pikendab tema t\u00f6\u00f6iga.<\/p>\n","protected":false},"excerpt":{"rendered":"<p>Trimmercide s\u00fcvapuhastav lahus l\u00f5ikusmasinate terade puhastamiseks. Eemaldab l\u00f5ikusterale ladestunud tolmu ja viimistlusainete j\u00e4\u00e4gid. V\u00e4hendab tera h\u00f5\u00f5rdumist, mis omakorda v\u00e4hendab mootori koormust. \u2013 roostevastane \u2013 jahutab \u2013 puhastab \u2013 desodoreerib \u2013 m\u00e4\u00e4rib \u2013 sisaldab E-vitamiini \u2013 inimestele ja loomadele ohutu Kasutamine: laske l\u00f5iketeral t\u00e4ielikult jahtuda. Valage v\u00e4ike kogus puhastuslahust madalasse anumasse. Lahus peab ulatuma terade vahele. [&hellip;]<\/p>\n","protected":false},"featured_media":15384,"comment_status":"closed","ping_status":"closed","template":"","meta":[],"product_cat":[867,792,401,599,286],"product_tag":[],"class_list":{"0":"post-15349","1":"product","2":"type-product","3":"status-publish","4":"has-post-thumbnail","6":"product_cat-trimmercide","7":"product_cat-uued-tooted","8":"product_cat-juuksuri-tarvikud","9":"product_cat-puhastus-ja-desinfektsioonivahendid","10":"product_cat-loikusmasinad-ja-trimmerid","12":"first","13":"instock","14":"taxable","15":"shipping-taxable","16":"purchasable","17":"product-type-simple"},"_links":{"self":[{"href":"https:\/\/saxsim.ee\/swp\/wp-json\/wp\/v2\/product\/15349"}],"collection":[{"href":"https:\/\/saxsim.ee\/swp\/wp-json\/wp\/v2\/product"}],"about":[{"href":"https:\/\/saxsim.ee\/swp\/wp-json\/wp\/v2\/types\/product"}],"replies":[{"embeddable":true,"href":"https:\/\/saxsim.ee\/swp\/wp-json\/wp\/v2\/comments?post=15349"}],"wp:featuredmedia":[{"embeddable":true,"href":"https:\/\/saxsim.ee\/swp\/wp-json\/wp\/v2\/media\/15384"}],"wp:attachment":[{"href":"https:\/\/saxsim.ee\/swp\/wp-json\/wp\/v2\/media?parent=15349"}],"wp:term":[{"taxonomy":"product_cat","embeddable":true,"href":"https:\/\/saxsim.ee\/swp\/wp-json\/wp\/v2\/product_cat?post=15349"},{"taxonomy":"product_tag","embeddable":true,"href":"https:\/\/saxsim.ee\/swp\/wp-json\/wp\/v2\/product_tag?post=15349"}],"curies":[{"name":"wp","href":"https:\/\/api.w.org\/{rel}","templated":true}]}}