{"id":15338,"date":"2025-11-26T09:46:36","date_gmt":"2025-11-26T07:46:36","guid":{"rendered":"https:\/\/saxsim.ee\/swp\/?post_type=product&#038;p=15338"},"modified":"2025-12-03T11:20:06","modified_gmt":"2025-12-03T09:20:06","slug":"olivia-garden-care-iconic-double-bristles-black-medium-juuksehari","status":"publish","type":"product","link":"https:\/\/saxsim.ee\/swp\/product\/olivia-garden-care-iconic-double-bristles-black-medium-juuksehari\/","title":{"rendered":"Olivia Garden Care Iconic Double Bristles Black Medium &#8211; juuksehari"},"content":{"rendered":"<p>Olivia Garden Care Iconic topeltpiidega juuksehari on uus, \u00fclimalt pusasid lahti harutav versioon! T\u00e4nu eriti painduvatele ja V-kujuliselt nailonpiidele on selle juukseharja kasutamine meeldivam. Topeltharjased tungivad juuksemassi kaks korda s\u00fcgavamale ja nende paindlikkus v\u00f5imaldab pusasid \u00f5rnalt lahti harutada ilma juukseid kahjustamatta. Sobib lokkis juustega inimestele! Valmistatud taaskasutatud materjalist.<\/p>\n","protected":false},"excerpt":{"rendered":"<p>Olivia Garden Care Iconic topeltpiidega juuksehari on uus, \u00fclimalt pusasid lahti harutav versioon! T\u00e4nu eriti painduvatele ja V-kujuliselt nailonpiidele on selle juukseharja kasutamine meeldivam. Topeltharjased tungivad juuksemassi kaks korda s\u00fcgavamale ja nende paindlikkus v\u00f5imaldab pusasid \u00f5rnalt lahti harutada ilma juukseid kahjustamatta. Sobib lokkis juustega inimestele! Valmistatud taaskasutatud materjalist.<\/p>\n","protected":false},"featured_media":15380,"comment_status":"closed","ping_status":"closed","template":"","meta":[],"product_cat":[792,722,401,172,397],"product_tag":[],"class_list":{"0":"post-15338","1":"product","2":"type-product","3":"status-publish","4":"has-post-thumbnail","6":"product_cat-uued-tooted","7":"product_cat-olivia-garden","8":"product_cat-juuksuri-tarvikud","9":"product_cat-juukseharjad","10":"product_cat-lapikud-juukseharjad","12":"first","13":"instock","14":"taxable","15":"shipping-taxable","16":"purchasable","17":"product-type-simple"},"_links":{"self":[{"href":"https:\/\/saxsim.ee\/swp\/wp-json\/wp\/v2\/product\/15338"}],"collection":[{"href":"https:\/\/saxsim.ee\/swp\/wp-json\/wp\/v2\/product"}],"about":[{"href":"https:\/\/saxsim.ee\/swp\/wp-json\/wp\/v2\/types\/product"}],"replies":[{"embeddable":true,"href":"https:\/\/saxsim.ee\/swp\/wp-json\/wp\/v2\/comments?post=15338"}],"wp:featuredmedia":[{"embeddable":true,"href":"https:\/\/saxsim.ee\/swp\/wp-json\/wp\/v2\/media\/15380"}],"wp:attachment":[{"href":"https:\/\/saxsim.ee\/swp\/wp-json\/wp\/v2\/media?parent=15338"}],"wp:term":[{"taxonomy":"product_cat","embeddable":true,"href":"https:\/\/saxsim.ee\/swp\/wp-json\/wp\/v2\/product_cat?post=15338"},{"taxonomy":"product_tag","embeddable":true,"href":"https:\/\/saxsim.ee\/swp\/wp-json\/wp\/v2\/product_tag?post=15338"}],"curies":[{"name":"wp","href":"https:\/\/api.w.org\/{rel}","templated":true}]}}