{"id":15337,"date":"2025-11-26T09:26:23","date_gmt":"2025-11-26T07:26:23","guid":{"rendered":"https:\/\/saxsim.ee\/swp\/?post_type=product&#038;p=15337"},"modified":"2025-12-03T11:38:49","modified_gmt":"2025-12-03T09:38:49","slug":"trimmercide-oil-spray-pihustatav-oli","status":"publish","type":"product","link":"https:\/\/saxsim.ee\/swp\/product\/trimmercide-oil-spray-pihustatav-oli\/","title":{"rendered":"Trimmercide Oil Spray &#8211; pihustatav \u00f5li"},"content":{"rendered":"<p>Trimmercide \u00f5lisprei on spetsiaalselt loodud \u00f5li, mis hoiab juuksel\u00f5ikusmasinate terad puhtad ja \u00f5litatud. Kandke seda regulaarselt terade hammastele ja tugipindadele, et maksimeerida juuksel\u00f5ikusmasina j\u00f5udlust ja tagada tera pikem eluiga. Sobib ka k\u00e4\u00e4ride \u00f5litamiseks.<\/p>\n<p>\u00d5igesti hooldatud t\u00f6\u00f6vahend pikendab tema t\u00f6\u00f6iga.<\/p>\n","protected":false},"excerpt":{"rendered":"<p>Trimmercide \u00f5lisprei on spetsiaalselt loodud \u00f5li, mis hoiab juuksel\u00f5ikusmasinate terad puhtad ja \u00f5litatud. Kandke seda regulaarselt terade hammastele ja tugipindadele, et maksimeerida juuksel\u00f5ikusmasina j\u00f5udlust ja tagada tera pikem eluiga. Sobib ka k\u00e4\u00e4ride \u00f5litamiseks. \u00d5igesti hooldatud t\u00f6\u00f6vahend pikendab tema t\u00f6\u00f6iga.<\/p>\n","protected":false},"featured_media":15383,"comment_status":"closed","ping_status":"closed","template":"","meta":[],"product_cat":[867,792,401,599,286],"product_tag":[],"class_list":{"0":"post-15337","1":"product","2":"type-product","3":"status-publish","4":"has-post-thumbnail","6":"product_cat-trimmercide","7":"product_cat-uued-tooted","8":"product_cat-juuksuri-tarvikud","9":"product_cat-puhastus-ja-desinfektsioonivahendid","10":"product_cat-loikusmasinad-ja-trimmerid","12":"first","13":"instock","14":"taxable","15":"shipping-taxable","16":"purchasable","17":"product-type-simple"},"_links":{"self":[{"href":"https:\/\/saxsim.ee\/swp\/wp-json\/wp\/v2\/product\/15337"}],"collection":[{"href":"https:\/\/saxsim.ee\/swp\/wp-json\/wp\/v2\/product"}],"about":[{"href":"https:\/\/saxsim.ee\/swp\/wp-json\/wp\/v2\/types\/product"}],"replies":[{"embeddable":true,"href":"https:\/\/saxsim.ee\/swp\/wp-json\/wp\/v2\/comments?post=15337"}],"wp:featuredmedia":[{"embeddable":true,"href":"https:\/\/saxsim.ee\/swp\/wp-json\/wp\/v2\/media\/15383"}],"wp:attachment":[{"href":"https:\/\/saxsim.ee\/swp\/wp-json\/wp\/v2\/media?parent=15337"}],"wp:term":[{"taxonomy":"product_cat","embeddable":true,"href":"https:\/\/saxsim.ee\/swp\/wp-json\/wp\/v2\/product_cat?post=15337"},{"taxonomy":"product_tag","embeddable":true,"href":"https:\/\/saxsim.ee\/swp\/wp-json\/wp\/v2\/product_tag?post=15337"}],"curies":[{"name":"wp","href":"https:\/\/api.w.org\/{rel}","templated":true}]}}