{"id":15335,"date":"2025-11-26T09:01:43","date_gmt":"2025-11-26T07:01:43","guid":{"rendered":"https:\/\/saxsim.ee\/swp\/?post_type=product&#038;p=15335"},"modified":"2025-12-04T10:46:28","modified_gmt":"2025-12-04T08:46:28","slug":"my-smooth-foil-100m-red-varviline-foolium","status":"publish","type":"product","link":"https:\/\/saxsim.ee\/swp\/product\/my-smooth-foil-100m-red-varviline-foolium\/","title":{"rendered":"My &#8211; Smooth Foil 100m, Red &#8211; v\u00e4rviline foolium"},"content":{"rendered":"<p>My Foil on sile juuksefoolium, mis on valmistatud kvaliteetsest alumiiniumist ja talub k\u00f5rgeid temperatuure ilma rebenemata v\u00f5i l\u00f5henemata.<\/p>\n<p>Foolium on pakendatud vastupidavast papist karpi, et seda kaitsta. Karbi sees olev sakiline metallserv v\u00f5imaldab teil fooliumi h\u00f5lpsalt juuste paksuse ja pikkuse j\u00e4rgi ideaalsesse suurusesse l\u00f5igata, minimeerides samal ajal vigastuste ohtu. Foolium rullub sujuvalt lahti ilma kokku kleepumata, pakkudes kauakestvat ja mugavat lahendust teie v\u00e4rvimisvajadustele.<\/p>\n<p>fooliumi laius &#8211; 12 cm.<\/p>\n<p>paksus &#8211; 15 \u03bcm.<\/p>\n<p>kartongi laius &#8211; 13 cm.<\/p>\n<p>pikkus &#8211; 100 m.<\/p>\n<p>v\u00e4rvus &#8211; punane<\/p>\n","protected":false},"excerpt":{"rendered":"<p>My Foil on sile juuksefoolium, mis on valmistatud kvaliteetsest alumiiniumist ja talub k\u00f5rgeid temperatuure ilma rebenemata v\u00f5i l\u00f5henemata. Foolium on pakendatud vastupidavast papist karpi, et seda kaitsta. Karbi sees olev sakiline metallserv v\u00f5imaldab teil fooliumi h\u00f5lpsalt juuste paksuse ja pikkuse j\u00e4rgi ideaalsesse suurusesse l\u00f5igata, minimeerides samal ajal vigastuste ohtu. Foolium rullub sujuvalt lahti ilma kokku [&hellip;]<\/p>\n","protected":false},"featured_media":15393,"comment_status":"closed","ping_status":"closed","template":"","meta":[],"product_cat":[792,577,583,401,291,580],"product_tag":[],"class_list":{"0":"post-15335","1":"product","2":"type-product","3":"status-publish","4":"has-post-thumbnail","6":"product_cat-uued-tooted","7":"product_cat-iluteenindaja-tarvikud","8":"product_cat-uhekordsed-tooted-iluteenindaja-tarvikud","9":"product_cat-juuksuri-tarvikud","10":"product_cat-uhekordsed-tooted","11":"product_cat-foolium","13":"first","14":"instock","15":"taxable","16":"shipping-taxable","17":"purchasable","18":"product-type-simple"},"_links":{"self":[{"href":"https:\/\/saxsim.ee\/swp\/wp-json\/wp\/v2\/product\/15335"}],"collection":[{"href":"https:\/\/saxsim.ee\/swp\/wp-json\/wp\/v2\/product"}],"about":[{"href":"https:\/\/saxsim.ee\/swp\/wp-json\/wp\/v2\/types\/product"}],"replies":[{"embeddable":true,"href":"https:\/\/saxsim.ee\/swp\/wp-json\/wp\/v2\/comments?post=15335"}],"wp:featuredmedia":[{"embeddable":true,"href":"https:\/\/saxsim.ee\/swp\/wp-json\/wp\/v2\/media\/15393"}],"wp:attachment":[{"href":"https:\/\/saxsim.ee\/swp\/wp-json\/wp\/v2\/media?parent=15335"}],"wp:term":[{"taxonomy":"product_cat","embeddable":true,"href":"https:\/\/saxsim.ee\/swp\/wp-json\/wp\/v2\/product_cat?post=15335"},{"taxonomy":"product_tag","embeddable":true,"href":"https:\/\/saxsim.ee\/swp\/wp-json\/wp\/v2\/product_tag?post=15335"}],"curies":[{"name":"wp","href":"https:\/\/api.w.org\/{rel}","templated":true}]}}