{"id":1527,"date":"2017-03-17T20:06:06","date_gmt":"2017-03-17T18:06:06","guid":{"rendered":"https:\/\/www.saxsim.ee\/swp\/toode\/sensido-color-seal-1000-ml\/"},"modified":"2024-01-07T17:08:44","modified_gmt":"2024-01-07T15:08:44","slug":"sensido-color-seal-1000-ml","status":"publish","type":"product","link":"https:\/\/saxsim.ee\/swp\/product\/sensido-color-seal-1000-ml\/","title":{"rendered":"SensiDO Color Seal 1000 ml. &#8211; emulgeerimisvedelik"},"content":{"rendered":"<p>L\u00f5hnastamata emulgeerimisvedelik, mida kasutatakse peale v\u00e4rvimist \u0161ampoonipesu asemel. Sulgeb juuksesoomused, lukustades juuksev\u00e4rvi juukses. Teeb juuksed siledateks, l\u00e4ikivateks ja pikendab juuksev\u00e4rvi p\u00fcsivust. Ainult professionaalseks kasutamiseks.<\/p>\n<p><strong>Kasutamine:<\/strong>\u00a0Kasuta kaitsekindaid. Peale v\u00e4rvi m\u00f5juaja l\u00f5ppu kanna rohkelt toodet juustesse ja emulgeeri. Lase m\u00f5juda 5-7 min. Loputa korralikult ja kanna palsam juustesse.<\/p>\n<p>pH: 3.0<\/p>\n","protected":false},"excerpt":{"rendered":"<p>L\u00f5hnastamata emulgeerimisvedelik, mida kasutatakse peale v\u00e4rvimist \u0161ampoonipesu asemel. Sulgeb juuksesoomused, lukustades juuksev\u00e4rvi juukses. Teeb juuksed siledateks, l\u00e4ikivateks ja pikendab juuksev\u00e4rvi p\u00fcsivust. Ainult professionaalseks kasutamiseks. Kasutamine:\u00a0Kasuta kaitsekindaid. Peale v\u00e4rvi m\u00f5juaja l\u00f5ppu kanna rohkelt toodet juustesse ja emulgeeri. Lase m\u00f5juda 5-7 min. Loputa korralikult ja kanna palsam juustesse. pH: 3.0<\/p>\n","protected":false},"featured_media":1528,"comment_status":"closed","ping_status":"closed","template":"","meta":[],"product_cat":[673,395,666,246],"product_tag":[637],"class_list":{"0":"post-1527","1":"product","2":"type-product","3":"status-publish","4":"has-post-thumbnail","6":"product_cat-sensido","7":"product_cat-juuksed","8":"product_cat-professionaalseks-kasutamiseks","9":"product_cat-sensido-lisatooted","10":"product_tag-profitoode","12":"first","13":"instock","14":"taxable","15":"shipping-taxable","16":"purchasable","17":"product-type-simple"},"_links":{"self":[{"href":"https:\/\/saxsim.ee\/swp\/wp-json\/wp\/v2\/product\/1527"}],"collection":[{"href":"https:\/\/saxsim.ee\/swp\/wp-json\/wp\/v2\/product"}],"about":[{"href":"https:\/\/saxsim.ee\/swp\/wp-json\/wp\/v2\/types\/product"}],"replies":[{"embeddable":true,"href":"https:\/\/saxsim.ee\/swp\/wp-json\/wp\/v2\/comments?post=1527"}],"wp:featuredmedia":[{"embeddable":true,"href":"https:\/\/saxsim.ee\/swp\/wp-json\/wp\/v2\/media\/1528"}],"wp:attachment":[{"href":"https:\/\/saxsim.ee\/swp\/wp-json\/wp\/v2\/media?parent=1527"}],"wp:term":[{"taxonomy":"product_cat","embeddable":true,"href":"https:\/\/saxsim.ee\/swp\/wp-json\/wp\/v2\/product_cat?post=1527"},{"taxonomy":"product_tag","embeddable":true,"href":"https:\/\/saxsim.ee\/swp\/wp-json\/wp\/v2\/product_tag?post=1527"}],"curies":[{"name":"wp","href":"https:\/\/api.w.org\/{rel}","templated":true}]}}