{"id":15145,"date":"2025-09-27T14:22:34","date_gmt":"2025-09-27T11:22:34","guid":{"rendered":"https:\/\/saxsim.ee\/swp\/?post_type=product&#038;p=15145"},"modified":"2025-09-29T08:48:43","modified_gmt":"2025-09-29T05:48:43","slug":"ultron-borrum-diffusor-difuusor","status":"publish","type":"product","link":"https:\/\/saxsim.ee\/swp\/product\/ultron-borrum-diffusor-difuusor\/","title":{"rendered":"ULTRON Borrum Diffusor &#8211; difuusor"},"content":{"rendered":"<p>Difuusor, mis sobib ULTRON Borrum Hairdryer T-shape k\u00e4sif\u00f6\u00f6nile.<\/p>\n<p>&nbsp;<\/p>\n","protected":false},"excerpt":{"rendered":"<p>Difuusor, mis sobib ULTRON Borrum Hairdryer T-shape k\u00e4sif\u00f6\u00f6nile. &nbsp;<\/p>\n","protected":false},"featured_media":15146,"comment_status":"closed","ping_status":"closed","template":"","meta":[],"product_cat":[792,733,401,285],"product_tag":[],"class_list":{"0":"post-15145","1":"product","2":"type-product","3":"status-publish","4":"has-post-thumbnail","6":"product_cat-uued-tooted","7":"product_cat-ultron","8":"product_cat-juuksuri-tarvikud","9":"product_cat-kasifoonid","11":"first","12":"instock","13":"taxable","14":"shipping-taxable","15":"purchasable","16":"product-type-simple"},"_links":{"self":[{"href":"https:\/\/saxsim.ee\/swp\/wp-json\/wp\/v2\/product\/15145"}],"collection":[{"href":"https:\/\/saxsim.ee\/swp\/wp-json\/wp\/v2\/product"}],"about":[{"href":"https:\/\/saxsim.ee\/swp\/wp-json\/wp\/v2\/types\/product"}],"replies":[{"embeddable":true,"href":"https:\/\/saxsim.ee\/swp\/wp-json\/wp\/v2\/comments?post=15145"}],"wp:featuredmedia":[{"embeddable":true,"href":"https:\/\/saxsim.ee\/swp\/wp-json\/wp\/v2\/media\/15146"}],"wp:attachment":[{"href":"https:\/\/saxsim.ee\/swp\/wp-json\/wp\/v2\/media?parent=15145"}],"wp:term":[{"taxonomy":"product_cat","embeddable":true,"href":"https:\/\/saxsim.ee\/swp\/wp-json\/wp\/v2\/product_cat?post=15145"},{"taxonomy":"product_tag","embeddable":true,"href":"https:\/\/saxsim.ee\/swp\/wp-json\/wp\/v2\/product_tag?post=15145"}],"curies":[{"name":"wp","href":"https:\/\/api.w.org\/{rel}","templated":true}]}}