{"id":15138,"date":"2025-09-27T13:24:54","date_gmt":"2025-09-27T10:24:54","guid":{"rendered":"https:\/\/saxsim.ee\/swp\/?post_type=product&#038;p=15138"},"modified":"2025-09-29T08:55:53","modified_gmt":"2025-09-29T05:55:53","slug":"stylists-stool-felix-tootool","status":"publish","type":"product","link":"https:\/\/saxsim.ee\/swp\/product\/stylists-stool-felix-tootool\/","title":{"rendered":"Stylists Stool, Felix &#8211; t\u00f6\u00f6tool"},"content":{"rendered":"<p>Felix on \u00fclimugav t\u00f6\u00f6tool, millel on eriti lai sadulakujuline iste koos seljatoega.<\/p>\n<p>&#8211; 5-haruline alumiinium jalg<br \/>\n&#8211; reguleeritava k\u00f5rgusega ( 52-71 cm. ) gaasipump<\/p>\n","protected":false},"excerpt":{"rendered":"<p>Felix on \u00fclimugav t\u00f6\u00f6tool, millel on eriti lai sadulakujuline iste koos seljatoega. &#8211; 5-haruline alumiinium jalg &#8211; reguleeritava k\u00f5rgusega ( 52-71 cm. ) gaasipump<\/p>\n","protected":false},"featured_media":15141,"comment_status":"closed","ping_status":"closed","template":"","meta":[],"product_cat":[792,325,333,400,589,577,401],"product_tag":[],"class_list":{"0":"post-15138","1":"product","2":"type-product","3":"status-publish","4":"has-post-thumbnail","6":"product_cat-uued-tooted","7":"product_cat-juuksuri-ja-ilusalongi-sisustus","8":"product_cat-tootoolid","9":"product_cat-ilusalongi-sisustus","10":"product_cat-tootoolid-ilusalongi-sisustus","11":"product_cat-iluteenindaja-tarvikud","12":"product_cat-juuksuri-tarvikud","14":"first","15":"instock","16":"taxable","17":"shipping-taxable","18":"purchasable","19":"product-type-simple"},"_links":{"self":[{"href":"https:\/\/saxsim.ee\/swp\/wp-json\/wp\/v2\/product\/15138"}],"collection":[{"href":"https:\/\/saxsim.ee\/swp\/wp-json\/wp\/v2\/product"}],"about":[{"href":"https:\/\/saxsim.ee\/swp\/wp-json\/wp\/v2\/types\/product"}],"replies":[{"embeddable":true,"href":"https:\/\/saxsim.ee\/swp\/wp-json\/wp\/v2\/comments?post=15138"}],"wp:featuredmedia":[{"embeddable":true,"href":"https:\/\/saxsim.ee\/swp\/wp-json\/wp\/v2\/media\/15141"}],"wp:attachment":[{"href":"https:\/\/saxsim.ee\/swp\/wp-json\/wp\/v2\/media?parent=15138"}],"wp:term":[{"taxonomy":"product_cat","embeddable":true,"href":"https:\/\/saxsim.ee\/swp\/wp-json\/wp\/v2\/product_cat?post=15138"},{"taxonomy":"product_tag","embeddable":true,"href":"https:\/\/saxsim.ee\/swp\/wp-json\/wp\/v2\/product_tag?post=15138"}],"curies":[{"name":"wp","href":"https:\/\/api.w.org\/{rel}","templated":true}]}}