{"id":15075,"date":"2025-09-05T09:28:52","date_gmt":"2025-09-05T06:28:52","guid":{"rendered":"https:\/\/saxsim.ee\/swp\/?post_type=product&#038;p=15075"},"modified":"2025-09-07T10:40:22","modified_gmt":"2025-09-07T07:40:22","slug":"wahl-professional-genio-clipper-loikusmasin-kingitus","status":"publish","type":"product","link":"https:\/\/saxsim.ee\/swp\/product\/wahl-professional-genio-clipper-loikusmasin-kingitus\/","title":{"rendered":"Wahl Professional Genio Clipper &#8211; l\u00f5ikusmasin + KINGITUS"},"content":{"rendered":"<p><span style=\"font-size: 19px;\"><strong><span style=\"color: #000000;\">Wahl Professional Genio Clipper<\/span> <span style=\"color: #ff0000;\">+ KINGITUS<\/span><\/strong> <span style=\"color: #000000;\">( terade hoolduskomplekt )<\/span><\/span><\/p>\n<p>Kahe akuga, vaikne, juhtmeta, ergonoomilise kujuga juuksel\u00f5ikusmasin n\u00f5udlikule professionaalile. Wahl Genio teemantteral on kang l\u00f5iketera pikkuse j\u00e4rkj\u00e4rguliseks reguleerimiseks. Uus, \u00fclit\u00e4pne Saksamaal valmistatud teemanttera tagab pikema vastupidavuse ja on veega loputatav. L\u00f5iketera saab ilma t\u00f6\u00f6riistadeta eraldada, mis tagab masina lihtsa puhastamise. Wahl Genio on varustatud teise vahetatava akuga katkematuks kasutamiseks.<\/p>\n<p><strong>Tehnilised andmed:<\/strong><br \/>\nv\u00e4rv: must<br \/>\nmootor: DC, kiirus 5750 p\/min.<br \/>\n100\u2013240 V, 50\u201360 Hz<br \/>\npikkus: 178 mm.<br \/>\nakutoitel t\u00f6\u00f6tab &#8211; 120 min.<br \/>\naku laadimisaeg &#8211; 75 min.<br \/>\nl\u00f5iketera pikkuse j\u00e4rkj\u00e4rguline reguleerimine kangiga ( 0,8 &#8211; 1,8 mm. )<br \/>\nkaal: 285 g.<br \/>\nindikaatortuled\u00a0aku laetusastme kuvamiseks<\/p>\n<p><strong>Komplektis:<\/strong><br \/>\nteemanttera laius &#8211; 46 mm.<br \/>\n2 XL Li-Ion akut<br \/>\n4 erinevat l\u00f5ikustalda ( 3 mm. \/ 6 mm. \/ 9 mm. \/ 12 mm. )<br \/>\nlaadimisalus koos juhtmega<br \/>\npuhastushari<br \/>\nmasina\u00f5li<\/p>\n","protected":false},"excerpt":{"rendered":"<p>Wahl Professional Genio Clipper + KINGITUS ( terade hoolduskomplekt ) Kahe akuga, vaikne, juhtmeta, ergonoomilise kujuga juuksel\u00f5ikusmasin n\u00f5udlikule professionaalile. Wahl Genio teemantteral on kang l\u00f5iketera pikkuse j\u00e4rkj\u00e4rguliseks reguleerimiseks. Uus, \u00fclit\u00e4pne Saksamaal valmistatud teemanttera tagab pikema vastupidavuse ja on veega loputatav. L\u00f5iketera saab ilma t\u00f6\u00f6riistadeta eraldada, mis tagab masina lihtsa puhastamise. Wahl Genio on varustatud teise [&hellip;]<\/p>\n","protected":false},"featured_media":15091,"comment_status":"closed","ping_status":"closed","template":"","meta":[],"product_cat":[866,792,401,280,286],"product_tag":[],"class_list":{"0":"post-15075","1":"product","2":"type-product","3":"status-publish","4":"has-post-thumbnail","6":"product_cat-wahl-professional","7":"product_cat-uued-tooted","8":"product_cat-juuksuri-tarvikud","9":"product_cat-elektrilised-toovahendid","10":"product_cat-loikusmasinad-ja-trimmerid","12":"first","13":"instock","14":"taxable","15":"shipping-taxable","16":"purchasable","17":"product-type-simple"},"_links":{"self":[{"href":"https:\/\/saxsim.ee\/swp\/wp-json\/wp\/v2\/product\/15075"}],"collection":[{"href":"https:\/\/saxsim.ee\/swp\/wp-json\/wp\/v2\/product"}],"about":[{"href":"https:\/\/saxsim.ee\/swp\/wp-json\/wp\/v2\/types\/product"}],"replies":[{"embeddable":true,"href":"https:\/\/saxsim.ee\/swp\/wp-json\/wp\/v2\/comments?post=15075"}],"wp:featuredmedia":[{"embeddable":true,"href":"https:\/\/saxsim.ee\/swp\/wp-json\/wp\/v2\/media\/15091"}],"wp:attachment":[{"href":"https:\/\/saxsim.ee\/swp\/wp-json\/wp\/v2\/media?parent=15075"}],"wp:term":[{"taxonomy":"product_cat","embeddable":true,"href":"https:\/\/saxsim.ee\/swp\/wp-json\/wp\/v2\/product_cat?post=15075"},{"taxonomy":"product_tag","embeddable":true,"href":"https:\/\/saxsim.ee\/swp\/wp-json\/wp\/v2\/product_tag?post=15075"}],"curies":[{"name":"wp","href":"https:\/\/api.w.org\/{rel}","templated":true}]}}