{"id":15066,"date":"2025-09-05T08:39:08","date_gmt":"2025-09-05T05:39:08","guid":{"rendered":"https:\/\/saxsim.ee\/swp\/?post_type=product&#038;p=15066"},"modified":"2025-11-20T08:49:44","modified_gmt":"2025-11-20T06:49:44","slug":"wahl-professional-t-cut-trimmer","status":"publish","type":"product","link":"https:\/\/saxsim.ee\/swp\/product\/wahl-professional-t-cut-trimmer\/","title":{"rendered":"Wahl Professional T-Cut &#8211; trimmer"},"content":{"rendered":"<p>Kerge, juhtmeta Wahl Professional T-Cut trimmeril on spetsiaalne T-tera, millel on t\u00e4iustatud l\u00f5ikenurk ja ohutu l\u00f5ikefunktsioon, mis sobib ideaalselt v\u00e4ga l\u00fchikeseks piiramiseks ja puhtaks kontuurimiseks isegi k\u00f5rvade \u00fcmbruses. T-Cut trimmeri tera saab kiireks puhastamiseks v\u00f5i vahetamiseks h\u00f5lpsalt ilma t\u00f6\u00f6riistadeta eemaldada.<\/p>\n<p><strong>Tehnilised andmed:<\/strong><\/p>\n<p>pinge: 100\u2013240 V 50\/60 Hz<br \/>\nmootor: DC, kiirus 7000 p\/min<br \/>\nakutoitel t\u00f6\u00f6tab: 75 min.<br \/>\naku laadimisaeg: \u00a0120 min.<br \/>\naku: NiMh<br \/>\nT-BLADE l\u00f5iketera k\u00f5rgus: 0,3 mm.<br \/>\nT-BLADE l\u00f5ikustera laius: 40 mm.<br \/>\nkaal: 135 g.<br \/>\njuhe: 3,0 m.<br \/>\nindikaatortuli aku laetusastme kuvamiseks<\/p>\n<p><strong>Komplektis:<\/strong><\/p>\n<p>laadimisalus koos juhtmega<br \/>\npuhastushari<br \/>\nmasina\u00f5li<\/p>\n","protected":false},"excerpt":{"rendered":"<p>Kerge, juhtmeta Wahl Professional T-Cut trimmeril on spetsiaalne T-tera, millel on t\u00e4iustatud l\u00f5ikenurk ja ohutu l\u00f5ikefunktsioon, mis sobib ideaalselt v\u00e4ga l\u00fchikeseks piiramiseks ja puhtaks kontuurimiseks isegi k\u00f5rvade \u00fcmbruses. T-Cut trimmeri tera saab kiireks puhastamiseks v\u00f5i vahetamiseks h\u00f5lpsalt ilma t\u00f6\u00f6riistadeta eemaldada. Tehnilised andmed: pinge: 100\u2013240 V 50\/60 Hz mootor: DC, kiirus 7000 p\/min akutoitel t\u00f6\u00f6tab: 75 [&hellip;]<\/p>\n","protected":false},"featured_media":15072,"comment_status":"closed","ping_status":"closed","template":"","meta":[],"product_cat":[866,792,401,280,286],"product_tag":[],"class_list":{"0":"post-15066","1":"product","2":"type-product","3":"status-publish","4":"has-post-thumbnail","6":"product_cat-wahl-professional","7":"product_cat-uued-tooted","8":"product_cat-juuksuri-tarvikud","9":"product_cat-elektrilised-toovahendid","10":"product_cat-loikusmasinad-ja-trimmerid","12":"first","13":"outofstock","14":"taxable","15":"shipping-taxable","16":"purchasable","17":"product-type-simple"},"_links":{"self":[{"href":"https:\/\/saxsim.ee\/swp\/wp-json\/wp\/v2\/product\/15066"}],"collection":[{"href":"https:\/\/saxsim.ee\/swp\/wp-json\/wp\/v2\/product"}],"about":[{"href":"https:\/\/saxsim.ee\/swp\/wp-json\/wp\/v2\/types\/product"}],"replies":[{"embeddable":true,"href":"https:\/\/saxsim.ee\/swp\/wp-json\/wp\/v2\/comments?post=15066"}],"wp:featuredmedia":[{"embeddable":true,"href":"https:\/\/saxsim.ee\/swp\/wp-json\/wp\/v2\/media\/15072"}],"wp:attachment":[{"href":"https:\/\/saxsim.ee\/swp\/wp-json\/wp\/v2\/media?parent=15066"}],"wp:term":[{"taxonomy":"product_cat","embeddable":true,"href":"https:\/\/saxsim.ee\/swp\/wp-json\/wp\/v2\/product_cat?post=15066"},{"taxonomy":"product_tag","embeddable":true,"href":"https:\/\/saxsim.ee\/swp\/wp-json\/wp\/v2\/product_tag?post=15066"}],"curies":[{"name":"wp","href":"https:\/\/api.w.org\/{rel}","templated":true}]}}