{"id":15059,"date":"2025-09-05T08:16:26","date_gmt":"2025-09-05T05:16:26","guid":{"rendered":"https:\/\/saxsim.ee\/swp\/?post_type=product&#038;p=15059"},"modified":"2025-09-07T10:57:57","modified_gmt":"2025-09-07T07:57:57","slug":"wahl-professional-chromini-trimmer","status":"publish","type":"product","link":"https:\/\/saxsim.ee\/swp\/product\/wahl-professional-chromini-trimmer\/","title":{"rendered":"Wahl Professional ChroMini &#8211; trimmer"},"content":{"rendered":"<p>Kerge, juhtmeta Wahl ChroMini trimmer on varustatud uue \u00fclil\u00e4hedase terakomplektiga puhta t\u00f6\u00f6 tagamiseks, millel on 0,3 mm l\u00f5ikepikkus, t\u00e4iustatud l\u00f5ikenurk ja ohutu l\u00f5ikefunktsioon, mis sobib ideaalselt k\u00f5igi kontuuride ja detailide jaoks. ChroMini tera saab kiireks puhastamiseks v\u00f5i vahetamiseks h\u00f5lpsalt ilma t\u00f6\u00f6riistadeta eemaldada.<\/p>\n<p><strong>Tehnilised andmed:<\/strong><\/p>\n<p>mootor: DC, kiirus 7000 p\/min<br \/>\npinge: 100\u2013240 V 50\/60 Hz<br \/>\nakutoitel t\u00f6\u00f6tab &#8211; 85 min.<br \/>\naku laadimisaeg &#8211; \u00a0120 min.<br \/>\nl\u00f5iketera k\u00f5rgus &#8211; \u00a00,3 mm.<br \/>\nkaal &#8211; 130 g.<br \/>\njuhe &#8211; 3,0 m.<br \/>\nindikaatortuli aku laetusastme kuvamiseks<\/p>\n<p><strong>Komplektis:<\/strong><\/p>\n<p>U-l\u00f5ikustera ( laius &#8211; 32 mm. )<br \/>\n4 l\u00f5ikustald ( 1,5 \/ 3 \/ 4,5 \/ 6 mm. )<br \/>\nlaadimisalus koos juhtmega<br \/>\npuhastushari<br \/>\nmasina\u00f5li<\/p>\n","protected":false},"excerpt":{"rendered":"<p>Kerge, juhtmeta Wahl ChroMini trimmer on varustatud uue \u00fclil\u00e4hedase terakomplektiga puhta t\u00f6\u00f6 tagamiseks, millel on 0,3 mm l\u00f5ikepikkus, t\u00e4iustatud l\u00f5ikenurk ja ohutu l\u00f5ikefunktsioon, mis sobib ideaalselt k\u00f5igi kontuuride ja detailide jaoks. ChroMini tera saab kiireks puhastamiseks v\u00f5i vahetamiseks h\u00f5lpsalt ilma t\u00f6\u00f6riistadeta eemaldada. Tehnilised andmed: mootor: DC, kiirus 7000 p\/min pinge: 100\u2013240 V 50\/60 Hz akutoitel [&hellip;]<\/p>\n","protected":false},"featured_media":15060,"comment_status":"closed","ping_status":"closed","template":"","meta":[],"product_cat":[866,792,401,280,286],"product_tag":[],"class_list":{"0":"post-15059","1":"product","2":"type-product","3":"status-publish","4":"has-post-thumbnail","6":"product_cat-wahl-professional","7":"product_cat-uued-tooted","8":"product_cat-juuksuri-tarvikud","9":"product_cat-elektrilised-toovahendid","10":"product_cat-loikusmasinad-ja-trimmerid","12":"first","13":"instock","14":"taxable","15":"shipping-taxable","16":"purchasable","17":"product-type-simple"},"_links":{"self":[{"href":"https:\/\/saxsim.ee\/swp\/wp-json\/wp\/v2\/product\/15059"}],"collection":[{"href":"https:\/\/saxsim.ee\/swp\/wp-json\/wp\/v2\/product"}],"about":[{"href":"https:\/\/saxsim.ee\/swp\/wp-json\/wp\/v2\/types\/product"}],"replies":[{"embeddable":true,"href":"https:\/\/saxsim.ee\/swp\/wp-json\/wp\/v2\/comments?post=15059"}],"wp:featuredmedia":[{"embeddable":true,"href":"https:\/\/saxsim.ee\/swp\/wp-json\/wp\/v2\/media\/15060"}],"wp:attachment":[{"href":"https:\/\/saxsim.ee\/swp\/wp-json\/wp\/v2\/media?parent=15059"}],"wp:term":[{"taxonomy":"product_cat","embeddable":true,"href":"https:\/\/saxsim.ee\/swp\/wp-json\/wp\/v2\/product_cat?post=15059"},{"taxonomy":"product_tag","embeddable":true,"href":"https:\/\/saxsim.ee\/swp\/wp-json\/wp\/v2\/product_tag?post=15059"}],"curies":[{"name":"wp","href":"https:\/\/api.w.org\/{rel}","templated":true}]}}