{"id":1505,"date":"2017-03-17T18:02:43","date_gmt":"2017-03-17T16:02:43","guid":{"rendered":"https:\/\/www.saxsim.ee\/swp\/toode\/argan-care-scalp-therapist-6-x-20-ml\/"},"modified":"2019-09-04T09:22:32","modified_gmt":"2019-09-04T06:22:32","slug":"argan-care-scalp-therapist-6-x-20-ml","status":"publish","type":"product","link":"https:\/\/saxsim.ee\/swp\/product\/argan-care-scalp-therapist-6-x-20-ml\/","title":{"rendered":"Argan Care Scalp Therapist 6 x 20 ml &#8211; luksuslik peanaha teraapia"},"content":{"rendered":"<p>Niisutav, Chia-seemne\u00f5liga rikastatud peanaha uuendaja. \u00d5rnalt kooriv kreem puhastada peanahka surnud naharakkudest, toote j\u00e4\u00e4kidest ja muudest ebapuhtustest. V\u00e4rskendab ja taastab peanaha loomuliku niiskustasakaalu. Toodet on soovitatav kasutada 1-2 korda kuus. Ainult professionaalseks kasutamiseks. Pakend sisaldab 6 x 20 ml.<\/p>\n<p>Arga Care tooted on dermatoloogiliselt testitud.<\/p>\n<p><strong>Kasutamine:<\/strong>\u00a0Kanna toode, jaotuseid tehes, otse tuubist peanahale. S\u00f5rmeotstega \u00f5rnalt masseerides, h\u00f5\u00f5ru toode peanahka. Lase m\u00f5juda\u00a010-15 minutit. Loputa sooja veega ja pese Argan Care \u0161ampooniga. Toote peanahale kandmisel soovitame kasutata kaitsekindaid.<\/p>\n<p>pH: 4.0<\/p>\n<p>&nbsp;<\/p>\n","protected":false},"excerpt":{"rendered":"<p>Niisutav, Chia-seemne\u00f5liga rikastatud peanaha uuendaja. \u00d5rnalt kooriv kreem puhastada peanahka surnud naharakkudest, toote j\u00e4\u00e4kidest ja muudest ebapuhtustest. V\u00e4rskendab ja taastab peanaha loomuliku niiskustasakaalu. Toodet on soovitatav kasutada 1-2 korda kuus. Ainult professionaalseks kasutamiseks. Pakend sisaldab 6 x 20 ml. Arga Care tooted on dermatoloogiliselt testitud. Kasutamine:\u00a0Kanna toode, jaotuseid tehes, otse tuubist peanahale. S\u00f5rmeotstega \u00f5rnalt masseerides, [&hellip;]<\/p>\n","protected":false},"featured_media":1506,"comment_status":"closed","ping_status":"closed","template":"","meta":[],"product_cat":[107,251,632,727,395,662],"product_tag":[],"class_list":{"0":"post-1505","1":"product","2":"type-product","3":"status-publish","4":"has-post-thumbnail","6":"product_cat-pakkumised","7":"product_cat-lopumuuk","8":"product_cat-argan-care-lopumuuk","9":"product_cat-argan-care","10":"product_cat-juuksed","11":"product_cat-juuksemaskid-ja-taastavad-vahendid","13":"first","14":"instock","15":"sale","16":"taxable","17":"shipping-taxable","18":"purchasable","19":"product-type-simple"},"_links":{"self":[{"href":"https:\/\/saxsim.ee\/swp\/wp-json\/wp\/v2\/product\/1505"}],"collection":[{"href":"https:\/\/saxsim.ee\/swp\/wp-json\/wp\/v2\/product"}],"about":[{"href":"https:\/\/saxsim.ee\/swp\/wp-json\/wp\/v2\/types\/product"}],"replies":[{"embeddable":true,"href":"https:\/\/saxsim.ee\/swp\/wp-json\/wp\/v2\/comments?post=1505"}],"wp:featuredmedia":[{"embeddable":true,"href":"https:\/\/saxsim.ee\/swp\/wp-json\/wp\/v2\/media\/1506"}],"wp:attachment":[{"href":"https:\/\/saxsim.ee\/swp\/wp-json\/wp\/v2\/media?parent=1505"}],"wp:term":[{"taxonomy":"product_cat","embeddable":true,"href":"https:\/\/saxsim.ee\/swp\/wp-json\/wp\/v2\/product_cat?post=1505"},{"taxonomy":"product_tag","embeddable":true,"href":"https:\/\/saxsim.ee\/swp\/wp-json\/wp\/v2\/product_tag?post=1505"}],"curies":[{"name":"wp","href":"https:\/\/api.w.org\/{rel}","templated":true}]}}