{"id":15010,"date":"2025-08-26T09:21:37","date_gmt":"2025-08-26T06:21:37","guid":{"rendered":"https:\/\/saxsim.ee\/swp\/?post_type=product&#038;p=15010"},"modified":"2025-08-26T09:42:17","modified_gmt":"2025-08-26T06:42:17","slug":"heo-helsinki-dry-shampoo-light-250-ml-kuivsampoon","status":"publish","type":"product","link":"https:\/\/saxsim.ee\/swp\/product\/heo-helsinki-dry-shampoo-light-250-ml-kuivsampoon\/","title":{"rendered":"He\u00f6 Helsinki Dry Shampoo Light 250 ml. &#8211; kuiv\u0161ampoon"},"content":{"rendered":"<p>Riisit\u00e4rklise baasil valmistatud, ainulaadse kerge koostisega kuiv\u0161ampoon v\u00e4rskendab peanahka, pikendades pesuintervalle. Eemaldab koheselt juustest ja peanahalt rasu, v\u00e4rskendades juuksejuuri. Annab juustele pesukordade vahel loomuliku ja kerge puhtuse tunde. Sobib k\u00f5ikidele juukset\u00fc\u00fcpidele.<\/p>\n<p><strong><u>Kasutamine<\/u>:<\/strong> Enne kasutamist raputada pudelit korralikult. Pihustage kuivadele juustele ja juurtele umbes 15 cm kauguselt, keskendudes juurtele ja peanahale. Harjake liigne toode juustest v\u00e4lja. Vajadusel v\u00f5ite p\u00e4eva jooksul toodet juurde lisada.<\/p>\n","protected":false},"excerpt":{"rendered":"<p>Riisit\u00e4rklise baasil valmistatud, ainulaadse kerge koostisega kuiv\u0161ampoon v\u00e4rskendab peanahka, pikendades pesuintervalle. Eemaldab koheselt juustest ja peanahalt rasu, v\u00e4rskendades juuksejuuri. Annab juustele pesukordade vahel loomuliku ja kerge puhtuse tunde. Sobib k\u00f5ikidele juukset\u00fc\u00fcpidele. Kasutamine: Enne kasutamist raputada pudelit korralikult. Pihustage kuivadele juustele ja juurtele umbes 15 cm kauguselt, keskendudes juurtele ja peanahale. Harjake liigne toode juustest v\u00e4lja. [&hellip;]<\/p>\n","protected":false},"featured_media":15011,"comment_status":"closed","ping_status":"closed","template":"","meta":[],"product_cat":[792,865,395,692],"product_tag":[],"class_list":{"0":"post-15010","1":"product","2":"type-product","3":"status-publish","4":"has-post-thumbnail","6":"product_cat-uued-tooted","7":"product_cat-heo-helsinki","8":"product_cat-juuksed","9":"product_cat-kuivsampoonid","11":"first","12":"instock","13":"taxable","14":"shipping-taxable","15":"purchasable","16":"product-type-simple"},"_links":{"self":[{"href":"https:\/\/saxsim.ee\/swp\/wp-json\/wp\/v2\/product\/15010"}],"collection":[{"href":"https:\/\/saxsim.ee\/swp\/wp-json\/wp\/v2\/product"}],"about":[{"href":"https:\/\/saxsim.ee\/swp\/wp-json\/wp\/v2\/types\/product"}],"replies":[{"embeddable":true,"href":"https:\/\/saxsim.ee\/swp\/wp-json\/wp\/v2\/comments?post=15010"}],"wp:featuredmedia":[{"embeddable":true,"href":"https:\/\/saxsim.ee\/swp\/wp-json\/wp\/v2\/media\/15011"}],"wp:attachment":[{"href":"https:\/\/saxsim.ee\/swp\/wp-json\/wp\/v2\/media?parent=15010"}],"wp:term":[{"taxonomy":"product_cat","embeddable":true,"href":"https:\/\/saxsim.ee\/swp\/wp-json\/wp\/v2\/product_cat?post=15010"},{"taxonomy":"product_tag","embeddable":true,"href":"https:\/\/saxsim.ee\/swp\/wp-json\/wp\/v2\/product_tag?post=15010"}],"curies":[{"name":"wp","href":"https:\/\/api.w.org\/{rel}","templated":true}]}}