{"id":15006,"date":"2025-08-26T09:04:38","date_gmt":"2025-08-26T06:04:38","guid":{"rendered":"https:\/\/saxsim.ee\/swp\/?post_type=product&#038;p=15006"},"modified":"2025-08-26T09:15:48","modified_gmt":"2025-08-26T06:15:48","slug":"heo-helsinki-heat-protection-250-ml-kuumakaitse","status":"publish","type":"product","link":"https:\/\/saxsim.ee\/swp\/product\/heo-helsinki-heat-protection-250-ml-kuumakaitse\/","title":{"rendered":"He\u00f6 Helsinki Heat Protection 250 ml. &#8211; kuumakaitse"},"content":{"rendered":"<p>He\u00f6 Helsinki Heat Protection on kerge fikseerimisega kuumakaitsesprei. Kuumakaitse kaitseb juukseid termot\u00f6\u00f6tluse ( kuni 210\u00b0C ) p\u00f5hjustatud kahjustuste eest. Annab viimistlusele kerge p\u00fcsivuse.<\/p>\n<p><strong><u>Kasutamine<\/u>:<\/strong> Enne kasutamist raputada pudelit korralikult. Hoidke pudelit 20 cm kaugusel ja pihustage otse kuivadele v\u00f5i r\u00e4tikukuivadele juustele. Enne kuumusega t\u00f6\u00f6tlemist kammige juuksed l\u00e4bi.<\/p>\n","protected":false},"excerpt":{"rendered":"<p>He\u00f6 Helsinki Heat Protection on kerge fikseerimisega kuumakaitsesprei. Kuumakaitse kaitseb juukseid termot\u00f6\u00f6tluse ( kuni 210\u00b0C ) p\u00f5hjustatud kahjustuste eest. Annab viimistlusele kerge p\u00fcsivuse. Kasutamine: Enne kasutamist raputada pudelit korralikult. Hoidke pudelit 20 cm kaugusel ja pihustage otse kuivadele v\u00f5i r\u00e4tikukuivadele juustele. Enne kuumusega t\u00f6\u00f6tlemist kammige juuksed l\u00e4bi.<\/p>\n","protected":false},"featured_media":15007,"comment_status":"closed","ping_status":"closed","template":"","meta":[],"product_cat":[792,865,395,694],"product_tag":[],"class_list":{"0":"post-15006","1":"product","2":"type-product","3":"status-publish","4":"has-post-thumbnail","6":"product_cat-uued-tooted","7":"product_cat-heo-helsinki","8":"product_cat-juuksed","9":"product_cat-kuumakaitsed","11":"first","12":"instock","13":"taxable","14":"shipping-taxable","15":"purchasable","16":"product-type-simple"},"_links":{"self":[{"href":"https:\/\/saxsim.ee\/swp\/wp-json\/wp\/v2\/product\/15006"}],"collection":[{"href":"https:\/\/saxsim.ee\/swp\/wp-json\/wp\/v2\/product"}],"about":[{"href":"https:\/\/saxsim.ee\/swp\/wp-json\/wp\/v2\/types\/product"}],"replies":[{"embeddable":true,"href":"https:\/\/saxsim.ee\/swp\/wp-json\/wp\/v2\/comments?post=15006"}],"wp:featuredmedia":[{"embeddable":true,"href":"https:\/\/saxsim.ee\/swp\/wp-json\/wp\/v2\/media\/15007"}],"wp:attachment":[{"href":"https:\/\/saxsim.ee\/swp\/wp-json\/wp\/v2\/media?parent=15006"}],"wp:term":[{"taxonomy":"product_cat","embeddable":true,"href":"https:\/\/saxsim.ee\/swp\/wp-json\/wp\/v2\/product_cat?post=15006"},{"taxonomy":"product_tag","embeddable":true,"href":"https:\/\/saxsim.ee\/swp\/wp-json\/wp\/v2\/product_tag?post=15006"}],"curies":[{"name":"wp","href":"https:\/\/api.w.org\/{rel}","templated":true}]}}