{"id":14970,"date":"2025-08-12T12:29:15","date_gmt":"2025-08-12T09:29:15","guid":{"rendered":"https:\/\/saxsim.ee\/swp\/?post_type=product&#038;p=14970"},"modified":"2025-08-12T12:48:02","modified_gmt":"2025-08-12T09:48:02","slug":"heo-helsinki-dry-boost-spray-250-ml-kerge-tekstuurisprei","status":"publish","type":"product","link":"https:\/\/saxsim.ee\/swp\/product\/heo-helsinki-dry-boost-spray-250-ml-kerge-tekstuurisprei\/","title":{"rendered":"He\u00f6 Helsinki Dry Boost Spray 250 ml. &#8211; kerge tekstuurisprei"},"content":{"rendered":"<p>Kerge tekstuurisprei, mis annab juustele loomuliku vol\u00fc\u00fcmi ja toe. He\u00f6 Helsinki tekstuurispreiga saad kiiresti luua uue soengu. Pihusta juuste juurtele vol\u00fc\u00fcmi saamiseks v\u00f5i piki juuste pikkust tekstuuri lisamiseks. Sobib k\u00f5ikidele juukset\u00fc\u00fcpidele.<\/p>\n<p><strong><u>Kasutamine<\/u>:<\/strong> Enne kasutamist raputage pudelit korralikult. Soovitud tekstuuri saavutamiseks pihustage kuivadele juustele kihtidena umbes 15 cm kauguselt, keskendudes juustejuurtele ja peanahale. Vajadusel lisage toodet p\u00e4eva jooksul.<\/p>\n","protected":false},"excerpt":{"rendered":"<p>Kerge tekstuurisprei, mis annab juustele loomuliku vol\u00fc\u00fcmi ja toe. He\u00f6 Helsinki tekstuurispreiga saad kiiresti luua uue soengu. Pihusta juuste juurtele vol\u00fc\u00fcmi saamiseks v\u00f5i piki juuste pikkust tekstuuri lisamiseks. Sobib k\u00f5ikidele juukset\u00fc\u00fcpidele. Kasutamine: Enne kasutamist raputage pudelit korralikult. Soovitud tekstuuri saavutamiseks pihustage kuivadele juustele kihtidena umbes 15 cm kauguselt, keskendudes juustejuurtele ja peanahale. Vajadusel lisage toodet [&hellip;]<\/p>\n","protected":false},"featured_media":14971,"comment_status":"closed","ping_status":"closed","template":"","meta":[],"product_cat":[792,865,395,681,693],"product_tag":[],"class_list":{"0":"post-14970","1":"product","2":"type-product","3":"status-publish","4":"has-post-thumbnail","6":"product_cat-uued-tooted","7":"product_cat-heo-helsinki","8":"product_cat-juuksed","9":"product_cat-viimistlus","10":"product_cat-juurespreid","12":"first","13":"instock","14":"taxable","15":"shipping-taxable","16":"purchasable","17":"product-type-simple"},"_links":{"self":[{"href":"https:\/\/saxsim.ee\/swp\/wp-json\/wp\/v2\/product\/14970"}],"collection":[{"href":"https:\/\/saxsim.ee\/swp\/wp-json\/wp\/v2\/product"}],"about":[{"href":"https:\/\/saxsim.ee\/swp\/wp-json\/wp\/v2\/types\/product"}],"replies":[{"embeddable":true,"href":"https:\/\/saxsim.ee\/swp\/wp-json\/wp\/v2\/comments?post=14970"}],"wp:featuredmedia":[{"embeddable":true,"href":"https:\/\/saxsim.ee\/swp\/wp-json\/wp\/v2\/media\/14971"}],"wp:attachment":[{"href":"https:\/\/saxsim.ee\/swp\/wp-json\/wp\/v2\/media?parent=14970"}],"wp:term":[{"taxonomy":"product_cat","embeddable":true,"href":"https:\/\/saxsim.ee\/swp\/wp-json\/wp\/v2\/product_cat?post=14970"},{"taxonomy":"product_tag","embeddable":true,"href":"https:\/\/saxsim.ee\/swp\/wp-json\/wp\/v2\/product_tag?post=14970"}],"curies":[{"name":"wp","href":"https:\/\/api.w.org\/{rel}","templated":true}]}}