{"id":14965,"date":"2025-08-12T11:52:51","date_gmt":"2025-08-12T08:52:51","guid":{"rendered":"https:\/\/saxsim.ee\/swp\/?post_type=product&#038;p=14965"},"modified":"2025-08-12T12:09:36","modified_gmt":"2025-08-12T09:09:36","slug":"heo-helsinki-styling-mousse-250-ml-kuumakaitsega-voluumivaht","status":"publish","type":"product","link":"https:\/\/saxsim.ee\/swp\/product\/heo-helsinki-styling-mousse-250-ml-kuumakaitsega-voluumivaht\/","title":{"rendered":"He\u00f6 Helsinki Styling Mousse 250 ml. &#8211; kuumakaitsega vol\u00fc\u00fcmivaht"},"content":{"rendered":"<p>Kuumakaitset sisaldav vol\u00fc\u00fcmivaht. Annab vol\u00fc\u00fcmi ja muudab juuksed kergesti kammitavateks. Juuksed muutuvad kohevaks ja eluj\u00f5ulisteks juurtest otsteni. Lihtne rullharjaga f\u00f6\u00f6nitada.<\/p>\n<p><strong><u>Kasutamine<\/u>:<\/strong> Enne kasutamist raputage pudelit korralikult. Kandke vaht pestud, r\u00e4tikuga kuivatatud juustele. Kammige juukseid juurtest otsteni, et vaht \u00fchtlaselt jaotuks. Viimistlege juukseid nagu tavaliselt. \u00c4rge loputage vahtu v\u00e4lja.<\/p>\n","protected":false},"excerpt":{"rendered":"<p>Kuumakaitset sisaldav vol\u00fc\u00fcmivaht. Annab vol\u00fc\u00fcmi ja muudab juuksed kergesti kammitavateks. Juuksed muutuvad kohevaks ja eluj\u00f5ulisteks juurtest otsteni. Lihtne rullharjaga f\u00f6\u00f6nitada. Kasutamine: Enne kasutamist raputage pudelit korralikult. Kandke vaht pestud, r\u00e4tikuga kuivatatud juustele. Kammige juukseid juurtest otsteni, et vaht \u00fchtlaselt jaotuks. Viimistlege juukseid nagu tavaliselt. \u00c4rge loputage vahtu v\u00e4lja.<\/p>\n","protected":false},"featured_media":14966,"comment_status":"closed","ping_status":"closed","template":"","meta":[],"product_cat":[792,865,395,681,682],"product_tag":[],"class_list":{"0":"post-14965","1":"product","2":"type-product","3":"status-publish","4":"has-post-thumbnail","6":"product_cat-uued-tooted","7":"product_cat-heo-helsinki","8":"product_cat-juuksed","9":"product_cat-viimistlus","10":"product_cat-juuksevahud","12":"first","13":"instock","14":"taxable","15":"shipping-taxable","16":"purchasable","17":"product-type-simple"},"_links":{"self":[{"href":"https:\/\/saxsim.ee\/swp\/wp-json\/wp\/v2\/product\/14965"}],"collection":[{"href":"https:\/\/saxsim.ee\/swp\/wp-json\/wp\/v2\/product"}],"about":[{"href":"https:\/\/saxsim.ee\/swp\/wp-json\/wp\/v2\/types\/product"}],"replies":[{"embeddable":true,"href":"https:\/\/saxsim.ee\/swp\/wp-json\/wp\/v2\/comments?post=14965"}],"wp:featuredmedia":[{"embeddable":true,"href":"https:\/\/saxsim.ee\/swp\/wp-json\/wp\/v2\/media\/14966"}],"wp:attachment":[{"href":"https:\/\/saxsim.ee\/swp\/wp-json\/wp\/v2\/media?parent=14965"}],"wp:term":[{"taxonomy":"product_cat","embeddable":true,"href":"https:\/\/saxsim.ee\/swp\/wp-json\/wp\/v2\/product_cat?post=14965"},{"taxonomy":"product_tag","embeddable":true,"href":"https:\/\/saxsim.ee\/swp\/wp-json\/wp\/v2\/product_tag?post=14965"}],"curies":[{"name":"wp","href":"https:\/\/api.w.org\/{rel}","templated":true}]}}