{"id":14963,"date":"2025-08-12T11:45:49","date_gmt":"2025-08-12T08:45:49","guid":{"rendered":"https:\/\/saxsim.ee\/swp\/?post_type=product&#038;p=14963"},"modified":"2025-08-12T11:50:54","modified_gmt":"2025-08-12T08:50:54","slug":"heo-helsinki-hairspray-strong-300-ml-tugev-juukselakk","status":"publish","type":"product","link":"https:\/\/saxsim.ee\/swp\/product\/heo-helsinki-hairspray-strong-300-ml-tugev-juukselakk\/","title":{"rendered":"He\u00f6 Helsinki Hairspray Strong 300 ml. &#8211; tugev juukselakk"},"content":{"rendered":"<p>Kiiresti kuivav,\u00a0 tugeva fikseerimisega juukselakk. Annab soengule tugeva ja kauakestva toe, mis p\u00fcsib kogu p\u00e4eva.<\/p>\n<p><strong><u>Kasutamine<\/u>:<\/strong> Peale soengu tegemist, pihustage kuivadele juustele umbes 25 cm kauguselt. Kasutage \u00fcksi v\u00f5i koos teiste toodetega.<\/p>\n","protected":false},"excerpt":{"rendered":"<p>Kiiresti kuivav,\u00a0 tugeva fikseerimisega juukselakk. Annab soengule tugeva ja kauakestva toe, mis p\u00fcsib kogu p\u00e4eva. Kasutamine: Peale soengu tegemist, pihustage kuivadele juustele umbes 25 cm kauguselt. Kasutage \u00fcksi v\u00f5i koos teiste toodetega.<\/p>\n","protected":false},"featured_media":14964,"comment_status":"closed","ping_status":"closed","template":"","meta":[],"product_cat":[792,865,395,681,680],"product_tag":[],"class_list":{"0":"post-14963","1":"product","2":"type-product","3":"status-publish","4":"has-post-thumbnail","6":"product_cat-uued-tooted","7":"product_cat-heo-helsinki","8":"product_cat-juuksed","9":"product_cat-viimistlus","10":"product_cat-juukselakid","12":"first","13":"instock","14":"taxable","15":"shipping-taxable","16":"purchasable","17":"product-type-simple"},"_links":{"self":[{"href":"https:\/\/saxsim.ee\/swp\/wp-json\/wp\/v2\/product\/14963"}],"collection":[{"href":"https:\/\/saxsim.ee\/swp\/wp-json\/wp\/v2\/product"}],"about":[{"href":"https:\/\/saxsim.ee\/swp\/wp-json\/wp\/v2\/types\/product"}],"replies":[{"embeddable":true,"href":"https:\/\/saxsim.ee\/swp\/wp-json\/wp\/v2\/comments?post=14963"}],"wp:featuredmedia":[{"embeddable":true,"href":"https:\/\/saxsim.ee\/swp\/wp-json\/wp\/v2\/media\/14964"}],"wp:attachment":[{"href":"https:\/\/saxsim.ee\/swp\/wp-json\/wp\/v2\/media?parent=14963"}],"wp:term":[{"taxonomy":"product_cat","embeddable":true,"href":"https:\/\/saxsim.ee\/swp\/wp-json\/wp\/v2\/product_cat?post=14963"},{"taxonomy":"product_tag","embeddable":true,"href":"https:\/\/saxsim.ee\/swp\/wp-json\/wp\/v2\/product_tag?post=14963"}],"curies":[{"name":"wp","href":"https:\/\/api.w.org\/{rel}","templated":true}]}}