{"id":14929,"date":"2025-08-07T12:26:47","date_gmt":"2025-08-07T09:26:47","guid":{"rendered":"https:\/\/saxsim.ee\/swp\/?post_type=product&#038;p=14929"},"modified":"2025-08-07T13:15:49","modified_gmt":"2025-08-07T10:15:49","slug":"heo-helsinki-cool-conditioner-300-ml-hobedane-palsam-toodeldud-juustele","status":"publish","type":"product","link":"https:\/\/saxsim.ee\/swp\/product\/heo-helsinki-cool-conditioner-300-ml-hobedane-palsam-toodeldud-juustele\/","title":{"rendered":"He\u00f6 Helsinki Cool Conditioner 300 ml. &#8211; h\u00f5bedane palsam t\u00f6\u00f6deldud juustele"},"content":{"rendered":"<p>He\u00f6 Helsinki Cool Conditioner on niisutav h\u00f5bepalsam t\u00f6\u00f6deldud juustele. T\u00f5husalt niisutavad koostisained hooldavad juukseid pikaajaliselt, mis kestab isegi kuni 5 pesukorda. Juuksed on pikalt siidiselt pehmed ja kergesti k\u00e4sitletavad. Rikkaliku ja tugeva pigmendiga palsam neutraliseerib juustest t\u00f5husalt soovimatud soojad toonid, andes juustele k\u00fclma tooni ja ilusa l\u00e4ike. Sobib ka tumedatele juustele.<\/p>\n<p><strong><u>Kasutamine<\/u>:<\/strong> Kandke palsam r\u00e4tikuga kuivatatud juustesse, laske m\u00f5juda 2-5 minutit ja loputage hoolikalt.<\/p>\n","protected":false},"excerpt":{"rendered":"<p>He\u00f6 Helsinki Cool Conditioner on niisutav h\u00f5bepalsam t\u00f6\u00f6deldud juustele. T\u00f5husalt niisutavad koostisained hooldavad juukseid pikaajaliselt, mis kestab isegi kuni 5 pesukorda. Juuksed on pikalt siidiselt pehmed ja kergesti k\u00e4sitletavad. Rikkaliku ja tugeva pigmendiga palsam neutraliseerib juustest t\u00f5husalt soovimatud soojad toonid, andes juustele k\u00fclma tooni ja ilusa l\u00e4ike. Sobib ka tumedatele juustele. Kasutamine: Kandke palsam r\u00e4tikuga [&hellip;]<\/p>\n","protected":false},"featured_media":14930,"comment_status":"closed","ping_status":"closed","template":"","meta":[],"product_cat":[792,865,395,660],"product_tag":[],"class_list":{"0":"post-14929","1":"product","2":"type-product","3":"status-publish","4":"has-post-thumbnail","6":"product_cat-uued-tooted","7":"product_cat-heo-helsinki","8":"product_cat-juuksed","9":"product_cat-palsamid","11":"first","12":"instock","13":"taxable","14":"shipping-taxable","15":"purchasable","16":"product-type-simple"},"_links":{"self":[{"href":"https:\/\/saxsim.ee\/swp\/wp-json\/wp\/v2\/product\/14929"}],"collection":[{"href":"https:\/\/saxsim.ee\/swp\/wp-json\/wp\/v2\/product"}],"about":[{"href":"https:\/\/saxsim.ee\/swp\/wp-json\/wp\/v2\/types\/product"}],"replies":[{"embeddable":true,"href":"https:\/\/saxsim.ee\/swp\/wp-json\/wp\/v2\/comments?post=14929"}],"wp:featuredmedia":[{"embeddable":true,"href":"https:\/\/saxsim.ee\/swp\/wp-json\/wp\/v2\/media\/14930"}],"wp:attachment":[{"href":"https:\/\/saxsim.ee\/swp\/wp-json\/wp\/v2\/media?parent=14929"}],"wp:term":[{"taxonomy":"product_cat","embeddable":true,"href":"https:\/\/saxsim.ee\/swp\/wp-json\/wp\/v2\/product_cat?post=14929"},{"taxonomy":"product_tag","embeddable":true,"href":"https:\/\/saxsim.ee\/swp\/wp-json\/wp\/v2\/product_tag?post=14929"}],"curies":[{"name":"wp","href":"https:\/\/api.w.org\/{rel}","templated":true}]}}