{"id":14927,"date":"2025-08-07T12:09:54","date_gmt":"2025-08-07T09:09:54","guid":{"rendered":"https:\/\/saxsim.ee\/swp\/?post_type=product&#038;p=14927"},"modified":"2025-08-07T12:26:27","modified_gmt":"2025-08-07T09:26:27","slug":"heo-helsinki-cool-shampoo-300-ml-niisutav-hobesampoon-toodeldud-juustele","status":"publish","type":"product","link":"https:\/\/saxsim.ee\/swp\/product\/heo-helsinki-cool-shampoo-300-ml-niisutav-hobesampoon-toodeldud-juustele\/","title":{"rendered":"He\u00f6 Helsinki Cool Shampoo 300 ml. &#8211; niisutav h\u00f5be\u0161ampoon t\u00f6\u00f6deldud juustele"},"content":{"rendered":"<p>He\u00f6 Helsinki Cool Shampoo on niisutav, sulfaadivaba h\u00f5be\u0161ampoon t\u00f6\u00f6deldud juustele. Rikkaliku ja tugeva pigmendiga \u0161ampoon neutraliseerib juustest t\u00f5husalt soovimatud soojad toonid, andes juustele k\u00fclma tooni ja ilusa l\u00e4ike. T\u00f5husalt niisutavad koostisained hooldavad ja muudavad juuksed siidiselt pehmeteks ja kergesti k\u00e4sitletavateks. Sobib ka tumedatele juustele. Sisaldab UV-kaitset.<\/p>\n<p><strong><u>Kasutamine<\/u>:<\/strong> Kandke \u0161ampoon niisketele juustele, masseerige kergelt, laske m\u00f5juda 1-5 minutit ja loputage hoolikalt.<\/p>\n","protected":false},"excerpt":{"rendered":"<p>He\u00f6 Helsinki Cool Shampoo on niisutav, sulfaadivaba h\u00f5be\u0161ampoon t\u00f6\u00f6deldud juustele. Rikkaliku ja tugeva pigmendiga \u0161ampoon neutraliseerib juustest t\u00f5husalt soovimatud soojad toonid, andes juustele k\u00fclma tooni ja ilusa l\u00e4ike. T\u00f5husalt niisutavad koostisained hooldavad ja muudavad juuksed siidiselt pehmeteks ja kergesti k\u00e4sitletavateks. Sobib ka tumedatele juustele. Sisaldab UV-kaitset. Kasutamine: Kandke \u0161ampoon niisketele juustele, masseerige kergelt, laske m\u00f5juda [&hellip;]<\/p>\n","protected":false},"featured_media":14928,"comment_status":"closed","ping_status":"closed","template":"","meta":[],"product_cat":[792,865,395,659],"product_tag":[],"class_list":{"0":"post-14927","1":"product","2":"type-product","3":"status-publish","4":"has-post-thumbnail","6":"product_cat-uued-tooted","7":"product_cat-heo-helsinki","8":"product_cat-juuksed","9":"product_cat-sampoonid","11":"first","12":"instock","13":"taxable","14":"shipping-taxable","15":"purchasable","16":"product-type-simple"},"_links":{"self":[{"href":"https:\/\/saxsim.ee\/swp\/wp-json\/wp\/v2\/product\/14927"}],"collection":[{"href":"https:\/\/saxsim.ee\/swp\/wp-json\/wp\/v2\/product"}],"about":[{"href":"https:\/\/saxsim.ee\/swp\/wp-json\/wp\/v2\/types\/product"}],"replies":[{"embeddable":true,"href":"https:\/\/saxsim.ee\/swp\/wp-json\/wp\/v2\/comments?post=14927"}],"wp:featuredmedia":[{"embeddable":true,"href":"https:\/\/saxsim.ee\/swp\/wp-json\/wp\/v2\/media\/14928"}],"wp:attachment":[{"href":"https:\/\/saxsim.ee\/swp\/wp-json\/wp\/v2\/media?parent=14927"}],"wp:term":[{"taxonomy":"product_cat","embeddable":true,"href":"https:\/\/saxsim.ee\/swp\/wp-json\/wp\/v2\/product_cat?post=14927"},{"taxonomy":"product_tag","embeddable":true,"href":"https:\/\/saxsim.ee\/swp\/wp-json\/wp\/v2\/product_tag?post=14927"}],"curies":[{"name":"wp","href":"https:\/\/api.w.org\/{rel}","templated":true}]}}